{"id":9880,"date":"2023-09-13T10:30:22","date_gmt":"2023-09-13T13:30:22","guid":{"rendered":"https:\/\/des-ers.infd.edu.ar\/sitio\/?page_id=9880"},"modified":"2023-09-13T10:40:37","modified_gmt":"2023-09-13T13:40:37","slug":"convocatoria-provincial-2022","status":"publish","type":"page","link":"https:\/\/des-ers.infd.edu.ar\/sitio\/convocatoria-provincial-2022\/","title":{"rendered":"Convocatoria Provincial 2022"},"content":{"rendered":"\n<div class=\"wp-block-cover is-light\" style=\"min-height:57px\"><span aria-hidden=\"true\" class=\"wp-block-cover__background has-background-dim-100 has-background-dim has-background-gradient has-electric-grass-gradient-background\"><\/span><div class=\"wp-block-cover__inner-container\">\n<p class=\"has-text-align-center has-medium-font-size\">Convocatoria Provincial 2022<\/p>\n<\/div><\/div>\n\n\n\n<p>1) <strong>Representaciones en torno a la transversalidad de la ESI en 4to a\u00f1o de los Profesorados<br>de Educaci\u00f3n Secundaria en Matem\u00e1tica, Historia y Educaci\u00f3n Primaria<\/strong> del ISFD Prof.<br>Rogelio Leites. Instituto Superior de Formaci\u00f3n Docente Profesor Rogelio Leites.<br>Coordinador: Torres, Exequiel.<\/p>\n\n\n\n<p>2) <strong>Igualdad Educativa, Modelos Pedag\u00f3gicos y Trayectorias Formativas en los Profesorados<br>de Matem\u00e1tica y Biolog\u00eda <\/strong>del IES \u201cDr. Luis F. Leloir\u201d. Instituto de Educaci\u00f3n Superior Dr.<br>Luis F. Leloir. Coordinadora: Gervasoni, Carolina.<\/p>\n\n\n\n<p>3) <strong>Procesos de inclusi\u00f3n de PCD en las escuelas primarias rurales asociadas al ITSC.<br>Puntos de encuentro y de desencuentro entre la modalidad de educaci\u00f3n especial y la<br>escuela com\u00fan en el \u00e1mbito de la educaci\u00f3n rural<\/strong>. Instituto T\u00e9cnico Superior Cerrito.<br>Coordinador: Siebenhar, Mart\u00edn.<\/p>\n\n\n\n<p>4) <strong>Las pr\u00e1cticas de lectura y escritura: un an\u00e1lisis de su abordaje en las did\u00e1cticas<br>espec\u00edficas del Profesorado de Educaci\u00f3n Primaria<\/strong>, del ITS de Cerrito, durante el a\u00f1o 2023.<br>Instituto T\u00e9cnico Superior Cerrito. Coordinadora: Godoy, Daniela.<\/p>\n\n\n\n<p>5) <strong>Repensar la alfabetizaci\u00f3n acad\u00e9mica como corresponsabilidad entre estudiantes y<br>docentes <\/strong>en el ISFD \u201cChajar\u00ed\u201d. Instituto Superior de Formaci\u00f3n Docente Chajar\u00ed.<br>Coordinadora: Panozzo, Marisela.<\/p>\n\n\n\n<p>6) <strong>Educaci\u00f3n Ambiental: representaciones de estudiantes de los Profesorados de<br>Educaci\u00f3n Inicial y Educaci\u00f3n Primaria<\/strong> del Instituto Formador. Escuela Normal Superior<br>Osvaldo Magnasco. Coordinador: Villarroel, Juan Jos\u00e9.<\/p>\n\n\n\n<p>7) <strong>Alfabetizaci\u00f3n avanzada: las actividades de lectura y escritura en las propuestas de<br>ense\u00f1anza de Ciencias Sociales del sexto grado de las escuelas primarias asociadas<\/strong> <strong>al<br>ISFD Rogelio Leites<\/strong>. Instituto Superior de Formaci\u00f3n Docente Profesor Rogelio Leites.<br>Coordinadora: Olivari, Gabriela.<\/p>\n\n\n\n<p>8) <strong>ESI con perspectiva de g\u00e9nero en la formaci\u00f3n docente: aportes de las pr\u00e1cticas<br>pedag\u00f3gicas de ESI desarrolladas en las instituciones co-formadoras a los estudiantes del<br>Profesorado de M\u00fasica con Orientaci\u00f3n en Educaci\u00f3n Musical<\/strong>. Escuela Municipal de M\u00fasica<br>Justo Jos\u00e9 de Urquiza. Coordinadora: P\u00e9rez, Mar\u00eda Luisa.<\/p>\n\n\n\n<p>9) <strong>Sujetos, contextos y su relaci\u00f3n en las propuestas de ense\u00f1anza de las Ciencias<br>Sociales en la formaci\u00f3n docente inicial<\/strong>. Escuela Normal Superior Olegario V\u00edctor Andrade.<br>Coordinadora: Almada, Gabriela.<\/p>\n\n\n\n<p>10) <strong>Los imaginarios sociales de profesores\/as en torno a la inclusi\u00f3n de estudiantes con<br>discapacidad en tres profesorados de educaci\u00f3n secundaria<\/strong>. El caso de un instituto de<br>Educaci\u00f3n Superior de la provincia de Entre R\u00edos. Instituto de Educaci\u00f3n Superior Pbro.<br>Orlando Bottegal. Coordinadora: Ledezma, J\u00e9sica.<\/p>\n\n\n\n<p>11)<strong> Inclusi\u00f3n educativa en el nivel inicial. Un estudio exploratorio de las pr\u00e1cticas que<br>despliegan docentes noveles<\/strong>. Instituto Superior Diamante. Coordinadora: Vallone, Evelyn.<\/p>\n\n\n\n<p>12) <strong>Los dispositivos formativos de la Pr\u00e1ctica Docente en contexto de Islas<\/strong>. Instituto<br>Superior de Formaci\u00f3n Docente Continua Villa Paranacito. Coordinadora: Pe\u00f1alba, Leila.<\/p>\n\n\n<div class=\"wp-block-image\">\n<figure class=\"aligncenter size-full is-resized\"><img decoding=\"async\" loading=\"lazy\" src=\"https:\/\/des-ers.infd.edu.ar\/sitio\/wp-content\/uploads\/2023\/07\/image.png\" alt=\"\" class=\"wp-image-9762\" width=\"189\" height=\"50\"\/><\/figure><\/div>","protected":false},"excerpt":{"rendered":"<p>1) Representaciones en torno a la transversalidad de la ESI en 4to a\u00f1o de los Profesoradosde Educaci\u00f3n Secundaria en Matem\u00e1tica, Historia y Educaci\u00f3n Primaria del ISFD Prof.Rogelio Leites. Instituto Superior de Formaci\u00f3n Docente Profesor Rogelio Leites.Coordinador: Torres, Exequiel. 2) Igualdad Educativa, Modelos Pedag\u00f3gicos y Trayectorias Formativas en los Profesoradosde Matem\u00e1tica y Biolog\u00eda del IES \u201cDr. &#8230; <a title=\"Convocatoria Provincial 2022\" class=\"read-more\" href=\"https:\/\/des-ers.infd.edu.ar\/sitio\/convocatoria-provincial-2022\/\" aria-label=\"More on Convocatoria Provincial 2022\">[+]<\/a><\/p>\n","protected":false},"author":15210,"featured_media":0,"parent":0,"menu_order":0,"comment_status":"closed","ping_status":"closed","template":"","meta":[],"acf":[],"_links":{"self":[{"href":"https:\/\/des-ers.infd.edu.ar\/sitio\/wp-json\/wp\/v2\/pages\/9880"}],"collection":[{"href":"https:\/\/des-ers.infd.edu.ar\/sitio\/wp-json\/wp\/v2\/pages"}],"about":[{"href":"https:\/\/des-ers.infd.edu.ar\/sitio\/wp-json\/wp\/v2\/types\/page"}],"author":[{"embeddable":true,"href":"https:\/\/des-ers.infd.edu.ar\/sitio\/wp-json\/wp\/v2\/users\/15210"}],"replies":[{"embeddable":true,"href":"https:\/\/des-ers.infd.edu.ar\/sitio\/wp-json\/wp\/v2\/comments?post=9880"}],"version-history":[{"count":3,"href":"https:\/\/des-ers.infd.edu.ar\/sitio\/wp-json\/wp\/v2\/pages\/9880\/revisions"}],"predecessor-version":[{"id":9888,"href":"https:\/\/des-ers.infd.edu.ar\/sitio\/wp-json\/wp\/v2\/pages\/9880\/revisions\/9888"}],"wp:attachment":[{"href":"https:\/\/des-ers.infd.edu.ar\/sitio\/wp-json\/wp\/v2\/media?parent=9880"}],"curies":[{"name":"wp","href":"https:\/\/api.w.org\/{rel}","templated":true}]}}