{"id":9043,"date":"2023-03-01T11:09:28","date_gmt":"2023-03-01T14:09:28","guid":{"rendered":"https:\/\/des-ers.infd.edu.ar\/sitio\/?page_id=9043"},"modified":"2023-03-06T10:35:16","modified_gmt":"2023-03-06T13:35:16","slug":"2023-3","status":"publish","type":"page","link":"https:\/\/des-ers.infd.edu.ar\/sitio\/2023-3\/","title":{"rendered":"2023"},"content":{"rendered":"\n<div class=\"wp-block-cover is-light\" style=\"min-height:64px\"><span aria-hidden=\"true\" class=\"wp-block-cover__background has-background-dim-70 has-background-dim has-background-gradient has-electric-grass-gradient-background\"><\/span><div class=\"wp-block-cover__inner-container\">\n<p class=\"has-text-align-center has-medium-font-size\">Resoluciones 2023<\/p>\n<\/div><\/div>\n\n\n\n<div class=\"wp-block-file\"><object class=\"wp-block-file__embed\" data=\"https:\/\/des-ers.infd.edu.ar\/sitio\/wp-content\/uploads\/2023\/03\/0686-23-CGE-Aprueba-Documento-Marco-Orientador-para-las-Practicas-Profesionalizantes-de-la-Educacion-Tecnico-Profesional-de-Nivel-Superior-.pdf\" type=\"application\/pdf\" style=\"width:100%;height:398px\" aria-label=\"Incrustado de 0686-23 CGE Aprueba Documento Marco Orientador para las Pr\u00e1cticas Profesionalizantes de la Educaci\u00f3n T\u00e9cnico Profesional de Nivel Superior-.\"><\/object><a id=\"wp-block-file--media-8d23635a-4da1-424e-bb51-fc88f0b2786d\" href=\"https:\/\/des-ers.infd.edu.ar\/sitio\/wp-content\/uploads\/2023\/03\/0686-23-CGE-Aprueba-Documento-Marco-Orientador-para-las-Practicas-Profesionalizantes-de-la-Educacion-Tecnico-Profesional-de-Nivel-Superior-.pdf\" target=\"_blank\" rel=\"noreferrer noopener\">0686-23 CGE Aprueba Documento Marco Orientador para las Pr\u00e1cticas Profesionalizantes de la Educaci\u00f3n T\u00e9cnico Profesional de Nivel Superior-<\/a><a href=\"https:\/\/des-ers.infd.edu.ar\/sitio\/wp-content\/uploads\/2023\/03\/0686-23-CGE-Aprueba-Documento-Marco-Orientador-para-las-Practicas-Profesionalizantes-de-la-Educacion-Tecnico-Profesional-de-Nivel-Superior-.pdf\" class=\"wp-block-file__button wp-element-button\" download aria-describedby=\"wp-block-file--media-8d23635a-4da1-424e-bb51-fc88f0b2786d\">Descarga<\/a><\/div>\n\n\n\n<hr class=\"wp-block-separator has-alpha-channel-opacity\"\/>\n","protected":false},"excerpt":{"rendered":"","protected":false},"author":15210,"featured_media":0,"parent":0,"menu_order":0,"comment_status":"closed","ping_status":"closed","template":"","meta":[],"acf":[],"_links":{"self":[{"href":"https:\/\/des-ers.infd.edu.ar\/sitio\/wp-json\/wp\/v2\/pages\/9043"}],"collection":[{"href":"https:\/\/des-ers.infd.edu.ar\/sitio\/wp-json\/wp\/v2\/pages"}],"about":[{"href":"https:\/\/des-ers.infd.edu.ar\/sitio\/wp-json\/wp\/v2\/types\/page"}],"author":[{"embeddable":true,"href":"https:\/\/des-ers.infd.edu.ar\/sitio\/wp-json\/wp\/v2\/users\/15210"}],"replies":[{"embeddable":true,"href":"https:\/\/des-ers.infd.edu.ar\/sitio\/wp-json\/wp\/v2\/comments?post=9043"}],"version-history":[{"count":7,"href":"https:\/\/des-ers.infd.edu.ar\/sitio\/wp-json\/wp\/v2\/pages\/9043\/revisions"}],"predecessor-version":[{"id":9080,"href":"https:\/\/des-ers.infd.edu.ar\/sitio\/wp-json\/wp\/v2\/pages\/9043\/revisions\/9080"}],"wp:attachment":[{"href":"https:\/\/des-ers.infd.edu.ar\/sitio\/wp-json\/wp\/v2\/media?parent=9043"}],"curies":[{"name":"wp","href":"https:\/\/api.w.org\/{rel}","templated":true}]}}