{"id":8891,"date":"2023-02-22T17:52:55","date_gmt":"2023-02-22T20:52:55","guid":{"rendered":"https:\/\/des-ers.infd.edu.ar\/sitio\/?page_id=8891"},"modified":"2023-03-08T11:18:26","modified_gmt":"2023-03-08T14:18:26","slug":"2023-2","status":"publish","type":"page","link":"https:\/\/des-ers.infd.edu.ar\/sitio\/2023-2\/","title":{"rendered":"2023"},"content":{"rendered":"\n<div class=\"wp-block-cover is-light\" style=\"min-height:74px\"><span aria-hidden=\"true\" class=\"wp-block-cover__background has-background-dim-20 has-background-dim\"><\/span><img decoding=\"async\" loading=\"lazy\" width=\"638\" height=\"478\" class=\"wp-block-cover__image-background wp-image-8790\" alt=\"\" src=\"https:\/\/des-ers.infd.edu.ar\/sitio\/wp-content\/uploads\/2023\/02\/slider4.webp\" style=\"object-position:60% 77%\" data-object-fit=\"cover\" data-object-position=\"60% 77%\"\/><div class=\"wp-block-cover__inner-container\">\n<p class=\"has-text-align-center has-medium-font-size\">2023<\/p>\n<\/div><\/div>\n\n\n\n<div class=\"wp-block-file\"><object class=\"wp-block-file__embed\" data=\"https:\/\/des-ers.infd.edu.ar\/sitio\/wp-content\/uploads\/2023\/02\/DISPOSICION-001-23-DES-REFERENTES-TECNICOS-NIVEL-SUPERIOR.pdf\" type=\"application\/pdf\" style=\"width:100%;height:398px\" aria-label=\"Incrustado de DISPOSICION 001-23 DES - REFERENTES T\u00c9CNICOS | NIVEL SUPERIOR.\"><\/object><a id=\"wp-block-file--media-86989dc6-c0fa-4f5b-ae8a-607d220abb17\" href=\"https:\/\/des-ers.infd.edu.ar\/sitio\/wp-content\/uploads\/2023\/02\/DISPOSICION-001-23-DES-REFERENTES-TECNICOS-NIVEL-SUPERIOR.pdf\" target=\"_blank\" rel=\"noreferrer noopener\">DISPOSICION 001-23 DES &#8211; REFERENTES T\u00c9CNICOS | NIVEL SUPERIOR<\/a><a href=\"https:\/\/des-ers.infd.edu.ar\/sitio\/wp-content\/uploads\/2023\/02\/DISPOSICION-001-23-DES-REFERENTES-TECNICOS-NIVEL-SUPERIOR.pdf\" class=\"wp-block-file__button wp-element-button\" download aria-describedby=\"wp-block-file--media-86989dc6-c0fa-4f5b-ae8a-607d220abb17\">Descarga<\/a><\/div>\n\n\n\n<hr class=\"wp-block-separator has-alpha-channel-opacity\"\/>\n\n\n\n<div class=\"wp-block-file\"><object class=\"wp-block-file__embed\" data=\"https:\/\/des-ers.infd.edu.ar\/sitio\/wp-content\/uploads\/2023\/02\/Disposicion-002-23-DES-Aprueba-distribucion-horas-catedra-Coordinacion-CFPF-y-PF.pdf\" type=\"application\/pdf\" style=\"width:100%;height:400px\" aria-label=\"Incrustado de Disposici\u00f3n 002-23 DES - Aprueba distribuci\u00f3n de horas c\u00e1tedra | Coordinaci\u00f3n CFPF y PF.\"><\/object><a id=\"wp-block-file--media-78f02e7c-d6a6-44ee-8afd-6684b4f2b16d\" href=\"https:\/\/des-ers.infd.edu.ar\/sitio\/wp-content\/uploads\/2023\/02\/Disposicion-002-23-DES-Aprueba-distribucion-horas-catedra-Coordinacion-CFPF-y-PF.pdf\" target=\"_blank\" rel=\"noreferrer noopener\">Disposici\u00f3n 002-23 DES &#8211; Aprueba distribuci\u00f3n de horas c\u00e1tedra | Coordinaci\u00f3n CFPF y PF<\/a><a href=\"https:\/\/des-ers.infd.edu.ar\/sitio\/wp-content\/uploads\/2023\/02\/Disposicion-002-23-DES-Aprueba-distribucion-horas-catedra-Coordinacion-CFPF-y-PF.pdf\" class=\"wp-block-file__button wp-element-button\" download aria-describedby=\"wp-block-file--media-78f02e7c-d6a6-44ee-8afd-6684b4f2b16d\">Descarga<\/a><\/div>\n\n\n\n<hr class=\"wp-block-separator has-alpha-channel-opacity is-style-default\"\/>\n","protected":false},"excerpt":{"rendered":"","protected":false},"author":15210,"featured_media":0,"parent":0,"menu_order":0,"comment_status":"closed","ping_status":"closed","template":"","meta":[],"acf":[],"_links":{"self":[{"href":"https:\/\/des-ers.infd.edu.ar\/sitio\/wp-json\/wp\/v2\/pages\/8891"}],"collection":[{"href":"https:\/\/des-ers.infd.edu.ar\/sitio\/wp-json\/wp\/v2\/pages"}],"about":[{"href":"https:\/\/des-ers.infd.edu.ar\/sitio\/wp-json\/wp\/v2\/types\/page"}],"author":[{"embeddable":true,"href":"https:\/\/des-ers.infd.edu.ar\/sitio\/wp-json\/wp\/v2\/users\/15210"}],"replies":[{"embeddable":true,"href":"https:\/\/des-ers.infd.edu.ar\/sitio\/wp-json\/wp\/v2\/comments?post=8891"}],"version-history":[{"count":4,"href":"https:\/\/des-ers.infd.edu.ar\/sitio\/wp-json\/wp\/v2\/pages\/8891\/revisions"}],"predecessor-version":[{"id":9093,"href":"https:\/\/des-ers.infd.edu.ar\/sitio\/wp-json\/wp\/v2\/pages\/8891\/revisions\/9093"}],"wp:attachment":[{"href":"https:\/\/des-ers.infd.edu.ar\/sitio\/wp-json\/wp\/v2\/media?parent=8891"}],"curies":[{"name":"wp","href":"https:\/\/api.w.org\/{rel}","templated":true}]}}