{"id":8764,"date":"2023-02-13T13:59:50","date_gmt":"2023-02-13T16:59:50","guid":{"rendered":"https:\/\/des-ers.infd.edu.ar\/sitio\/?page_id=8764"},"modified":"2023-12-06T09:57:16","modified_gmt":"2023-12-06T12:57:16","slug":"tramas-saberes","status":"publish","type":"page","link":"https:\/\/des-ers.infd.edu.ar\/sitio\/tramas-saberes\/","title":{"rendered":"Tramas &#038; Saberes"},"content":{"rendered":"\n<div class=\"wp-block-cover is-light has-small-font-size\" style=\"min-height:83px\"><span aria-hidden=\"true\" class=\"wp-block-cover__background has-background-dim-0 has-background-dim\"><\/span><img decoding=\"async\" loading=\"lazy\" width=\"965\" height=\"632\" class=\"wp-block-cover__image-background wp-image-8582\" alt=\"\" src=\"https:\/\/des-ers.infd.edu.ar\/sitio\/wp-content\/uploads\/2022\/12\/Sin-titulo-1-08.png\" style=\"object-position:52% 67%\" data-object-fit=\"cover\" data-object-position=\"52% 67%\" srcset=\"https:\/\/des-ers.infd.edu.ar\/sitio\/wp-content\/uploads\/2022\/12\/Sin-titulo-1-08.png 965w, https:\/\/des-ers.infd.edu.ar\/sitio\/wp-content\/uploads\/2022\/12\/Sin-titulo-1-08-768x503.png 768w\" sizes=\"(max-width: 965px) 100vw, 965px\" \/><div class=\"wp-block-cover__inner-container\">\n<p><\/p>\n\n\n\n<p class=\"has-text-align-center has-base-3-color has-text-color has-medium-font-size\"><strong><mark style=\"background-color:rgba(0, 0, 0, 0)\" class=\"has-inline-color has-contrast-color\">Tramas &amp; Saberes<\/mark><\/strong><\/p>\n<\/div><\/div>\n\n\n\n<p>La revista se conforma como una publicaci\u00f3n de divulgaci\u00f3n cient\u00edfica, acad\u00e9mica y de producciones relacionadas a experiencias y pr\u00e1cticas de la formaci\u00f3n docente y el desarrollo profesional. La&nbsp;<strong>primera edici\u00f3n<\/strong><a rel=\"noreferrer noopener\" href=\"http:\/\/cge.entrerios.gov.ar\/2018\/12\/se-presento-la-revista-tramas-saberes-de-la-direccion-de-educacion-superior-del-cge\/\" target=\"_blank\"><em> <\/em><\/a><em>se lanz\u00f3 en 2018<\/em>&nbsp;en formato impreso y digital, y la&nbsp;<strong>segunda edici\u00f3n<\/strong><a rel=\"noreferrer noopener\" href=\"https:\/\/issuu.com\/revistatramasysaberes\/docs\/revista_consejo_2_dd3c0d0832c498\" target=\"_blank\"><em> <\/em><\/a><em>se public\u00f3 de forma digital en 2019<\/em>.<\/p>\n\n\n\n<p>En la <strong>tercera edici\u00f3n<\/strong>, publicada en el 2022, interesa problematizar sobre c\u00f3mo la emergencia sanitaria mundial interpel\u00f3 los modos de gesti\u00f3n y organizaci\u00f3n de las instituciones educativas, de las trayectorias formativas, del trabajo docente y la formaci\u00f3n superior.&nbsp;<\/p>\n\n\n\n<p>La <strong>cuarta edici\u00f3n<\/strong>, publicada en diciembre del a\u00f1o 2023, da cuenta en sus publicaciones la difusi\u00f3n del trabajo colectivo y los saberes producidos en contextos donde se fortalecen los consensos democr\u00e1ticos como garant\u00eda para dirimir los conflictos, poniendo en tensi\u00f3n -y abriendo di\u00e1logos entre- los marcos te\u00f3ricos, curriculares, normativos, los dispositivos dise\u00f1ados para garantizar la continuidad pedag\u00f3gica en \u00e9pocas de prohibiciones y las pr\u00e1cticas construidas en los espacios institucionales de formaci\u00f3n superior, desde un posicionamiento problematizador y reflexivo.<\/p>\n\n\n<div class=\"wp-block-image\">\n<figure class=\"aligncenter size-full is-resized\"><img decoding=\"async\" loading=\"lazy\" src=\"https:\/\/des-ers.infd.edu.ar\/sitio\/wp-content\/uploads\/2023\/03\/1era-TS.png\" alt=\"\" class=\"wp-image-9061\" width=\"479\" height=\"257\"\/><figcaption class=\"wp-element-caption\"><a href=\"https:\/\/issuu.com\/revistatramasysaberes\/docs\/revista_cge_tramas_y_saberes_nro_01\" data-type=\"URL\" data-id=\"https:\/\/issuu.com\/revistatramasysaberes\/docs\/revista_cge_tramas_y_saberes_nro_01\" target=\"_blank\" rel=\"noreferrer noopener\">Primera edici\u00f3n Revista Tramas &amp; Saberes | <strong>La investigaci\u00f3n educativa en los Institutos de Educaci\u00f3n Superior.<\/strong><\/a><\/figcaption><\/figure><\/div>\n\n<div class=\"wp-block-image\">\n<figure class=\"aligncenter size-full is-resized\"><img decoding=\"async\" loading=\"lazy\" src=\"https:\/\/des-ers.infd.edu.ar\/sitio\/wp-content\/uploads\/2023\/03\/2da-TS.png\" alt=\"\" class=\"wp-image-9062\" width=\"482\" height=\"350\"\/><figcaption class=\"wp-element-caption\"><a href=\"https:\/\/issuu.com\/revistatramasysaberes\/docs\/revista_consejo_2_dd3c0d0832c498\" data-type=\"URL\" data-id=\"https:\/\/issuu.com\/revistatramasysaberes\/docs\/revista_consejo_2_dd3c0d0832c498\" target=\"_blank\" rel=\"noreferrer noopener\">Segunda edici\u00f3n Revista Tramas &amp; Saberes | <strong>Los desaf\u00edos en las pr\u00e1cticas docentes en el Nivel Superior.<\/strong><\/a><\/figcaption><\/figure><\/div>\n\n<div class=\"wp-block-image\">\n<figure class=\"aligncenter size-full is-resized\"><img decoding=\"async\" loading=\"lazy\" src=\"https:\/\/des-ers.infd.edu.ar\/sitio\/wp-content\/uploads\/2023\/03\/3era-TS.png\" alt=\"\" class=\"wp-image-9063\" width=\"308\" height=\"410\"\/><figcaption class=\"wp-element-caption\"><a href=\"https:\/\/drive.google.com\/file\/d\/1vI3WexQtVFW0JenBRzDvJc-FdDDivzOf\/view?usp=sharing\" data-type=\"URL\" data-id=\"https:\/\/drive.google.com\/file\/d\/1vI3WexQtVFW0JenBRzDvJc-FdDDivzOf\/view?usp=sharing\" target=\"_blank\" rel=\"noreferrer noopener\">Tercera edici\u00f3n Revista Tramas &amp; Saberes | <strong>La Educaci\u00f3n Superior en contexto de pandemia.<\/strong><\/a><\/figcaption><\/figure><\/div>\n\n<div class=\"wp-block-image\">\n<figure class=\"aligncenter size-full is-resized\"><img decoding=\"async\" loading=\"lazy\" src=\"https:\/\/des-ers.infd.edu.ar\/sitio\/wp-content\/uploads\/2023\/12\/IMG-20231205-WA0011-1.jpg\" alt=\"\" class=\"wp-image-10109\" width=\"320\" height=\"454\"\/><figcaption class=\"wp-element-caption\"><a href=\"https:\/\/aprender.entrerios.edu.ar\/tramas-saberes-la-educacion-superior-en-perspectiva-historica-y-en-clave-democratica\/\" data-type=\"URL\" data-id=\"https:\/\/aprender.entrerios.edu.ar\/tramas-saberes-la-educacion-superior-en-perspectiva-historica-y-en-clave-democratica\/\" target=\"_blank\" rel=\"noreferrer noopener\">Cuarta edici\u00f3n Revista Tramas &amp; Saberes | <strong>La educaci\u00f3n superior en perspectiva hist\u00f3rica y en clave democr\u00e1tica<\/strong><\/a><\/figcaption><\/figure><\/div>\n\n<div class=\"wp-block-image\">\n<figure class=\"aligncenter size-full is-resized\"><img decoding=\"async\" loading=\"lazy\" src=\"https:\/\/des-ers.infd.edu.ar\/sitio\/wp-content\/uploads\/2023\/07\/image.png\" alt=\"\" class=\"wp-image-9762\" width=\"193\" height=\"51\"\/><\/figure><\/div>","protected":false},"excerpt":{"rendered":"<p>La revista se conforma como una publicaci\u00f3n de divulgaci\u00f3n cient\u00edfica, acad\u00e9mica y de producciones relacionadas a experiencias y pr\u00e1cticas de la formaci\u00f3n docente y el desarrollo profesional. La&nbsp;primera edici\u00f3n se lanz\u00f3 en 2018&nbsp;en formato impreso y digital, y la&nbsp;segunda edici\u00f3n se public\u00f3 de forma digital en 2019. En la tercera edici\u00f3n, publicada en el 2022, &#8230; <a title=\"Tramas &#038; Saberes\" class=\"read-more\" href=\"https:\/\/des-ers.infd.edu.ar\/sitio\/tramas-saberes\/\" aria-label=\"More on Tramas &#038; Saberes\">[+]<\/a><\/p>\n","protected":false},"author":15210,"featured_media":0,"parent":0,"menu_order":0,"comment_status":"closed","ping_status":"closed","template":"","meta":[],"acf":[],"_links":{"self":[{"href":"https:\/\/des-ers.infd.edu.ar\/sitio\/wp-json\/wp\/v2\/pages\/8764"}],"collection":[{"href":"https:\/\/des-ers.infd.edu.ar\/sitio\/wp-json\/wp\/v2\/pages"}],"about":[{"href":"https:\/\/des-ers.infd.edu.ar\/sitio\/wp-json\/wp\/v2\/types\/page"}],"author":[{"embeddable":true,"href":"https:\/\/des-ers.infd.edu.ar\/sitio\/wp-json\/wp\/v2\/users\/15210"}],"replies":[{"embeddable":true,"href":"https:\/\/des-ers.infd.edu.ar\/sitio\/wp-json\/wp\/v2\/comments?post=8764"}],"version-history":[{"count":20,"href":"https:\/\/des-ers.infd.edu.ar\/sitio\/wp-json\/wp\/v2\/pages\/8764\/revisions"}],"predecessor-version":[{"id":10115,"href":"https:\/\/des-ers.infd.edu.ar\/sitio\/wp-json\/wp\/v2\/pages\/8764\/revisions\/10115"}],"wp:attachment":[{"href":"https:\/\/des-ers.infd.edu.ar\/sitio\/wp-json\/wp\/v2\/media?parent=8764"}],"curies":[{"name":"wp","href":"https:\/\/api.w.org\/{rel}","templated":true}]}}