{"id":7956,"date":"2022-04-13T11:59:39","date_gmt":"2022-04-13T14:59:39","guid":{"rendered":"https:\/\/des-ers.infd.edu.ar\/sitio\/?page_id=7956"},"modified":"2022-04-13T12:07:04","modified_gmt":"2022-04-13T15:07:04","slug":"convocatoria-provincial-2020","status":"publish","type":"page","link":"https:\/\/des-ers.infd.edu.ar\/sitio\/convocatoria-provincial-2020\/","title":{"rendered":"Convocatoria Provincial 2020"},"content":{"rendered":"\n<div class=\"wp-block-cover has-light-green-cyan-background-color has-background-dim\" style=\"min-height:71px\"><div class=\"wp-block-cover__inner-container\">\n<p class=\"has-text-align-center\" style=\"font-size:27px\">Convocatoria Provincial 2020<\/p>\n<\/div><\/div>\n\n\n\n<p>1) <em>Investigaci\u00f3n &#8211; acci\u00f3n colaborativa una perspectiva metodol\u00f3gica para repensar la ense\u00f1anza de las fracciones en el segundo ciclo de la escuela primaria<\/em>. Escuela Normal Superior Olegario V\u00edctor Andrade: Coord. Villemur.<\/p>\n\n\n\n<p>2) <em>Educaci\u00f3n F\u00edsica, g\u00e9nero y masculinidades en el profesorado: trayectorias y deportes en (re) construcci\u00f3n<\/em>. Instituto de Educaci\u00f3n Superior de Paran\u00e1: Coord. Blestcher.<\/p>\n\n\n\n<p>3) <em>Trayectorias profesionales de noveles docentes y pandemia. El caso de lxs egresadxs del Instituto T\u00e9cnico Superior de Cerrito (2013-2015)<\/em>. Instituto T\u00e9cnico Superior de Cerrito: Coord. Siebenhar.<\/p>\n\n\n\n<p>4) <em>Transiciones y trayectorias de las\/os estudiantes de primer a\u00f1o de los Profesorados en Educaci\u00f3n Secundaria de Lengua y Matem\u00e1tica del Instituto Superior de Diamante. Efectos y alteraciones en tiempos de pospandemia<\/em>. Instituto Superior Diamante: Coord. Lenarduzzi.<\/p>\n\n\n\n<p>5) <em>La educaci\u00f3n de la primera infancia. Un estudio antropol\u00f3gico con docentes de Jardines Maternales en el contexto de ASPO<\/em>. Instituto Superior Diamante: Coord. Valdez.<\/p>\n\n\n\n<p>6) <em>Experiencias de formaci\u00f3n en las Pr\u00e1cticas Docentes IV en la variaci\u00f3n del formato escolar<\/em>. Instituto Superior de Formaci\u00f3n Docente Paulo Freire y Escuela Educaci\u00f3n T\u00e9cnica y Superior N\u00b0 1: Coord. Loose.<\/p>\n\n\n\n<p>7) <em>Educaci\u00f3n Sexual Integral: una mirada hacia el interior de las pr\u00e1cticas en la Formaci\u00f3n Docente del Instituto T\u00e9cnico Superior de Cerrito<\/em>. Instituto T\u00e9cnico Superior de Cerrito: Coord. Godoy.<\/p>\n\n\n\n<p>8) <em>Educar en el Nivel Superior en tiempos de pandemia. Formas discursivas y pr\u00e1cticas pedag\u00f3gicas en los docentes de los Profesorados de Ense\u00f1anza Primaria y Educaci\u00f3n Secundaria en Historia<\/em>. Instituto Superior de Formaci\u00f3n Docente Prof. Rogelio Leites: Coord. Torres.<\/p>\n\n\n\n<p>9) <em>Pr\u00e1cticas pedag\u00f3gicas y la identidad de g\u00e9nero en sala de cinco a\u00f1os<\/em>. Instituto Superior de Formaci\u00f3n Docente Chajar\u00ed. Coord. Sandri.<\/p>\n\n\n\n<p>10) <em>Igualdad Educativa, Modelos Pedag\u00f3gicos y Trayectorias Acad\u00e9micas en los Profesorados de Historia y Geograf\u00eda del IES \u201cDr. Luis F. Leloir\u201d<\/em>. Instituto de Educaci\u00f3n Superior Dr Luis Federico Leloir: Coord. Pintos.<\/p>\n\n\n\n<p>11) <em>Estrategias de ense\u00f1anza y trayectorias de los sujetos del Profesorado de Educaci\u00f3n Secundaria de la Modalidad T\u00e9cnico Profesional en Concurrencia con T\u00edtulo de Base en \u00e9poca de aislamiento social<\/em>. Escuela Normal Superior Olegario V\u00edctor Andrade: Coord. De Brabandere.<\/p>\n","protected":false},"excerpt":{"rendered":"<p>1) Investigaci\u00f3n &#8211; acci\u00f3n colaborativa una perspectiva metodol\u00f3gica para repensar la ense\u00f1anza de las fracciones en el segundo ciclo de la escuela primaria. Escuela Normal Superior Olegario V\u00edctor Andrade: Coord. Villemur. 2) Educaci\u00f3n F\u00edsica, g\u00e9nero y masculinidades en el profesorado: trayectorias y deportes en (re) construcci\u00f3n. Instituto de Educaci\u00f3n Superior de Paran\u00e1: Coord. Blestcher. 3) &#8230; <a title=\"Convocatoria Provincial 2020\" class=\"read-more\" href=\"https:\/\/des-ers.infd.edu.ar\/sitio\/convocatoria-provincial-2020\/\" aria-label=\"More on Convocatoria Provincial 2020\">[+]<\/a><\/p>\n","protected":false},"author":15210,"featured_media":0,"parent":0,"menu_order":0,"comment_status":"closed","ping_status":"closed","template":"","meta":[],"acf":[],"_links":{"self":[{"href":"https:\/\/des-ers.infd.edu.ar\/sitio\/wp-json\/wp\/v2\/pages\/7956"}],"collection":[{"href":"https:\/\/des-ers.infd.edu.ar\/sitio\/wp-json\/wp\/v2\/pages"}],"about":[{"href":"https:\/\/des-ers.infd.edu.ar\/sitio\/wp-json\/wp\/v2\/types\/page"}],"author":[{"embeddable":true,"href":"https:\/\/des-ers.infd.edu.ar\/sitio\/wp-json\/wp\/v2\/users\/15210"}],"replies":[{"embeddable":true,"href":"https:\/\/des-ers.infd.edu.ar\/sitio\/wp-json\/wp\/v2\/comments?post=7956"}],"version-history":[{"count":1,"href":"https:\/\/des-ers.infd.edu.ar\/sitio\/wp-json\/wp\/v2\/pages\/7956\/revisions"}],"predecessor-version":[{"id":7957,"href":"https:\/\/des-ers.infd.edu.ar\/sitio\/wp-json\/wp\/v2\/pages\/7956\/revisions\/7957"}],"wp:attachment":[{"href":"https:\/\/des-ers.infd.edu.ar\/sitio\/wp-json\/wp\/v2\/media?parent=7956"}],"curies":[{"name":"wp","href":"https:\/\/api.w.org\/{rel}","templated":true}]}}