{"id":7950,"date":"2022-04-13T11:52:27","date_gmt":"2022-04-13T14:52:27","guid":{"rendered":"https:\/\/des-ers.infd.edu.ar\/sitio\/?page_id=7950"},"modified":"2022-04-13T12:07:39","modified_gmt":"2022-04-13T15:07:39","slug":"convocatoria-provincial-2018","status":"publish","type":"page","link":"https:\/\/des-ers.infd.edu.ar\/sitio\/convocatoria-provincial-2018\/","title":{"rendered":"Convocatoria Provincial 2018"},"content":{"rendered":"\n<div class=\"wp-block-cover has-light-green-cyan-background-color has-background-dim\" style=\"min-height:66px\"><div class=\"wp-block-cover__inner-container\">\n<p class=\"has-text-align-center\" style=\"font-size:27px\">Convocatoria Provincial 2018<\/p>\n<\/div><\/div>\n\n\n\n<p>1) <em>Apropiaci\u00f3n de las tecnolog\u00edas de la comunicaci\u00f3n y la informaci\u00f3n en la Formaci\u00f3n Docente y su aplicaci\u00f3n en las pr\u00e1cticas pedag\u00f3gicas. Estudio de caso en el Instituto de Formaci\u00f3n Docente \u201cProf. Rogelio Leites\u201d en La Paz, Entre R\u00edos<\/em>. Instituto Superior de Formaci\u00f3n Docente Prof. Rogelio Leites: Coord. Signorini.&nbsp;<\/p>\n\n\n\n<p>2) <em>G\u00e9nero, masculinidades y Educaci\u00f3n F\u00edsica: di\u00e1logos entre la formaci\u00f3n y las pr\u00e1cticas escolares<\/em>. Instituto de Educaci\u00f3n Superior de Paran\u00e1: Coord. Blestcher.<\/p>\n\n\n\n<p>3) <em>Investigaci\u00f3n &#8211; acci\u00f3n colaborativa una perspectiva metodol\u00f3gica para repensar la ense\u00f1anza del sistema de numeraci\u00f3n en primer grado<\/em>. Escuela Normal Olegario Victor Andrade: Coord. Villemur.<\/p>\n\n\n\n<p>4) <em>Dispositivos para la formaci\u00f3n de los\/as estudiantes en los trayectos de la Pr\u00e1ctica de Residencia<\/em>. Escuela Normal Superior Osvaldo Magnasco: Coord. Villarroel.<\/p>\n\n\n\n<p>5) <em>Las representaciones sociales de los docentes de Pr\u00e1ctica IV y co-formadores sobre la formaci\u00f3n inicial en el IFD<\/em>. Escuela Normal Superior Martiniano Leguizam\u00f3n: Coord. Flores.<\/p>\n\n\n\n<p>6) <em>Mirar la praxis docente. An\u00e1lisis de consignas de trabajo para leer y escribir en la formaci\u00f3n terciaria<\/em>. Escuela Normal Superior Rep\u00fablica Oriental del Uruguay: Coord. Cejas.&nbsp;<\/p>\n\n\n\n<p>7)<em> Autoridad Pedag\u00f3gica en la Formaci\u00f3n Docente: Autorizados para habilitar<\/em>. Escuela Normal Superior Osvaldo Magnasco: Coord. Zabala.<\/p>\n\n\n\n<p>8)<em>Igualdad educativa, condiciones institucionales y trayectorias acad\u00e9micas en los profesorados de Historia y Geograf\u00eda del IES Dr. Luis F. Leloir<\/em>. Instituto de Educaci\u00f3n Superior Dr Luis Federico Leloir: Coord. Pintos.<\/p>\n","protected":false},"excerpt":{"rendered":"<p>1) Apropiaci\u00f3n de las tecnolog\u00edas de la comunicaci\u00f3n y la informaci\u00f3n en la Formaci\u00f3n Docente y su aplicaci\u00f3n en las pr\u00e1cticas pedag\u00f3gicas. Estudio de caso en el Instituto de Formaci\u00f3n Docente \u201cProf. Rogelio Leites\u201d en La Paz, Entre R\u00edos. Instituto Superior de Formaci\u00f3n Docente Prof. Rogelio Leites: Coord. Signorini.&nbsp; 2) G\u00e9nero, masculinidades y Educaci\u00f3n F\u00edsica: &#8230; <a title=\"Convocatoria Provincial 2018\" class=\"read-more\" href=\"https:\/\/des-ers.infd.edu.ar\/sitio\/convocatoria-provincial-2018\/\" aria-label=\"More on Convocatoria Provincial 2018\">[+]<\/a><\/p>\n","protected":false},"author":15210,"featured_media":0,"parent":0,"menu_order":0,"comment_status":"closed","ping_status":"closed","template":"","meta":[],"acf":[],"_links":{"self":[{"href":"https:\/\/des-ers.infd.edu.ar\/sitio\/wp-json\/wp\/v2\/pages\/7950"}],"collection":[{"href":"https:\/\/des-ers.infd.edu.ar\/sitio\/wp-json\/wp\/v2\/pages"}],"about":[{"href":"https:\/\/des-ers.infd.edu.ar\/sitio\/wp-json\/wp\/v2\/types\/page"}],"author":[{"embeddable":true,"href":"https:\/\/des-ers.infd.edu.ar\/sitio\/wp-json\/wp\/v2\/users\/15210"}],"replies":[{"embeddable":true,"href":"https:\/\/des-ers.infd.edu.ar\/sitio\/wp-json\/wp\/v2\/comments?post=7950"}],"version-history":[{"count":2,"href":"https:\/\/des-ers.infd.edu.ar\/sitio\/wp-json\/wp\/v2\/pages\/7950\/revisions"}],"predecessor-version":[{"id":7962,"href":"https:\/\/des-ers.infd.edu.ar\/sitio\/wp-json\/wp\/v2\/pages\/7950\/revisions\/7962"}],"wp:attachment":[{"href":"https:\/\/des-ers.infd.edu.ar\/sitio\/wp-json\/wp\/v2\/media?parent=7950"}],"curies":[{"name":"wp","href":"https:\/\/api.w.org\/{rel}","templated":true}]}}