{"id":7943,"date":"2022-04-13T11:41:56","date_gmt":"2022-04-13T14:41:56","guid":{"rendered":"https:\/\/des-ers.infd.edu.ar\/sitio\/?page_id=7943"},"modified":"2023-09-13T10:39:34","modified_gmt":"2023-09-13T13:39:34","slug":"proyectos-de-investigacion","status":"publish","type":"page","link":"https:\/\/des-ers.infd.edu.ar\/sitio\/proyectos-de-investigacion\/","title":{"rendered":"Proyectos de investigaci\u00f3n"},"content":{"rendered":"\n<div class=\"wp-block-cover is-light\" style=\"min-height:78px\"><span aria-hidden=\"true\" class=\"wp-block-cover__background has-background-dim-100 has-background-dim has-background-gradient\" style=\"background:linear-gradient(135deg,rgb(202,248,128) 0%,rgb(113,206,126) 65%)\"><\/span><div class=\"wp-block-cover__inner-container\">\n<p class=\"has-text-align-center\" style=\"font-size:24px\">Proyectos de investigaci\u00f3n<\/p>\n<\/div><\/div>\n\n\n\n<p>Desde el \u00c1rea de Investigaci\u00f3n de la Direcci\u00f3n de Educaci\u00f3n Superior se realizan convocatorias anuales a presentaci\u00f3n de proyectos de investigaci\u00f3n educativa, cuyos destinatarios son equipos de docentes y estudiantes de los Institutos de Educaci\u00f3n Superior de la provincia, seg\u00fan lo establece la Resoluci\u00f3n N\u00ba 1565\/17 CGE.<\/p>\n\n\n\n<p>Los proyectos que se ejecutan son aquellos que obtienen dictamen favorable de acuerdo con la evaluaci\u00f3n de la Comisi\u00f3n ad hoc conformada para tal fin.<\/p>\n\n\n\n<p>En esta secci\u00f3n encontrar\u00e1n el listado de los Proyectos de Investigaci\u00f3n desarrollados en las convocatorias realizadas desde 2017. Acceder\u00e1n a datos de los equipos de investigaci\u00f3n, a los res\u00famenes e informaci\u00f3n de contacto de aquellos que han presentado y aprobado el informe final.<\/p>\n\n\n\n<p>Este espacio tiene la finalidad de contribuir con la construcci\u00f3n de un estado de debate respecto de la investigaci\u00f3n educativa en el nivel superior de la provincia, a partir de las l\u00edneas tem\u00e1ticas sobre las que vienen construyendo conocimiento los equipos de nuestros institutos.<\/p>\n\n\n\n<div class=\"wp-block-buttons is-layout-flex\"><\/div>\n\n\n\n<div class=\"wp-block-buttons has-custom-font-size has-small-font-size is-layout-flex\">\n<div class=\"wp-block-button has-custom-width wp-block-button__width-25\"><a class=\"wp-block-button__link wp-element-button\" href=\"https:\/\/des-ers.infd.edu.ar\/sitio\/convocatoria-provincial-2017\/\" style=\"border-radius:100px\" target=\"_blank\" rel=\"noreferrer noopener\">Convocatoria Provincial 2017<\/a><\/div>\n<\/div>\n\n\n\n<div class=\"wp-block-buttons has-custom-font-size has-small-font-size is-layout-flex\">\n<div class=\"wp-block-button has-custom-width wp-block-button__width-25\"><a class=\"wp-block-button__link wp-element-button\" href=\"https:\/\/des-ers.infd.edu.ar\/sitio\/convocatoria-provincial-2018\/\" style=\"border-radius:100px\" target=\"_blank\" rel=\"noreferrer noopener\">Convocatoria Provincial 2018<\/a><\/div>\n<\/div>\n\n\n\n<div class=\"wp-block-buttons has-custom-font-size has-small-font-size is-layout-flex\">\n<div class=\"wp-block-button has-custom-width wp-block-button__width-25\"><a class=\"wp-block-button__link wp-element-button\" href=\"https:\/\/des-ers.infd.edu.ar\/sitio\/convocatoria-provincial-2019\/\" style=\"border-radius:100px\" target=\"_blank\" rel=\"noreferrer noopener\">Convocatoria Provincial 2019<\/a><\/div>\n<\/div>\n\n\n\n<div class=\"wp-block-buttons has-custom-font-size has-small-font-size is-layout-flex\">\n<div class=\"wp-block-button has-custom-width wp-block-button__width-25\"><a class=\"wp-block-button__link wp-element-button\" href=\"https:\/\/des-ers.infd.edu.ar\/sitio\/convocatoria-provincial-2020\/\" style=\"border-radius:100px\" target=\"_blank\" rel=\"noreferrer noopener\">Convocatoria Provincial 2020<\/a><\/div>\n<\/div>\n\n\n\n<div class=\"wp-block-buttons has-custom-font-size has-small-font-size is-layout-flex\">\n<div class=\"wp-block-button has-custom-width wp-block-button__width-25\"><a class=\"wp-block-button__link wp-element-button\" href=\"https:\/\/des-ers.infd.edu.ar\/sitio\/convocatoria-provincial-2021\/\" style=\"border-radius:100px\" target=\"_blank\" rel=\"noreferrer noopener\">Convocatoria Provincial 2021<\/a><\/div>\n<\/div>\n\n\n\n<div class=\"wp-block-buttons has-custom-font-size has-small-font-size is-layout-flex\">\n<div class=\"wp-block-button has-custom-width wp-block-button__width-25\"><a class=\"wp-block-button__link wp-element-button\" href=\"https:\/\/des-ers.infd.edu.ar\/sitio\/convocatoria-provincial-2022\/\" style=\"border-radius:100px\" target=\"_blank\" rel=\"noreferrer noopener\">Convocatoria Provincial 2022<\/a><\/div>\n<\/div>\n\n\n\n<p><\/p>\n\n\n\n<div class=\"wp-block-buttons is-layout-flex\"><\/div>\n","protected":false},"excerpt":{"rendered":"<p>Desde el \u00c1rea de Investigaci\u00f3n de la Direcci\u00f3n de Educaci\u00f3n Superior se realizan convocatorias anuales a presentaci\u00f3n de proyectos de investigaci\u00f3n educativa, cuyos destinatarios son equipos de docentes y estudiantes de los Institutos de Educaci\u00f3n Superior de la provincia, seg\u00fan lo establece la Resoluci\u00f3n N\u00ba 1565\/17 CGE. Los proyectos que se ejecutan son aquellos que &#8230; <a title=\"Proyectos de investigaci\u00f3n\" class=\"read-more\" href=\"https:\/\/des-ers.infd.edu.ar\/sitio\/proyectos-de-investigacion\/\" aria-label=\"More on Proyectos de investigaci\u00f3n\">[+]<\/a><\/p>\n","protected":false},"author":15210,"featured_media":0,"parent":0,"menu_order":0,"comment_status":"closed","ping_status":"closed","template":"","meta":[],"acf":[],"_links":{"self":[{"href":"https:\/\/des-ers.infd.edu.ar\/sitio\/wp-json\/wp\/v2\/pages\/7943"}],"collection":[{"href":"https:\/\/des-ers.infd.edu.ar\/sitio\/wp-json\/wp\/v2\/pages"}],"about":[{"href":"https:\/\/des-ers.infd.edu.ar\/sitio\/wp-json\/wp\/v2\/types\/page"}],"author":[{"embeddable":true,"href":"https:\/\/des-ers.infd.edu.ar\/sitio\/wp-json\/wp\/v2\/users\/15210"}],"replies":[{"embeddable":true,"href":"https:\/\/des-ers.infd.edu.ar\/sitio\/wp-json\/wp\/v2\/comments?post=7943"}],"version-history":[{"count":5,"href":"https:\/\/des-ers.infd.edu.ar\/sitio\/wp-json\/wp\/v2\/pages\/7943\/revisions"}],"predecessor-version":[{"id":9883,"href":"https:\/\/des-ers.infd.edu.ar\/sitio\/wp-json\/wp\/v2\/pages\/7943\/revisions\/9883"}],"wp:attachment":[{"href":"https:\/\/des-ers.infd.edu.ar\/sitio\/wp-json\/wp\/v2\/media?parent=7943"}],"curies":[{"name":"wp","href":"https:\/\/api.w.org\/{rel}","templated":true}]}}