{"id":7382,"date":"2021-10-23T08:57:49","date_gmt":"2021-10-23T11:57:49","guid":{"rendered":"https:\/\/des-ers.infd.edu.ar\/sitio\/?page_id=7382"},"modified":"2021-10-23T11:31:19","modified_gmt":"2021-10-23T14:31:19","slug":"postitulos-docentes","status":"publish","type":"page","link":"https:\/\/des-ers.infd.edu.ar\/sitio\/postitulos-docentes\/","title":{"rendered":"Post\u00edtulos Docentes"},"content":{"rendered":"\n<div class=\"wp-block-cover has-background-dim has-background-gradient\" style=\"min-height:120px\"><span aria-hidden=\"true\" class=\"wp-block-cover__gradient-background\" style=\"background:linear-gradient(135deg,rgb(255,245,203) 12%,rgb(182,227,212) 40%,rgb(51,167,181) 85%)\"><\/span><img decoding=\"async\" loading=\"lazy\" width=\"505\" height=\"337\" class=\"wp-block-cover__image-background wp-image-2519\" alt=\"\" src=\"https:\/\/des-ers.infd.edu.ar\/sitio\/wp-content\/uploads\/2018\/07\/manolapicera.jpg\" style=\"object-position:92% 79%\" data-object-fit=\"cover\" data-object-position=\"92% 79%\"\/><div class=\"wp-block-cover__inner-container\">\n<p class=\"has-text-align-center\" style=\"font-size:22px\"><strong>Post\u00edtulos Docentes<\/strong><\/p>\n<\/div><\/div>\n\n\n\n<p>Los\u00a0<strong>Post\u00edtulos<\/strong>, tambi\u00e9n conocidos como\u00a0<strong>Especializaciones T\u00e9cnicas de Nivel Superior<\/strong>, son ciclos de estudios, generalmente de 1 a 2 a\u00f1os de duraci\u00f3n, que se realizan con posterioridad a la obtenci\u00f3n del t\u00edtulo, contribuyendo a la formaci\u00f3n continua y profesional del cursante.<\/p>\n\n\n\n<p>El objetivo principal es brindar una formaci\u00f3n post-inicial orientada a optimizar el desempe\u00f1o docente, el ejercicio de nuevos roles y funciones, y la profundizaci\u00f3n y actualizaci\u00f3n sistem\u00e1tica de conocimientos en los niveles, modalidades y orientaciones del sistema educativo.<\/p>\n\n\n\n<div class=\"wp-block-buttons is-content-justification-center is-layout-flex\">\n<div class=\"wp-block-button has-custom-width wp-block-button__width-50 is-style-outline\"><a class=\"wp-block-button__link no-border-radius\" href=\"https:\/\/des-ers.infd.edu.ar\/sitio\/nuevas-especializaciones\/\" target=\"_blank\" rel=\"noreferrer noopener\"><em>&gt; Nuevas Especializaciones<\/em><\/a><\/div>\n<\/div>\n\n\n\n<div class=\"wp-block-buttons is-content-justification-center is-layout-flex\">\n<div class=\"wp-block-button has-custom-width wp-block-button__width-50 is-style-outline\"><a class=\"wp-block-button__link no-border-radius\" href=\"https:\/\/des-ers.infd.edu.ar\/sitio\/resoluciones-y-regimenes-academicos\/\" target=\"_blank\" rel=\"noreferrer noopener\"><em>&gt; Resoluciones y Reg\u00edmenes Acad\u00e9micos<\/em><\/a><\/div>\n<\/div>\n\n\n\n<div class=\"wp-block-image is-style-rounded\"><figure class=\"aligncenter size-large is-resized\"><img decoding=\"async\" loading=\"lazy\" src=\"https:\/\/des-ers.infd.edu.ar\/sitio\/wp-content\/uploads\/2021\/10\/Logo-CGE-fondo-blanco-1.png\" alt=\"\" class=\"wp-image-7370\" width=\"189\" height=\"50\"\/><\/figure><\/div>\n","protected":false},"excerpt":{"rendered":"<p>Los\u00a0Post\u00edtulos, tambi\u00e9n conocidos como\u00a0Especializaciones T\u00e9cnicas de Nivel Superior, son ciclos de estudios, generalmente de 1 a 2 a\u00f1os de duraci\u00f3n, que se realizan con posterioridad a la obtenci\u00f3n del t\u00edtulo, contribuyendo a la formaci\u00f3n continua y profesional del cursante. El objetivo principal es brindar una formaci\u00f3n post-inicial orientada a optimizar el desempe\u00f1o docente, el ejercicio &#8230; <a title=\"Post\u00edtulos Docentes\" class=\"read-more\" href=\"https:\/\/des-ers.infd.edu.ar\/sitio\/postitulos-docentes\/\" aria-label=\"More on Post\u00edtulos Docentes\">[+]<\/a><\/p>\n","protected":false},"author":15210,"featured_media":0,"parent":0,"menu_order":0,"comment_status":"closed","ping_status":"closed","template":"","meta":[],"acf":[],"_links":{"self":[{"href":"https:\/\/des-ers.infd.edu.ar\/sitio\/wp-json\/wp\/v2\/pages\/7382"}],"collection":[{"href":"https:\/\/des-ers.infd.edu.ar\/sitio\/wp-json\/wp\/v2\/pages"}],"about":[{"href":"https:\/\/des-ers.infd.edu.ar\/sitio\/wp-json\/wp\/v2\/types\/page"}],"author":[{"embeddable":true,"href":"https:\/\/des-ers.infd.edu.ar\/sitio\/wp-json\/wp\/v2\/users\/15210"}],"replies":[{"embeddable":true,"href":"https:\/\/des-ers.infd.edu.ar\/sitio\/wp-json\/wp\/v2\/comments?post=7382"}],"version-history":[{"count":4,"href":"https:\/\/des-ers.infd.edu.ar\/sitio\/wp-json\/wp\/v2\/pages\/7382\/revisions"}],"predecessor-version":[{"id":7410,"href":"https:\/\/des-ers.infd.edu.ar\/sitio\/wp-json\/wp\/v2\/pages\/7382\/revisions\/7410"}],"wp:attachment":[{"href":"https:\/\/des-ers.infd.edu.ar\/sitio\/wp-json\/wp\/v2\/media?parent=7382"}],"curies":[{"name":"wp","href":"https:\/\/api.w.org\/{rel}","templated":true}]}}