{"id":6851,"date":"2021-09-15T11:08:50","date_gmt":"2021-09-15T14:08:50","guid":{"rendered":"https:\/\/des-ers.infd.edu.ar\/sitio\/?page_id=6851"},"modified":"2023-04-10T16:32:17","modified_gmt":"2023-04-10T19:32:17","slug":"lineas-de-accion-2","status":"publish","type":"page","link":"https:\/\/des-ers.infd.edu.ar\/sitio\/lineas-de-accion-2\/","title":{"rendered":"L\u00edneas de acci\u00f3n"},"content":{"rendered":"\n<div class=\"wp-block-cover is-light has-custom-content-position is-position-bottom-center has-small-font-size\" style=\"min-height:64px\"><span aria-hidden=\"true\" class=\"wp-block-cover__background has-background-dim-10 has-background-dim wp-block-cover__gradient-background has-background-gradient\" style=\"background:linear-gradient(135deg,rgb(255,245,203) 35%,rgb(182,227,212) 50%,rgb(51,167,181) 59%)\"><\/span><img decoding=\"async\" loading=\"lazy\" width=\"546\" height=\"364\" class=\"wp-block-cover__image-background wp-image-5990\" alt=\"\" src=\"https:\/\/des-ers.infd.edu.ar\/sitio\/wp-content\/uploads\/2021\/08\/dis-curri.jpg\" style=\"object-position:79% 34%\" data-object-fit=\"cover\" data-object-position=\"79% 34%\"\/><div class=\"wp-block-cover__inner-container\">\n<p class=\"has-text-align-center has-medium-font-size\"><em>Decretos, <em>Resoluciones<\/em> y Disposiciones vigentes de las <\/em><strong><em>l\u00edneas de acci\u00f3n<\/em> de la DES<\/strong><\/p>\n<\/div><\/div>\n\n\n\n<hr class=\"wp-block-separator has-css-opacity is-style-wide\"\/>\n\n\n\n<p class=\"has-text-align-center\"><strong><em>Consejo Directivo<\/em> <\/strong><\/p>\n\n\n\n<p class=\"has-text-align-center\">Referente: H\u00e9ctor Valentini<\/p>\n\n\n\n<div class=\"wp-block-file aligncenter\"><a id=\"wp-block-file--media-f20de27c-4ad5-4339-a686-9a894fe8715c\" href=\"https:\/\/des-ers.infd.edu.ar\/sitio\/wp-content\/uploads\/2021\/09\/2842-09-CGE-Reglamento-Organico-Marco-del-Sistema-de-Educacion-Superior.pdf\" target=\"_blank\" rel=\"noreferrer noopener\"><strong>Resoluci\u00f3n 2842-09 CGE<\/strong> Reglamento Org\u00e1nico Marco del Sistema de Educaci\u00f3n Superior<\/a><a href=\"https:\/\/des-ers.infd.edu.ar\/sitio\/wp-content\/uploads\/2021\/09\/2842-09-CGE-Reglamento-Organico-Marco-del-Sistema-de-Educacion-Superior.pdf\" class=\"wp-block-file__button wp-element-button\" download aria-describedby=\"wp-block-file--media-f20de27c-4ad5-4339-a686-9a894fe8715c\">Descarga<\/a><\/div>\n\n\n\n<div class=\"wp-block-file aligncenter\"><a id=\"wp-block-file--media-84604b57-6450-4aad-aa59-fcdbf6716d8b\" href=\"https:\/\/des-ers.infd.edu.ar\/sitio\/wp-content\/uploads\/2021\/09\/4789-15-CGE-Ampliacion-y-modificacion-del-Reglamento-Organico-Marco-ROM.pdf\" target=\"_blank\" rel=\"noreferrer noopener\"><strong>Resoluci\u00f3n 4789-15 CGE <\/strong>Ampliaci\u00f3n y modificaci\u00f3n del Reglamento Org\u00e1nico Marco ROM<\/a><a href=\"https:\/\/des-ers.infd.edu.ar\/sitio\/wp-content\/uploads\/2021\/09\/4789-15-CGE-Ampliacion-y-modificacion-del-Reglamento-Organico-Marco-ROM.pdf\" class=\"wp-block-file__button wp-element-button\" download aria-describedby=\"wp-block-file--media-84604b57-6450-4aad-aa59-fcdbf6716d8b\">Descarga<\/a><\/div>\n\n\n\n<hr class=\"wp-block-separator has-css-opacity is-style-wide\"\/>\n\n\n\n<p class=\"has-text-align-center\"><strong><em>Consejo Evaluador<\/em> <\/strong><\/p>\n\n\n\n<p class=\"has-text-align-center\">Referente: Hugo D\u00edaz<\/p>\n\n\n\n<div class=\"wp-block-file aligncenter\"><a id=\"wp-block-file--media-a4be1433-e8a1-429e-950f-55d6b41c9853\" href=\"https:\/\/des-ers.infd.edu.ar\/sitio\/wp-content\/uploads\/2021\/09\/3625-12-CGE-Consejos-Evaluadores.pdf\"><strong>Resoluci\u00f3n 3625-12 CGE<\/strong> Consejos Evaluadores<\/a><a href=\"https:\/\/des-ers.infd.edu.ar\/sitio\/wp-content\/uploads\/2021\/09\/3625-12-CGE-Consejos-Evaluadores.pdf\" class=\"wp-block-file__button wp-element-button\" download aria-describedby=\"wp-block-file--media-a4be1433-e8a1-429e-950f-55d6b41c9853\">Descarga<\/a><\/div>\n\n\n\n<div class=\"wp-block-file aligncenter\"><a id=\"wp-block-file--media-10d8d107-a249-4d13-97ae-20e49acac177\" href=\"https:\/\/des-ers.infd.edu.ar\/sitio\/wp-content\/uploads\/2021\/09\/2905-13-CGE-Consejos-Evaluadores-Rectificacion-Punto-V-Anexo-Res.-3625-12-CGE.pdf\"><strong>Resoluci\u00f3n 2905-13 CGE<\/strong> Consejos Evaluadores Rectificaci\u00f3n -Punto V Anexo Res. 3625-12 CGE-<\/a><a href=\"https:\/\/des-ers.infd.edu.ar\/sitio\/wp-content\/uploads\/2021\/09\/2905-13-CGE-Consejos-Evaluadores-Rectificacion-Punto-V-Anexo-Res.-3625-12-CGE.pdf\" class=\"wp-block-file__button wp-element-button\" download aria-describedby=\"wp-block-file--media-10d8d107-a249-4d13-97ae-20e49acac177\">Descarga<\/a><\/div>\n\n\n\n<hr class=\"wp-block-separator has-css-opacity is-style-wide\"\/>\n\n\n\n<p class=\"has-text-align-center\"><strong><em>Continuidad o reingreso docentes jubilados<\/em> <\/strong><\/p>\n\n\n\n<p class=\"has-text-align-center\">Referente: &#8211; <\/p>\n\n\n\n<div class=\"wp-block-file aligncenter\"><a id=\"wp-block-file--media-365e27b0-97ee-4e3d-90fd-e9929022665e\" href=\"https:\/\/des-ers.infd.edu.ar\/sitio\/wp-content\/uploads\/2021\/09\/1359-01_MGJ_Reglamenta_Ley_N\u00b0_8907_reingreso_docente.pdf\" target=\"_blank\" rel=\"noreferrer noopener\"><strong>Decreto 1359-01 MGJ <\/strong>Reglamenta Ley N\u00b0 8907 -reingreso docente-<\/a><a href=\"https:\/\/des-ers.infd.edu.ar\/sitio\/wp-content\/uploads\/2021\/09\/1359-01_MGJ_Reglamenta_Ley_N\u00b0_8907_reingreso_docente.pdf\" class=\"wp-block-file__button wp-element-button\" download aria-describedby=\"wp-block-file--media-365e27b0-97ee-4e3d-90fd-e9929022665e\">Descarga<\/a><\/div>\n\n\n\n<hr class=\"wp-block-separator has-css-opacity is-style-wide\"\/>\n\n\n\n<p class=\"has-text-align-center\"><em><strong>Continuidad, reconversi\u00f3n y creaci\u00f3n de Carreras<\/strong><\/em><\/p>\n\n\n\n<p class=\"has-text-align-center\">Referente: Hugo D\u00edaz<\/p>\n\n\n\n<div class=\"wp-block-file aligncenter\"><a id=\"wp-block-file--media-b2a1be18-2b79-4e8b-bc18-9aa7c7ccc234\" href=\"https:\/\/des-ers.infd.edu.ar\/sitio\/wp-content\/uploads\/2021\/09\/3121-16-CGE-Aprueba-Protocolo-Criterios-Nuevas-Carreras-Formacion-Docente-y-Tecnicaturas.pdf\" target=\"_blank\" rel=\"noreferrer noopener\"><strong>Resoluci\u00f3n 3121-16 CGE<\/strong> Aprueba Protocolo Criterios Nuevas Carreras Formaci\u00f3n Docente y Tecnicaturas<\/a><a href=\"https:\/\/des-ers.infd.edu.ar\/sitio\/wp-content\/uploads\/2021\/09\/3121-16-CGE-Aprueba-Protocolo-Criterios-Nuevas-Carreras-Formacion-Docente-y-Tecnicaturas.pdf\" class=\"wp-block-file__button wp-element-button\" download aria-describedby=\"wp-block-file--media-b2a1be18-2b79-4e8b-bc18-9aa7c7ccc234\">Descarga<\/a><\/div>\n\n\n\n<div class=\"wp-block-file aligncenter\"><a id=\"wp-block-file--media-c247d8d0-aa34-4509-b3be-03844bb14119\" href=\"https:\/\/des-ers.infd.edu.ar\/sitio\/wp-content\/uploads\/2021\/09\/3110-20-CGE-Calendario-Escolar-Ciclo-Lectivo-2021.pdf\" target=\"_blank\" rel=\"noreferrer noopener\"><strong>Resoluci\u00f3n 3110-20 CGE<\/strong> Calendario Escolar Ciclo Lectivo 2021<\/a><a href=\"https:\/\/des-ers.infd.edu.ar\/sitio\/wp-content\/uploads\/2021\/09\/3110-20-CGE-Calendario-Escolar-Ciclo-Lectivo-2021.pdf\" class=\"wp-block-file__button wp-element-button\" download aria-describedby=\"wp-block-file--media-c247d8d0-aa34-4509-b3be-03844bb14119\">Descarga<\/a><\/div>\n\n\n\n<hr class=\"wp-block-separator has-css-opacity is-style-wide\"\/>\n\n\n\n<p class=\"has-text-align-center\"><strong><em>Desdoblamientos<\/em><\/strong><\/p>\n\n\n\n<p class=\"has-text-align-center\">Referente: Mariana Dalinger<\/p>\n\n\n\n<div class=\"wp-block-file aligncenter\"><a id=\"wp-block-file--media-d65c06c2-e10b-437c-96e1-0ff668b803ca\" href=\"https:\/\/des-ers.infd.edu.ar\/sitio\/wp-content\/uploads\/2021\/09\/Circular-N\u00b0-08-18-DES-CGE-Desdoblamientos.pdf\"><strong>Circular N\u00b0 08-18 DES-CGE<\/strong> Requisitos presentaci\u00f3n solicitud de desdoblamiento de comisiones y\/o unidades curriculares<\/a><a href=\"https:\/\/des-ers.infd.edu.ar\/sitio\/wp-content\/uploads\/2021\/09\/Circular-N\u00b0-08-18-DES-CGE-Desdoblamientos.pdf\" class=\"wp-block-file__button wp-element-button\" download aria-describedby=\"wp-block-file--media-d65c06c2-e10b-437c-96e1-0ff668b803ca\">Descarga<\/a><\/div>\n\n\n\n<div class=\"wp-block-file aligncenter\"><a id=\"wp-block-file--media-f306f6f0-441d-4b99-ab8a-079b6550b96c\" href=\"https:\/\/des-ers.infd.edu.ar\/sitio\/wp-content\/uploads\/2021\/09\/0982-21-CGE-Destina-2600-horas-desdoblamientos-de-comisiones-y-espacios-curriculares-carreras-de-nivel-superior.pdf\"><strong>Resoluci\u00f3n 0982-21 CGE<\/strong> Destina 2600 horas desdoblamientos de comisiones y espacios curriculares carreras de nivel superior<\/a><a href=\"https:\/\/des-ers.infd.edu.ar\/sitio\/wp-content\/uploads\/2021\/09\/0982-21-CGE-Destina-2600-horas-desdoblamientos-de-comisiones-y-espacios-curriculares-carreras-de-nivel-superior.pdf\" class=\"wp-block-file__button wp-element-button\" download aria-describedby=\"wp-block-file--media-f306f6f0-441d-4b99-ab8a-079b6550b96c\">Descarga<\/a><\/div>\n\n\n\n<hr class=\"wp-block-separator has-css-opacity is-style-wide\"\/>\n\n\n\n<p class=\"has-text-align-center\"><strong><em>Formaci\u00f3n Continua<\/em> <\/strong><\/p>\n\n\n\n<p class=\"has-text-align-center\">Referentes: H\u00e9ctor Valentini | Mariana Dalinger | Fabricio Miraglio<\/p>\n\n\n\n<div class=\"wp-block-file aligncenter\"><a id=\"wp-block-file--media-3b03e5bb-3faa-415b-ba7a-8f06f4d20051\" href=\"https:\/\/des-ers.infd.edu.ar\/sitio\/wp-content\/uploads\/2021\/09\/Res-No-4964-19-CGE-Aprueba-Normas-para-la-elaboracion-presentacionevaluacion-y-desarrollo-de-post-.pdf\" target=\"_blank\" rel=\"noreferrer noopener\"><strong>Resoluci\u00f3n 4964-19 CGE<\/strong> Aprueba Normas para la elaboraci\u00f3n, presentaci\u00f3n, evaluaci\u00f3n y desarrollo de post\u00edtulo<\/a><a href=\"https:\/\/des-ers.infd.edu.ar\/sitio\/wp-content\/uploads\/2021\/09\/Res-No-4964-19-CGE-Aprueba-Normas-para-la-elaboracion-presentacionevaluacion-y-desarrollo-de-post-.pdf\" class=\"wp-block-file__button wp-element-button\" download aria-describedby=\"wp-block-file--media-3b03e5bb-3faa-415b-ba7a-8f06f4d20051\">Descarga<\/a><\/div>\n\n\n\n<div class=\"wp-block-file aligncenter\"><a id=\"wp-block-file--media-d2df47d3-ff0b-4b58-b4c6-e191eb2e0c78\" href=\"https:\/\/des-ers.infd.edu.ar\/sitio\/wp-content\/uploads\/2021\/09\/4120-13-CGE-Disposiciones-para-el-reconocimiento-de-acciones-de-Formacion-Docente-Continua-Dejar-sin-efecto-Res.-0461-07-CGE-2204-06-y-2205-0.pdf\" target=\"_blank\" rel=\"noreferrer noopener\"><strong>Resoluci\u00f3n 4120-13 CGE<\/strong> Disposiciones reconocimiento acciones Formaci\u00f3n Docente Continua<\/a><a href=\"https:\/\/des-ers.infd.edu.ar\/sitio\/wp-content\/uploads\/2021\/09\/4120-13-CGE-Disposiciones-para-el-reconocimiento-de-acciones-de-Formacion-Docente-Continua-Dejar-sin-efecto-Res.-0461-07-CGE-2204-06-y-2205-0.pdf\" class=\"wp-block-file__button wp-element-button\" download aria-describedby=\"wp-block-file--media-d2df47d3-ff0b-4b58-b4c6-e191eb2e0c78\">Descarga<\/a><\/div>\n\n\n\n<div class=\"wp-block-file aligncenter\"><a id=\"wp-block-file--media-dce56e1f-5d63-451c-b1c7-b26ca43396df\" href=\"https:\/\/des-ers.infd.edu.ar\/sitio\/wp-content\/uploads\/2021\/09\/2345-20-CGE-Modifica-Res.-4120-13-CGE-y-deja-sin-efecto-Res.-5370-17-CGE-reconocimiento-modalidad-a-distancia-acciones-de-formacion-docente.pdf\" target=\"_blank\" rel=\"noreferrer noopener\"><strong>Resoluci\u00f3n 2345-20 CGE<\/strong> Modifica Resoluci\u00f3n 4120-13 CGE y deja sin efecto Resoluci\u00f3n 5370-17 CGE reconocimiento modalidad a distancia acciones de formaci\u00f3n docente <\/a><a href=\"https:\/\/des-ers.infd.edu.ar\/sitio\/wp-content\/uploads\/2021\/09\/2345-20-CGE-Modifica-Res.-4120-13-CGE-y-deja-sin-efecto-Res.-5370-17-CGE-reconocimiento-modalidad-a-distancia-acciones-de-formacion-docente.pdf\" class=\"wp-block-file__button wp-element-button\" download aria-describedby=\"wp-block-file--media-dce56e1f-5d63-451c-b1c7-b26ca43396df\">Descarga<\/a><\/div>\n\n\n\n<hr class=\"wp-block-separator has-css-opacity is-style-wide\"\/>\n\n\n\n<p class=\"has-text-align-center\"><em><strong>Investigaci\u00f3n<\/strong><\/em><\/p>\n\n\n\n<p class=\"has-text-align-center\">Referentes: Mariana Dalinger | Mario Villanueva<\/p>\n\n\n\n<div class=\"wp-block-file aligncenter\"><a id=\"wp-block-file--media-11a1f0cd-7bbb-4809-9cdc-ad41ae3d31b7\" href=\"https:\/\/des-ers.infd.edu.ar\/sitio\/wp-content\/uploads\/2021\/09\/4082-15-CGE.pdf\" target=\"_blank\" rel=\"noreferrer noopener\"><strong>Resoluci\u00f3n 4082-15 CGE<\/strong> Establece marco orientador<\/a><a href=\"https:\/\/des-ers.infd.edu.ar\/sitio\/wp-content\/uploads\/2021\/09\/4082-15-CGE.pdf\" class=\"wp-block-file__button wp-element-button\" download aria-describedby=\"wp-block-file--media-11a1f0cd-7bbb-4809-9cdc-ad41ae3d31b7\">Descarga<\/a><\/div>\n\n\n\n<div class=\"wp-block-file aligncenter\"><a id=\"wp-block-file--media-9bdd939c-2211-407e-bd37-0c511cd5cd7e\" href=\"https:\/\/des-ers.infd.edu.ar\/sitio\/wp-content\/uploads\/2021\/09\/1565-17-CGE-1.pdf\" target=\"_blank\" rel=\"noreferrer noopener\"><strong>Resoluci\u00f3n 1565-17 CGE<\/strong> Modifica 2da parte<\/a><a href=\"https:\/\/des-ers.infd.edu.ar\/sitio\/wp-content\/uploads\/2021\/09\/1565-17-CGE-1.pdf\" class=\"wp-block-file__button wp-element-button\" download aria-describedby=\"wp-block-file--media-9bdd939c-2211-407e-bd37-0c511cd5cd7e\">Descarga<\/a><\/div>\n\n\n\n<div class=\"wp-block-file aligncenter\"><a id=\"wp-block-file--media-e9ce35e3-f217-4efb-8869-9ce5f7ec34e1\" href=\"https:\/\/des-ers.infd.edu.ar\/sitio\/wp-content\/uploads\/2021\/09\/4276-17-CGE-Amplia-Anexo-III-Resol-No-1565-17-CGE-Requisitos-para-Postulantes-a-Coordinador-de-Proyectos-de-Investigacion.pdf\" target=\"_blank\" rel=\"noreferrer noopener\"><strong>Resoluci\u00f3n 4276-17 CGE<\/strong> Amplia Anexo III -Resol No 1565-17 CGE Requisitos para Postulantes a Coordinador de Proyectos de Investigaci\u00f3n-<\/a><a href=\"https:\/\/des-ers.infd.edu.ar\/sitio\/wp-content\/uploads\/2021\/09\/4276-17-CGE-Amplia-Anexo-III-Resol-No-1565-17-CGE-Requisitos-para-Postulantes-a-Coordinador-de-Proyectos-de-Investigacion.pdf\" class=\"wp-block-file__button wp-element-button\" download aria-describedby=\"wp-block-file--media-e9ce35e3-f217-4efb-8869-9ce5f7ec34e1\">Descarga<\/a><\/div>\n\n\n\n<hr class=\"wp-block-separator has-css-opacity is-style-wide\"\/>\n\n\n\n<p class=\"has-text-align-center\"><em><strong>Pol\u00edticas Estudiantiles<\/strong><\/em><\/p>\n\n\n\n<p class=\"has-text-align-center\">Referente: Ayel\u00e9n Visiconti | N\u00e9stor Lamadrid<\/p>\n\n\n\n<div class=\"wp-block-file aligncenter\"><a id=\"wp-block-file--media-88788c52-e56f-417c-940d-31682035b381\" href=\"https:\/\/des-ers.infd.edu.ar\/sitio\/wp-content\/uploads\/2021\/09\/Documento-para-Centros-de-Estudiantes.pdf\" target=\"_blank\" rel=\"noreferrer noopener\"><strong>Documento<\/strong> para Centros de Estudiantes<\/a><a href=\"https:\/\/des-ers.infd.edu.ar\/sitio\/wp-content\/uploads\/2021\/09\/Documento-para-Centros-de-Estudiantes.pdf\" class=\"wp-block-file__button wp-element-button\" download aria-describedby=\"wp-block-file--media-88788c52-e56f-417c-940d-31682035b381\">Descarga<\/a><\/div>\n\n\n\n<div class=\"wp-block-file aligncenter\"><a id=\"wp-block-file--media-c8e63d37-160c-40e2-8047-2c7a09c924cd\" href=\"https:\/\/des-ers.infd.edu.ar\/sitio\/wp-content\/uploads\/2021\/09\/Consejo-Directivo-y-Centro-de-Estudiantes.pptx\" target=\"_blank\" rel=\"noreferrer noopener\">Consejo Directivo y Centro de Estudiantes<\/a><a href=\"https:\/\/des-ers.infd.edu.ar\/sitio\/wp-content\/uploads\/2021\/09\/Consejo-Directivo-y-Centro-de-Estudiantes.pptx\" class=\"wp-block-file__button wp-element-button\" download aria-describedby=\"wp-block-file--media-c8e63d37-160c-40e2-8047-2c7a09c924cd\">Descarga<\/a><\/div>\n\n\n\n<div class=\"wp-block-file aligncenter\"><a id=\"wp-block-file--media-90ea85fa-5a53-4965-9149-803bda46940c\" href=\"https:\/\/des-ers.infd.edu.ar\/sitio\/wp-content\/uploads\/2021\/09\/14-INSTRUCTIVO-CARGA-DEL-CENTRO-ESTUDIANTIL-POR-ORGANIZCION-SAGE.pdf\" target=\"_blank\" rel=\"noreferrer noopener\"><strong>INSTRUCTIVO DE CARGA <\/strong>DEL CENTRO ESTUDIANTIL POR ORGANIZACI\u00d3N SISTEMA SAGE<\/a><a href=\"https:\/\/des-ers.infd.edu.ar\/sitio\/wp-content\/uploads\/2021\/09\/14-INSTRUCTIVO-CARGA-DEL-CENTRO-ESTUDIANTIL-POR-ORGANIZCION-SAGE.pdf\" class=\"wp-block-file__button wp-element-button\" download aria-describedby=\"wp-block-file--media-90ea85fa-5a53-4965-9149-803bda46940c\">Descarga<\/a><\/div>\n\n\n\n<hr class=\"wp-block-separator has-css-opacity is-style-wide\"\/>\n\n\n\n<p class=\"has-text-align-center\"><em><strong>Profesorado T\u00e9cnico Profesional<\/strong><\/em><\/p>\n\n\n\n<p class=\"has-text-align-center\">Referente: Silvia Centuri\u00f3n<\/p>\n\n\n\n<div class=\"wp-block-file aligncenter\"><a id=\"wp-block-file--media-b6749729-2dfe-4873-891b-c969e4f094e2\" href=\"https:\/\/des-ers.infd.edu.ar\/sitio\/wp-content\/uploads\/2021\/09\/3784-17_CGE_Aprueba_Disen_o_Curricular_Carrera_-Profesorado_de_Educacion_Secundaria_de_la_Modalidad_Tecnico_Superior_en_concurrencia_con_titulo_de_base.pdf\"><strong>Resoluci\u00f3n 3784-17 CGE <\/strong>Aprueba Dise\u00f1o Curricular Carrera Profesorado de Educaci\u00f3n Secundaria de la Modalidad T\u00e9cnico Superior en concurrencia con t\u00edtulo de base<\/a><a href=\"https:\/\/des-ers.infd.edu.ar\/sitio\/wp-content\/uploads\/2021\/09\/3784-17_CGE_Aprueba_Disen_o_Curricular_Carrera_-Profesorado_de_Educacion_Secundaria_de_la_Modalidad_Tecnico_Superior_en_concurrencia_con_titulo_de_base.pdf\" class=\"wp-block-file__button wp-element-button\" download aria-describedby=\"wp-block-file--media-b6749729-2dfe-4873-891b-c969e4f094e2\">Descarga<\/a><\/div>\n\n\n\n<div class=\"wp-block-file aligncenter\"><a id=\"wp-block-file--media-9bf9cda2-3eed-494d-a2bc-259a14236733\" href=\"https:\/\/des-ers.infd.edu.ar\/sitio\/wp-content\/uploads\/2021\/09\/4708-17-CGE-Amplia-Resol-N\u00b0-3784-17-CGE-Incorpora-el-Regimen-de-Correlatividad-Carrera-Profesorado-de-Educacion-Secundaria-Modalidad-Tecnico-Profesional.pdf\"><strong>Resoluci\u00f3n 4708-17 CGE<\/strong> Amplia Resol. N\u00b0 3784-17 CGE  Incorpora el R\u00e9gimen de Correlatividad Carrera Profesorado de Educaci\u00f3n Secundaria Modalidad T\u00e9cnico Profesional<\/a><a href=\"https:\/\/des-ers.infd.edu.ar\/sitio\/wp-content\/uploads\/2021\/09\/4708-17-CGE-Amplia-Resol-N\u00b0-3784-17-CGE-Incorpora-el-Regimen-de-Correlatividad-Carrera-Profesorado-de-Educacion-Secundaria-Modalidad-Tecnico-Profesional.pdf\" class=\"wp-block-file__button wp-element-button\" download aria-describedby=\"wp-block-file--media-9bf9cda2-3eed-494d-a2bc-259a14236733\">Descarga<\/a><\/div>\n\n\n\n<div class=\"wp-block-file aligncenter\"><a id=\"wp-block-file--media-f6ef9aba-93c8-476c-a0fa-71777ad3a16e\" href=\"https:\/\/des-ers.infd.edu.ar\/sitio\/wp-content\/uploads\/2021\/09\/1223-18-CGE-Modifica-Resol-No-3784-17-CGE-Direno-Curricular-Carrera-Profesorado-de-Educacion-Secundaria-de-la-Modalidad-Tecnico-Profesional-.pdf\"><strong>Resoluci\u00f3n 1223-18 CGE<\/strong> Modifica Resol. N\u00b0 3784-17 CGE Dise\u00f1o Curricular Carrera Profesorado de Educaci\u00f3n Secundaria de la Modalidad T\u00e9cnico Profesional<\/a><a href=\"https:\/\/des-ers.infd.edu.ar\/sitio\/wp-content\/uploads\/2021\/09\/1223-18-CGE-Modifica-Resol-No-3784-17-CGE-Direno-Curricular-Carrera-Profesorado-de-Educacion-Secundaria-de-la-Modalidad-Tecnico-Profesional-.pdf\" class=\"wp-block-file__button wp-element-button\" download aria-describedby=\"wp-block-file--media-f6ef9aba-93c8-476c-a0fa-71777ad3a16e\">Descarga<\/a><\/div>\n\n\n\n<hr class=\"wp-block-separator has-css-opacity is-style-wide\"\/>\n\n\n\n<p class=\"has-text-align-center\"><em><strong>Reubicaciones<\/strong><\/em><\/p>\n\n\n\n<p class=\"has-text-align-center\">Referentes: Evangelina D\u00edaz | Milagros Zapata<\/p>\n\n\n\n<div class=\"wp-block-file aligncenter\"><a id=\"wp-block-file--media-e8296b57-a449-4d0a-a991-3bd0b3772ba8\" href=\"https:\/\/des-ers.infd.edu.ar\/sitio\/wp-content\/uploads\/2021\/09\/4963-19-CGE-Reubicacion-de-Docentes-de-Nivel-Superior.pdf\"><strong>Resoluci\u00f3n 4963-19 CGE<\/strong> Reubicaci\u00f3n de Docentes de Nivel Superior<\/a><a href=\"https:\/\/des-ers.infd.edu.ar\/sitio\/wp-content\/uploads\/2021\/09\/4963-19-CGE-Reubicacion-de-Docentes-de-Nivel-Superior.pdf\" class=\"wp-block-file__button wp-element-button\" download aria-describedby=\"wp-block-file--media-e8296b57-a449-4d0a-a991-3bd0b3772ba8\">Descarga<\/a><\/div>\n\n\n\n<hr class=\"wp-block-separator has-css-opacity is-style-wide\"\/>\n\n\n\n<p class=\"has-text-align-center\"><strong><em>Tecnicaturas<\/em><\/strong><\/p>\n\n\n\n<p class=\"has-text-align-center\">Referentes: Silvia Centuri\u00f3n | Hern\u00e1n Arlettaz <\/p>\n\n\n\n<p><\/p>\n\n\n\n<hr class=\"wp-block-separator has-alpha-channel-opacity\"\/>\n\n\n\n<p class=\"has-text-align-center\"><em><strong>Tecnicatura Superior en Enfermer\u00eda<\/strong><\/em><\/p>\n\n\n\n<p class=\"has-text-align-center\">Referentes: Elo\u00edsa Grimaux <\/p>\n\n\n\n<div class=\"wp-block-file aligncenter\"><a id=\"wp-block-file--media-70ec36fe-10f6-4924-bc65-68ad935f55d0\" href=\"https:\/\/des-ers.infd.edu.ar\/sitio\/wp-content\/uploads\/2021\/09\/0620-15-CGE-Aprueba-Diseno-Curricular-Tecnicatura-Sup.-en-Enfermeria.pdf\" target=\"_blank\" rel=\"noreferrer noopener\"><strong>Resoluci\u00f3n 0620-15 CGE<\/strong> Aprueba Dise\u00f1o Curricular Tecnicatura Superior en Enfermer\u00eda<\/a><a href=\"https:\/\/des-ers.infd.edu.ar\/sitio\/wp-content\/uploads\/2021\/09\/0620-15-CGE-Aprueba-Diseno-Curricular-Tecnicatura-Sup.-en-Enfermeria.pdf\" class=\"wp-block-file__button wp-element-button\" download aria-describedby=\"wp-block-file--media-70ec36fe-10f6-4924-bc65-68ad935f55d0\">Descarga<\/a><\/div>\n\n\n\n<div class=\"wp-block-file aligncenter\"><a id=\"wp-block-file--media-aa11b26f-937c-4e84-8116-bb70a16f642f\" href=\"https:\/\/des-ers.infd.edu.ar\/sitio\/wp-content\/uploads\/2021\/09\/Dispo-27-21-DES.pdf\" target=\"_blank\" rel=\"noreferrer noopener\"><strong>Disposici\u00f3n N\u00b0 027-21 DES<\/strong> Organizaci\u00f3n institucional de las enfermer\u00edas<\/a><a href=\"https:\/\/des-ers.infd.edu.ar\/sitio\/wp-content\/uploads\/2021\/09\/Dispo-27-21-DES.pdf\" class=\"wp-block-file__button wp-element-button\" download aria-describedby=\"wp-block-file--media-aa11b26f-937c-4e84-8116-bb70a16f642f\">Descarga<\/a><\/div>\n\n\n\n<hr class=\"wp-block-separator has-css-opacity is-style-wide\"\/>\n\n\n\n<p class=\"has-text-align-center\"><strong><em>Vinculaci\u00f3n y Pr\u00e1cticas<\/em> <\/strong><\/p>\n\n\n\n<p class=\"has-text-align-center\">Referentes: Mar\u00eda de los \u00c1ngeles Fern\u00e1ndez | Mar\u00eda de los \u00c1ngeles S\u00e1nchez<\/p>\n\n\n\n<div class=\"wp-block-file aligncenter\"><a id=\"wp-block-file--media-e41f1c72-5216-4f5f-9839-1063d80bd384\" href=\"https:\/\/des-ers.infd.edu.ar\/sitio\/wp-content\/uploads\/2021\/09\/3266-11_CGE_Reglamento_de_practicas_en_el_marco_de_las_vinculaciones_del_Sistema_Fomador.pdf\" target=\"_blank\" rel=\"noreferrer noopener\"><strong>Resoluci\u00f3n 3266-11 CGE<\/strong> Reglamento de pr\u00e1cticas en el marco de las vinculaciones del Sistema Formador<\/a><a href=\"https:\/\/des-ers.infd.edu.ar\/sitio\/wp-content\/uploads\/2021\/09\/3266-11_CGE_Reglamento_de_practicas_en_el_marco_de_las_vinculaciones_del_Sistema_Fomador.pdf\" class=\"wp-block-file__button wp-element-button\" download aria-describedby=\"wp-block-file--media-e41f1c72-5216-4f5f-9839-1063d80bd384\">Descarga<\/a><\/div>\n","protected":false},"excerpt":{"rendered":"<p>Consejo Directivo Referente: H\u00e9ctor Valentini Consejo Evaluador Referente: Hugo D\u00edaz Continuidad o reingreso docentes jubilados Referente: &#8211; Continuidad, reconversi\u00f3n y creaci\u00f3n de Carreras Referente: Hugo D\u00edaz Desdoblamientos Referente: Mariana Dalinger Formaci\u00f3n Continua Referentes: H\u00e9ctor Valentini | Mariana Dalinger | Fabricio Miraglio Investigaci\u00f3n Referentes: Mariana Dalinger | Mario Villanueva Pol\u00edticas Estudiantiles Referente: Ayel\u00e9n Visiconti | N\u00e9stor &#8230; <a title=\"L\u00edneas de acci\u00f3n\" class=\"read-more\" href=\"https:\/\/des-ers.infd.edu.ar\/sitio\/lineas-de-accion-2\/\" aria-label=\"More on L\u00edneas de acci\u00f3n\">[+]<\/a><\/p>\n","protected":false},"author":15210,"featured_media":0,"parent":0,"menu_order":0,"comment_status":"closed","ping_status":"closed","template":"","meta":[],"acf":[],"_links":{"self":[{"href":"https:\/\/des-ers.infd.edu.ar\/sitio\/wp-json\/wp\/v2\/pages\/6851"}],"collection":[{"href":"https:\/\/des-ers.infd.edu.ar\/sitio\/wp-json\/wp\/v2\/pages"}],"about":[{"href":"https:\/\/des-ers.infd.edu.ar\/sitio\/wp-json\/wp\/v2\/types\/page"}],"author":[{"embeddable":true,"href":"https:\/\/des-ers.infd.edu.ar\/sitio\/wp-json\/wp\/v2\/users\/15210"}],"replies":[{"embeddable":true,"href":"https:\/\/des-ers.infd.edu.ar\/sitio\/wp-json\/wp\/v2\/comments?post=6851"}],"version-history":[{"count":55,"href":"https:\/\/des-ers.infd.edu.ar\/sitio\/wp-json\/wp\/v2\/pages\/6851\/revisions"}],"predecessor-version":[{"id":9631,"href":"https:\/\/des-ers.infd.edu.ar\/sitio\/wp-json\/wp\/v2\/pages\/6851\/revisions\/9631"}],"wp:attachment":[{"href":"https:\/\/des-ers.infd.edu.ar\/sitio\/wp-json\/wp\/v2\/media?parent=6851"}],"curies":[{"name":"wp","href":"https:\/\/api.w.org\/{rel}","templated":true}]}}