{"id":6574,"date":"2021-08-26T17:10:50","date_gmt":"2021-08-26T20:10:50","guid":{"rendered":"https:\/\/des-ers.infd.edu.ar\/sitio\/?page_id=6574"},"modified":"2021-08-26T17:49:57","modified_gmt":"2021-08-26T20:49:57","slug":"formacion-docente-continua","status":"publish","type":"page","link":"https:\/\/des-ers.infd.edu.ar\/sitio\/formacion-docente-continua\/","title":{"rendered":"Formaci\u00f3n Docente Continua"},"content":{"rendered":"\n<div class=\"wp-block-cover has-background-dim-20 has-vivid-cyan-blue-background-color has-background-dim\" style=\"min-height:50px\"><img decoding=\"async\" loading=\"lazy\" width=\"505\" height=\"337\" class=\"wp-block-cover__image-background wp-image-2519\" alt=\"\" src=\"https:\/\/des-ers.infd.edu.ar\/sitio\/wp-content\/uploads\/2018\/07\/manolapicera.jpg\" style=\"object-position:49% 78%\" data-object-fit=\"cover\" data-object-position=\"49% 78%\"\/><div class=\"wp-block-cover__inner-container\">\n<p class=\"has-text-align-center has-large-font-size\">Formaci\u00f3n Docente Continua<\/p>\n<\/div><\/div>\n\n\n\n<div class=\"wp-block-media-text alignwide is-stacked-on-mobile is-vertically-aligned-top\" style=\"grid-template-columns:29% auto\"><figure class=\"wp-block-media-text__media\"><img decoding=\"async\" loading=\"lazy\" width=\"1280\" height=\"923\" src=\"https:\/\/des-ers.infd.edu.ar\/sitio\/wp-content\/uploads\/2021\/08\/WhatsApp-Image-2021-08-24-at-11.16.11-4.jpeg\" alt=\"\" class=\"wp-image-6572 size-full\" srcset=\"https:\/\/des-ers.infd.edu.ar\/sitio\/wp-content\/uploads\/2021\/08\/WhatsApp-Image-2021-08-24-at-11.16.11-4.jpeg 1280w, https:\/\/des-ers.infd.edu.ar\/sitio\/wp-content\/uploads\/2021\/08\/WhatsApp-Image-2021-08-24-at-11.16.11-4-1000x721.jpeg 1000w, https:\/\/des-ers.infd.edu.ar\/sitio\/wp-content\/uploads\/2021\/08\/WhatsApp-Image-2021-08-24-at-11.16.11-4-768x554.jpeg 768w\" sizes=\"(max-width: 1280px) 100vw, 1280px\" \/><\/figure><div class=\"wp-block-media-text__content\">\n<p style=\"font-size:15px\">Impulsada por la Direcci\u00f3n de Educaci\u00f3n Superior y el Instituto Superior de Formaci\u00f3n Docente \u00abDr. Miguel Puiggari\u00bb de Libertador San Mart\u00edn, departamento Diamante, y con el trabajo mancomunado con el Archivo General de la provincia de Entre R\u00edos, se lleva adelante el\u00a0<strong><em>Post\u00edtulo \u00abDiplomatura Superior en Historia de Entre R\u00edos<\/em><\/strong>.\u00bb<\/p>\n\n\n\n<div class=\"wp-block-buttons is-content-justification-right is-layout-flex\">\n<div class=\"wp-block-button is-style-outline\"><a class=\"wp-block-button__link no-border-radius\" href=\"https:\/\/des-ers.infd.edu.ar\/sitio\/diplomatura-en-historia-de-entre-rios\/\" target=\"_blank\" rel=\"noreferrer noopener\">Leer m\u00e1s&#8230;<\/a><\/div>\n<\/div>\n<\/div><\/div>\n\n\n\n<div class=\"wp-block-media-text alignwide is-stacked-on-mobile is-vertically-aligned-top\" style=\"grid-template-columns:29% auto\"><figure class=\"wp-block-media-text__media\"><img decoding=\"async\" loading=\"lazy\" width=\"800\" height=\"800\" src=\"https:\/\/des-ers.infd.edu.ar\/sitio\/wp-content\/uploads\/2021\/08\/WhatsApp-Image-2021-08-23-at-18.37.07-5.jpeg\" alt=\"\" class=\"wp-image-6526 size-full\" srcset=\"https:\/\/des-ers.infd.edu.ar\/sitio\/wp-content\/uploads\/2021\/08\/WhatsApp-Image-2021-08-23-at-18.37.07-5.jpeg 800w, https:\/\/des-ers.infd.edu.ar\/sitio\/wp-content\/uploads\/2021\/08\/WhatsApp-Image-2021-08-23-at-18.37.07-5-500x500.jpeg 500w, https:\/\/des-ers.infd.edu.ar\/sitio\/wp-content\/uploads\/2021\/08\/WhatsApp-Image-2021-08-23-at-18.37.07-5-768x768.jpeg 768w\" sizes=\"(max-width: 800px) 100vw, 800px\" \/><\/figure><div class=\"wp-block-media-text__content\">\n<p style=\"font-size:15px\">El pr\u00f3ximo 24 de septiembre y 14 de octubre del corriente a\u00f1o, se realizar\u00e1 el<strong> \u201cConversatorio de Formaci\u00f3n sobre Gesti\u00f3n Pedag\u00f3gica Institucional en el Nivel Superior\u201d<\/strong>, el cual se desarrollar\u00e1 de forma virtual a trav\u00e9s de la Plataforma Meet y ser\u00e1 retransmitido por YouTube.<\/p>\n\n\n\n<div class=\"wp-block-buttons is-content-justification-right is-layout-flex\">\n<div class=\"wp-block-button is-style-outline\"><a class=\"wp-block-button__link no-border-radius\" href=\"https:\/\/des-ers.infd.edu.ar\/sitio\/conversatorio-de-formacion-sobre-gestion-pedagogica-institucional-en-el-nivel-superior\/\" target=\"_blank\" rel=\"noreferrer noopener\">Leer m\u00e1s&#8230;<\/a><\/div>\n<\/div>\n<\/div><\/div>\n\n\n\n<div class=\"wp-block-media-text alignwide is-stacked-on-mobile is-vertically-aligned-top\" style=\"grid-template-columns:29% auto\"><figure class=\"wp-block-media-text__media\"><img decoding=\"async\" loading=\"lazy\" width=\"1080\" height=\"1080\" src=\"https:\/\/des-ers.infd.edu.ar\/sitio\/wp-content\/uploads\/2021\/08\/aa91c689-450e-470b-b228-220afe137191.jpg\" alt=\"\" class=\"wp-image-6458 size-full\" srcset=\"https:\/\/des-ers.infd.edu.ar\/sitio\/wp-content\/uploads\/2021\/08\/aa91c689-450e-470b-b228-220afe137191.jpg 1080w, https:\/\/des-ers.infd.edu.ar\/sitio\/wp-content\/uploads\/2021\/08\/aa91c689-450e-470b-b228-220afe137191-1000x1000.jpg 1000w, https:\/\/des-ers.infd.edu.ar\/sitio\/wp-content\/uploads\/2021\/08\/aa91c689-450e-470b-b228-220afe137191-500x500.jpg 500w, https:\/\/des-ers.infd.edu.ar\/sitio\/wp-content\/uploads\/2021\/08\/aa91c689-450e-470b-b228-220afe137191-768x768.jpg 768w\" sizes=\"(max-width: 1080px) 100vw, 1080px\" \/><\/figure><div class=\"wp-block-media-text__content\">\n<p style=\"font-size:15px\">La<em>\u00a0Coordinaci\u00f3n de Desarrollo Curricular y Formaci\u00f3n Docente Permanente\u00a0<\/em>informa que desde el 23\/8 al 30\/9 del corriente a\u00f1o estar\u00e1 abierta la segunda convocatoria anual a presentaci\u00f3n de proyectos de formaci\u00f3n docente a trav\u00e9s de SAGE.<\/p>\n\n\n\n<div class=\"wp-block-buttons is-content-justification-right is-layout-flex\">\n<div class=\"wp-block-button is-style-outline\"><a class=\"wp-block-button__link no-border-radius\" href=\"https:\/\/des-ers.infd.edu.ar\/sitio\/presentacion-de-propuestas-de-formacion-docente\/\" target=\"_blank\" rel=\"noreferrer noopener\">Leer m\u00e1s&#8230;<\/a><\/div>\n<\/div>\n<\/div><\/div>\n\n\n\n<div class=\"wp-block-media-text alignwide is-stacked-on-mobile is-vertically-aligned-top\" style=\"grid-template-columns:29% auto\"><figure class=\"wp-block-media-text__media\"><img decoding=\"async\" loading=\"lazy\" width=\"800\" height=\"800\" src=\"https:\/\/des-ers.infd.edu.ar\/sitio\/wp-content\/uploads\/2021\/08\/WhatsApp-Image-2021-08-19-at-09.50.45-1.jpeg\" alt=\"\" class=\"wp-image-6290 size-full\" srcset=\"https:\/\/des-ers.infd.edu.ar\/sitio\/wp-content\/uploads\/2021\/08\/WhatsApp-Image-2021-08-19-at-09.50.45-1.jpeg 800w, https:\/\/des-ers.infd.edu.ar\/sitio\/wp-content\/uploads\/2021\/08\/WhatsApp-Image-2021-08-19-at-09.50.45-1-500x500.jpeg 500w, https:\/\/des-ers.infd.edu.ar\/sitio\/wp-content\/uploads\/2021\/08\/WhatsApp-Image-2021-08-19-at-09.50.45-1-768x768.jpeg 768w\" sizes=\"(max-width: 800px) 100vw, 800px\" \/><\/figure><div class=\"wp-block-media-text__content\">\n<p style=\"font-size:15px\">Inici\u00f3 el primero de cuatro m\u00f3dulos con m\u00e1s de 180 inscriptos del curso \u00abEducaci\u00f3n Sexual Integral en la Formaci\u00f3n Superior\u00bb, a cargo del Lic. Bruno Baz\u00e1n, responsable de contenidos acad\u00e9micos de ESI y diversidad del INFoD.<\/p>\n\n\n\n<div class=\"wp-block-buttons is-content-justification-right is-layout-flex\">\n<div class=\"wp-block-button is-style-outline\"><a class=\"wp-block-button__link no-border-radius\" href=\"https:\/\/des-ers.infd.edu.ar\/sitio\/educacion-sexual-integral-en-la-formacion-superior\/\" target=\"_blank\" rel=\"noreferrer noopener\">Leer m\u00e1s&#8230;<\/a><\/div>\n<\/div>\n<\/div><\/div>\n\n\n\n<p><\/p>\n","protected":false},"excerpt":{"rendered":"","protected":false},"author":15210,"featured_media":0,"parent":0,"menu_order":0,"comment_status":"closed","ping_status":"closed","template":"","meta":[],"acf":[],"_links":{"self":[{"href":"https:\/\/des-ers.infd.edu.ar\/sitio\/wp-json\/wp\/v2\/pages\/6574"}],"collection":[{"href":"https:\/\/des-ers.infd.edu.ar\/sitio\/wp-json\/wp\/v2\/pages"}],"about":[{"href":"https:\/\/des-ers.infd.edu.ar\/sitio\/wp-json\/wp\/v2\/types\/page"}],"author":[{"embeddable":true,"href":"https:\/\/des-ers.infd.edu.ar\/sitio\/wp-json\/wp\/v2\/users\/15210"}],"replies":[{"embeddable":true,"href":"https:\/\/des-ers.infd.edu.ar\/sitio\/wp-json\/wp\/v2\/comments?post=6574"}],"version-history":[{"count":11,"href":"https:\/\/des-ers.infd.edu.ar\/sitio\/wp-json\/wp\/v2\/pages\/6574\/revisions"}],"predecessor-version":[{"id":6594,"href":"https:\/\/des-ers.infd.edu.ar\/sitio\/wp-json\/wp\/v2\/pages\/6574\/revisions\/6594"}],"wp:attachment":[{"href":"https:\/\/des-ers.infd.edu.ar\/sitio\/wp-json\/wp\/v2\/media?parent=6574"}],"curies":[{"name":"wp","href":"https:\/\/api.w.org\/{rel}","templated":true}]}}