{"id":6485,"date":"2021-08-22T14:07:11","date_gmt":"2021-08-22T17:07:11","guid":{"rendered":"https:\/\/des-ers.infd.edu.ar\/sitio\/?page_id=6485"},"modified":"2023-04-03T14:06:41","modified_gmt":"2023-04-03T17:06:41","slug":"canales-de-comunicacion","status":"publish","type":"page","link":"https:\/\/des-ers.infd.edu.ar\/sitio\/canales-de-comunicacion\/","title":{"rendered":"Canales de comunicaci\u00f3n"},"content":{"rendered":"\n<div class=\"wp-block-cover\" style=\"min-height:72px\"><span aria-hidden=\"true\" class=\"wp-block-cover__background has-vivid-cyan-blue-background-color has-background-dim-30 has-background-dim\"><\/span><img decoding=\"async\" loading=\"lazy\" width=\"847\" height=\"535\" class=\"wp-block-cover__image-background wp-image-6471\" alt=\"\" src=\"https:\/\/des-ers.infd.edu.ar\/sitio\/wp-content\/uploads\/2021\/08\/id2.jpg\" style=\"object-position:65% 41%\" data-object-fit=\"cover\" data-object-position=\"65% 41%\" srcset=\"https:\/\/des-ers.infd.edu.ar\/sitio\/wp-content\/uploads\/2021\/08\/id2.jpg 847w, https:\/\/des-ers.infd.edu.ar\/sitio\/wp-content\/uploads\/2021\/08\/id2-768x485.jpg 768w\" sizes=\"(max-width: 847px) 100vw, 847px\" \/><div class=\"wp-block-cover__inner-container\">\n<p class=\"has-text-align-left has-medium-font-size\"><strong>Canales de comunicaci\u00f3n<\/strong><\/p>\n<\/div><\/div>\n\n\n\n<h6 class=\"wp-block-heading\">Direcciones de correos electr\u00f3nicos<\/h6>\n\n\n\n<p class=\"has-text-align-center\"><strong>Direcci\u00f3n de Educaci\u00f3n Superior:<\/strong> <em>superior.cge@entrerios.edu.ar<\/em><\/p>\n\n\n\n<p class=\"has-text-align-center\"><strong>Pol\u00edticas Estudiantiles:<\/strong> <em>pe.superior.cge@entrerios.edu.ar<\/em><\/p>\n\n\n\n<p class=\"has-text-align-center\"><strong>Vinculaci\u00f3n y Pr\u00e1cticas:<\/strong> <em>fp.superior.cge@entrerios.edu.ar<\/em><\/p>\n\n\n\n<p class=\"has-text-align-center\"><strong>Formaci\u00f3n Cont\u00ednua:<em> <\/em><\/strong><em>fc.superior.cge@entrerios.edu.ar<\/em><\/p>\n\n\n\n<p class=\"has-text-align-center\"><strong>Informaci\u00f3n y Datos:<\/strong> <em>id.superior.cge@entrerios.edu.ar<\/em><\/p>\n\n\n\n<p><\/p>\n\n\n\n<h6 class=\"wp-block-heading\">Redes sociales<\/h6>\n\n\n\n<p class=\"has-text-align-center\"><strong>Instagram:<\/strong><a rel=\"noreferrer noopener\" href=\"https:\/\/www.instagram.com\/superiorentrerios\/\" data-type=\"URL\" data-id=\"https:\/\/www.instagram.com\/superiorentrerios\/\" target=\"_blank\"> https:\/\/www.instagram.com\/superiorentrerios\/<\/a><\/p>\n\n\n\n<p class=\"has-text-align-center\"><strong>Facebook:<\/strong> <a href=\"https:\/\/www.facebook.com\/direcciondesuperior\/\" target=\"_blank\" rel=\"noreferrer noopener\">https:\/\/www.facebook.com\/direcciondesuperior\/<\/a><\/p>\n","protected":false},"excerpt":{"rendered":"<p>Direcciones de correos electr\u00f3nicos Direcci\u00f3n de Educaci\u00f3n Superior: superior.cge@entrerios.edu.ar Pol\u00edticas Estudiantiles: pe.superior.cge@entrerios.edu.ar Vinculaci\u00f3n y Pr\u00e1cticas: fp.superior.cge@entrerios.edu.ar Formaci\u00f3n Cont\u00ednua: fc.superior.cge@entrerios.edu.ar Informaci\u00f3n y Datos: id.superior.cge@entrerios.edu.ar Redes sociales Instagram: https:\/\/www.instagram.com\/superiorentrerios\/ Facebook: https:\/\/www.facebook.com\/direcciondesuperior\/<\/p>\n","protected":false},"author":15210,"featured_media":0,"parent":0,"menu_order":0,"comment_status":"closed","ping_status":"closed","template":"","meta":[],"acf":[],"_links":{"self":[{"href":"https:\/\/des-ers.infd.edu.ar\/sitio\/wp-json\/wp\/v2\/pages\/6485"}],"collection":[{"href":"https:\/\/des-ers.infd.edu.ar\/sitio\/wp-json\/wp\/v2\/pages"}],"about":[{"href":"https:\/\/des-ers.infd.edu.ar\/sitio\/wp-json\/wp\/v2\/types\/page"}],"author":[{"embeddable":true,"href":"https:\/\/des-ers.infd.edu.ar\/sitio\/wp-json\/wp\/v2\/users\/15210"}],"replies":[{"embeddable":true,"href":"https:\/\/des-ers.infd.edu.ar\/sitio\/wp-json\/wp\/v2\/comments?post=6485"}],"version-history":[{"count":4,"href":"https:\/\/des-ers.infd.edu.ar\/sitio\/wp-json\/wp\/v2\/pages\/6485\/revisions"}],"predecessor-version":[{"id":9601,"href":"https:\/\/des-ers.infd.edu.ar\/sitio\/wp-json\/wp\/v2\/pages\/6485\/revisions\/9601"}],"wp:attachment":[{"href":"https:\/\/des-ers.infd.edu.ar\/sitio\/wp-json\/wp\/v2\/media?parent=6485"}],"curies":[{"name":"wp","href":"https:\/\/api.w.org\/{rel}","templated":true}]}}