{"id":6464,"date":"2021-08-22T11:48:04","date_gmt":"2021-08-22T14:48:04","guid":{"rendered":"https:\/\/des-ers.infd.edu.ar\/sitio\/?page_id=6464"},"modified":"2023-04-03T14:05:11","modified_gmt":"2023-04-03T17:05:11","slug":"area-informacion-y-datos","status":"publish","type":"page","link":"https:\/\/des-ers.infd.edu.ar\/sitio\/area-informacion-y-datos\/","title":{"rendered":"\u00c1rea Informaci\u00f3n y Datos"},"content":{"rendered":"\n<div class=\"wp-block-cover\" style=\"min-height:50px\"><span aria-hidden=\"true\" class=\"wp-block-cover__background has-vivid-cyan-blue-background-color has-background-dim\"><\/span><img decoding=\"async\" loading=\"lazy\" width=\"847\" height=\"535\" class=\"wp-block-cover__image-background wp-image-6471\" alt=\"\" src=\"https:\/\/des-ers.infd.edu.ar\/sitio\/wp-content\/uploads\/2021\/08\/id2.jpg\" style=\"object-position:48% 43%\" data-object-fit=\"cover\" data-object-position=\"48% 43%\" srcset=\"https:\/\/des-ers.infd.edu.ar\/sitio\/wp-content\/uploads\/2021\/08\/id2.jpg 847w, https:\/\/des-ers.infd.edu.ar\/sitio\/wp-content\/uploads\/2021\/08\/id2-768x485.jpg 768w\" sizes=\"(max-width: 847px) 100vw, 847px\" \/><div class=\"wp-block-cover__inner-container\">\n<h2 class=\"has-medium-font-size wp-block-heading\"><strong>\u00c1rea Informaci\u00f3n y Dato<\/strong>s<\/h2>\n<\/div><\/div>\n\n\n\n<h5 class=\"has-text-align-center wp-block-heading\">Digitalizaci\u00f3n y Modernizaci\u00f3n de la Direcci\u00f3n de Nivel<\/h5>\n\n\n\n<hr class=\"wp-block-separator has-css-opacity is-style-wide\"\/>\n\n\n\n<pre class=\"wp-block-preformatted\"><em><strong>Reordenamiento y centralizaci\u00f3n de la informaci\u00f3n<\/strong>: proteger y mantener de forma adecuada todo el material que es parte fundamental de la Direcci\u00f3n<\/em> <em>de Educaci\u00f3n Superior <\/em><\/pre>\n\n\n\n<hr class=\"wp-block-separator has-css-opacity is-style-wide\"\/>\n\n\n\n<div class=\"wp-block-media-text alignwide has-media-on-the-right is-stacked-on-mobile is-vertically-aligned-center\"><div class=\"wp-block-media-text__content\">\n<p>La digitalizaci\u00f3n de documentos es un proceso tecnol\u00f3gico que implica pasar documentaci\u00f3n f\u00edsica a formato digital aplicando t\u00e9cnicas de escaneo e incluso fotograf\u00edas con retoques de imagen.<\/p>\n<\/div><figure class=\"wp-block-media-text__media\"><img decoding=\"async\" loading=\"lazy\" width=\"400\" height=\"300\" src=\"https:\/\/des-ers.infd.edu.ar\/sitio\/wp-content\/uploads\/2021\/08\/digitalizacion-documentos.jpg\" alt=\"\" class=\"wp-image-6480 size-full\"\/><\/figure><\/div>\n\n\n\n<blockquote class=\"wp-block-quote\">\n<p><strong><em>El proceso est\u00e1 pensado en 2 pasos distintos pero en simult\u00e1neo<\/em><\/strong>:<\/p>\n\n\n\n<p><strong>1.<\/strong> <strong>Documentos Digitales:<\/strong><\/p>\n\n\n\n<p>        &gt; Recuperaci\u00f3n, centralizaci\u00f3n y respaldo de la informaci\u00f3n&nbsp;en diferentes soportes.<\/p>\n\n\n\n<p>        &gt; Organizaci\u00f3n por Gesti\u00f3n, a\u00f1os y categor\u00edas.&nbsp;<\/p>\n\n\n\n<p><strong>2.<\/strong> <strong>Documentos F\u00edsicos:<\/strong><\/p>\n\n\n\n<p>        &gt; Se utiliza el m\u00e9todo de digitalizaci\u00f3n temporal, teniendo como indicador la fecha de cada  documentaci\u00f3n f\u00edsica.<\/p>\n<\/blockquote>\n\n\n\n<p>Este trabajo que se puso en marcha, en el a\u00f1o 2021, permite resguardar y preservar archivos, documentos e informaci\u00f3n de suma importancia para la Direcci\u00f3n del Nivel, a la vez que, brinda mayor accesibilidad a la misma.<\/p>\n\n\n\n<div class=\"wp-block-buttons is-horizontal is-content-justification-center is-layout-flex wp-container-1\">\n<div class=\"wp-block-button has-custom-width wp-block-button__width-75 is-style-outline\"><a class=\"wp-block-button__link wp-element-button\" href=\"https:\/\/des-ers.infd.edu.ar\/sitio\/canales-de-comunicacion\/\" target=\"_blank\" rel=\"noreferrer noopener\"><em>&gt; Canales de comunicaci\u00f3n<\/em><\/a><\/div>\n<\/div>\n","protected":false},"excerpt":{"rendered":"<p>Digitalizaci\u00f3n y Modernizaci\u00f3n de la Direcci\u00f3n de Nivel Reordenamiento y centralizaci\u00f3n de la informaci\u00f3n: proteger y mantener de forma adecuada todo el material que es parte fundamental de la Direcci\u00f3n de Educaci\u00f3n Superior La digitalizaci\u00f3n de documentos es un proceso tecnol\u00f3gico que implica pasar documentaci\u00f3n f\u00edsica a formato digital aplicando t\u00e9cnicas de escaneo e incluso &#8230; <a title=\"\u00c1rea Informaci\u00f3n y Datos\" class=\"read-more\" href=\"https:\/\/des-ers.infd.edu.ar\/sitio\/area-informacion-y-datos\/\" aria-label=\"More on \u00c1rea Informaci\u00f3n y Datos\">[+]<\/a><\/p>\n","protected":false},"author":15210,"featured_media":0,"parent":0,"menu_order":0,"comment_status":"closed","ping_status":"closed","template":"","meta":[],"acf":[],"_links":{"self":[{"href":"https:\/\/des-ers.infd.edu.ar\/sitio\/wp-json\/wp\/v2\/pages\/6464"}],"collection":[{"href":"https:\/\/des-ers.infd.edu.ar\/sitio\/wp-json\/wp\/v2\/pages"}],"about":[{"href":"https:\/\/des-ers.infd.edu.ar\/sitio\/wp-json\/wp\/v2\/types\/page"}],"author":[{"embeddable":true,"href":"https:\/\/des-ers.infd.edu.ar\/sitio\/wp-json\/wp\/v2\/users\/15210"}],"replies":[{"embeddable":true,"href":"https:\/\/des-ers.infd.edu.ar\/sitio\/wp-json\/wp\/v2\/comments?post=6464"}],"version-history":[{"count":17,"href":"https:\/\/des-ers.infd.edu.ar\/sitio\/wp-json\/wp\/v2\/pages\/6464\/revisions"}],"predecessor-version":[{"id":9598,"href":"https:\/\/des-ers.infd.edu.ar\/sitio\/wp-json\/wp\/v2\/pages\/6464\/revisions\/9598"}],"wp:attachment":[{"href":"https:\/\/des-ers.infd.edu.ar\/sitio\/wp-json\/wp\/v2\/media?parent=6464"}],"curies":[{"name":"wp","href":"https:\/\/api.w.org\/{rel}","templated":true}]}}