{"id":6162,"date":"2021-08-10T13:13:33","date_gmt":"2021-08-10T16:13:33","guid":{"rendered":"https:\/\/des-ers.infd.edu.ar\/sitio\/?page_id=6162"},"modified":"2022-11-23T13:06:16","modified_gmt":"2022-11-23T16:06:16","slug":"ano-2021","status":"publish","type":"page","link":"https:\/\/des-ers.infd.edu.ar\/sitio\/ano-2021\/","title":{"rendered":"A\u00f1o 2021"},"content":{"rendered":"\n<div class=\"wp-block-cover has-white-background-color\" style=\"min-height:55px\"><img decoding=\"async\" loading=\"lazy\" width=\"709\" height=\"685\" class=\"wp-block-cover__image-background wp-image-5502\" alt=\"\" src=\"https:\/\/des-ers.infd.edu.ar\/sitio\/wp-content\/uploads\/2018\/09\/DIRECCION-DE-EDUCACION-SUPERIOR_4.png\" style=\"object-position:47% 63%\" data-object-fit=\"cover\" data-object-position=\"47% 63%\"\/><div class=\"wp-block-cover__inner-container\">\n<p class=\"has-text-align-center has-large-font-size\"><span class=\"has-inline-color has-black-color\">A\u00f1o 2021<\/span><\/p>\n<\/div><\/div>\n\n\n\n<div class=\"wp-block-group\"><div class=\"wp-block-group__inner-container is-layout-flow\">\n<p class=\"has-text-align-center\" style=\"font-size:25px\"><strong>Proyectos de Fortalecimiento Institucional<\/strong><\/p>\n\n\n\n<p class=\"has-text-align-center has-medium-font-size\"><strong><em>Plan Nacional de Formaci\u00f3n Docente 2021 &#8211; 2023 | INFoD<\/em><\/strong><\/p>\n\n\n\n<p>Presentamos y dejamos a disposici\u00f3n el Informe Preliminar Jurisdiccional del Proyecto de Fortalecimiento Institucional, de la provincia de Entre R\u00edos.<br>El estado de situaci\u00f3n de la ejecuci\u00f3n de La l\u00ednea de acci\u00f3n \u201cProyectos de Fortalecimiento Institucional\u201d enmarcadas en el Plan Nacional de Formaci\u00f3n Docente 2021- 2023, ejecutado en la Jurisdicci\u00f3n de Entre R\u00edos, que se estructura alrededor de los siguientes ejes: <\/p>\n\n\n\n<ol><li>La integralidad del sistema formador.<\/li><li>El fortalecimiento de las instituciones.<\/li><li>Los desaf\u00edos de la ense\u00f1anza en la nueva escena pedag\u00f3gica.<\/li><li>El protagonismo de los y las estudiantes en su formaci\u00f3n, financiado por INFOD.<\/li><\/ol>\n\n\n\n<hr class=\"wp-block-separator\"\/>\n\n\n\n<div class=\"wp-block-file aligncenter\"><a href=\"https:\/\/des-ers.infd.edu.ar\/sitio\/wp-content\/uploads\/2022\/07\/RESOLUCION-MINISTERIAL-4007-2021-1.pdf\"><em>Resoluci\u00f3n N\u00b0 4007\/21 ME<\/em><\/a><a href=\"https:\/\/des-ers.infd.edu.ar\/sitio\/wp-content\/uploads\/2022\/07\/RESOLUCION-MINISTERIAL-4007-2021-1.pdf\" class=\"wp-block-file__button\" download>Descarga<\/a><\/div>\n\n\n\n<hr class=\"wp-block-separator\"\/>\n\n\n\n<div class=\"wp-block-file\"><a href=\"https:\/\/des-ers.infd.edu.ar\/sitio\/wp-content\/uploads\/2022\/07\/Entre-Rios-Informe-preliminar-mayo.pdf\"><strong>Entre R\u00edos | Informe preliminar<\/strong><\/a><a href=\"https:\/\/des-ers.infd.edu.ar\/sitio\/wp-content\/uploads\/2022\/07\/Entre-Rios-Informe-preliminar-mayo.pdf\" class=\"wp-block-file__button\" download>Descarga<\/a><\/div>\n\n\n\n<div class=\"wp-block-file\"><a href=\"https:\/\/des-ers.infd.edu.ar\/sitio\/wp-content\/uploads\/2022\/11\/Informe-conjunto-fortalecimiento-2.pdf\" target=\"_blank\" rel=\"noreferrer noopener\"><strong>Informe conjunto | Fortalecimiento<\/strong><\/a><a href=\"https:\/\/des-ers.infd.edu.ar\/sitio\/wp-content\/uploads\/2022\/11\/Informe-conjunto-fortalecimiento-2.pdf\" class=\"wp-block-file__button\" download>Descarga<\/a><\/div>\n<\/div><\/div>\n\n\n\n<hr class=\"wp-block-separator is-style-wide\"\/>\n\n\n\n<figure class=\"wp-block-embed is-type-video is-provider-youtube wp-block-embed-youtube wp-embed-aspect-16-9 wp-has-aspect-ratio\"><div class=\"wp-block-embed__wrapper\">\nhttps:\/\/youtu.be\/7iUy0aJFyK8\n<\/div><\/figure>\n\n\n\n<hr class=\"wp-block-separator is-style-wide\"\/>\n\n\n\n<div class=\"wp-block-media-text alignwide is-stacked-on-mobile is-vertically-aligned-top\" style=\"grid-template-columns:30% auto\"><figure class=\"wp-block-media-text__media\"><img decoding=\"async\" loading=\"lazy\" width=\"720\" height=\"720\" src=\"https:\/\/des-ers.infd.edu.ar\/sitio\/wp-content\/uploads\/2021\/08\/Folleto-Proyectos-Fortal-2021-2.jpeg\" alt=\"\" class=\"wp-image-6151 size-full\" srcset=\"https:\/\/des-ers.infd.edu.ar\/sitio\/wp-content\/uploads\/2021\/08\/Folleto-Proyectos-Fortal-2021-2.jpeg 720w, https:\/\/des-ers.infd.edu.ar\/sitio\/wp-content\/uploads\/2021\/08\/Folleto-Proyectos-Fortal-2021-2-500x500.jpeg 500w\" sizes=\"(max-width: 720px) 100vw, 720px\" \/><\/figure><div class=\"wp-block-media-text__content\">\n<p class=\"has-text-align-left\">Se abre la convocatoria, desde el 2 de Agosto hasta el d\u00eda 31 del mismo mes del 2021, a proyectos de fortalecimiento institucional, que tienen como objetivos principales el acompa\u00f1ar y fortalecer el sistema formador en la nueva escena pedag\u00f3gica&#8230;<\/p>\n\n\n\n<div class=\"wp-block-buttons is-content-justification-right is-layout-flex\">\n<div class=\"wp-block-button is-style-outline\"><a class=\"wp-block-button__link no-border-radius\" href=\"https:\/\/des-ers.infd.edu.ar\/sitio\/6142-2\/\" target=\"_blank\" rel=\"noreferrer noopener\">Leer m\u00e1s&#8230;<\/a><\/div>\n<\/div>\n<\/div><\/div>\n\n\n\n<p><\/p>\n","protected":false},"excerpt":{"rendered":"<p>Proyectos de Fortalecimiento Institucional Plan Nacional de Formaci\u00f3n Docente 2021 &#8211; 2023 | INFoD Presentamos y dejamos a disposici\u00f3n el Informe Preliminar Jurisdiccional del Proyecto de Fortalecimiento Institucional, de la provincia de Entre R\u00edos.El estado de situaci\u00f3n de la ejecuci\u00f3n de La l\u00ednea de acci\u00f3n \u201cProyectos de Fortalecimiento Institucional\u201d enmarcadas en el Plan Nacional de &#8230; <a title=\"A\u00f1o 2021\" class=\"read-more\" href=\"https:\/\/des-ers.infd.edu.ar\/sitio\/ano-2021\/\" aria-label=\"More on A\u00f1o 2021\">[+]<\/a><\/p>\n","protected":false},"author":15210,"featured_media":0,"parent":0,"menu_order":0,"comment_status":"closed","ping_status":"closed","template":"","meta":[],"acf":[],"_links":{"self":[{"href":"https:\/\/des-ers.infd.edu.ar\/sitio\/wp-json\/wp\/v2\/pages\/6162"}],"collection":[{"href":"https:\/\/des-ers.infd.edu.ar\/sitio\/wp-json\/wp\/v2\/pages"}],"about":[{"href":"https:\/\/des-ers.infd.edu.ar\/sitio\/wp-json\/wp\/v2\/types\/page"}],"author":[{"embeddable":true,"href":"https:\/\/des-ers.infd.edu.ar\/sitio\/wp-json\/wp\/v2\/users\/15210"}],"replies":[{"embeddable":true,"href":"https:\/\/des-ers.infd.edu.ar\/sitio\/wp-json\/wp\/v2\/comments?post=6162"}],"version-history":[{"count":19,"href":"https:\/\/des-ers.infd.edu.ar\/sitio\/wp-json\/wp\/v2\/pages\/6162\/revisions"}],"predecessor-version":[{"id":8528,"href":"https:\/\/des-ers.infd.edu.ar\/sitio\/wp-json\/wp\/v2\/pages\/6162\/revisions\/8528"}],"wp:attachment":[{"href":"https:\/\/des-ers.infd.edu.ar\/sitio\/wp-json\/wp\/v2\/media?parent=6162"}],"curies":[{"name":"wp","href":"https:\/\/api.w.org\/{rel}","templated":true}]}}