{"id":6159,"date":"2021-08-10T13:03:42","date_gmt":"2021-08-10T16:03:42","guid":{"rendered":"https:\/\/des-ers.infd.edu.ar\/sitio\/?page_id=6159"},"modified":"2022-11-23T10:49:37","modified_gmt":"2022-11-23T13:49:37","slug":"proyectos-de-fortalecimiento-institucional","status":"publish","type":"page","link":"https:\/\/des-ers.infd.edu.ar\/sitio\/proyectos-de-fortalecimiento-institucional\/","title":{"rendered":"Proyectos de Fortalecimiento Institucional"},"content":{"rendered":"\n<div class=\"wp-block-cover has-white-background-color\" style=\"min-height:55px\"><img decoding=\"async\" loading=\"lazy\" width=\"709\" height=\"685\" class=\"wp-block-cover__image-background wp-image-5502\" alt=\"\" src=\"https:\/\/des-ers.infd.edu.ar\/sitio\/wp-content\/uploads\/2018\/09\/DIRECCION-DE-EDUCACION-SUPERIOR_4.png\" style=\"object-position:49% 62%\" data-object-fit=\"cover\" data-object-position=\"49% 62%\"\/><div class=\"wp-block-cover__inner-container\">\n<p class=\"has-text-align-center has-large-font-size\"><span class=\"has-inline-color has-black-color\">Proyectos de Fortalecimiento Institucional<\/span><\/p>\n<\/div><\/div>\n\n\n\n<hr class=\"wp-block-separator is-style-wide\"\/>\n\n\n\n<p>Los proyectos de fortalecimiento institucional tienen como principal meta acompa\u00f1ar y fortalecer el sistema formador, enriqueciendo las trayectorias de los estudiantes de formaci\u00f3n docente.<\/p>\n\n\n\n<blockquote class=\"wp-block-quote has-text-align-center\"><p><em>Integralidad del sistema formador.<\/em><\/p><p><em>Fortalecimiento de las instituciones.<\/em><\/p><p><em>Desaf\u00edos de la ense\u00f1anza en la nueva escena pedag\u00f3gica<\/em><\/p><p><em>Protagonismo de los y las estudiantes en su formaci\u00f3n.<\/em><\/p><\/blockquote>\n\n\n\n<hr class=\"wp-block-separator is-style-wide\"\/>\n\n\n\n<div class=\"wp-block-buttons is-content-justification-center is-layout-flex\">\n<div class=\"wp-block-button has-custom-width wp-block-button__width-75 is-style-outline\"><a class=\"wp-block-button__link\" href=\"https:\/\/des-ers.infd.edu.ar\/sitio\/ano-2022\/\" style=\"border-radius:5px\" target=\"_blank\" rel=\"noreferrer noopener\">A\u00f1o 2022<\/a><\/div>\n<\/div>\n\n\n\n<div class=\"wp-block-buttons is-content-justification-center is-layout-flex\">\n<div class=\"wp-block-button has-custom-width wp-block-button__width-75 is-style-outline\"><a class=\"wp-block-button__link\" href=\"https:\/\/des-ers.infd.edu.ar\/sitio\/ano-2021\/\" style=\"border-radius:5px\" target=\"_blank\" rel=\"noreferrer noopener\">A\u00f1o 2021<\/a><\/div>\n<\/div>\n\n\n\n<p><\/p>\n","protected":false},"excerpt":{"rendered":"<p>Los proyectos de fortalecimiento institucional tienen como principal meta acompa\u00f1ar y fortalecer el sistema formador, enriqueciendo las trayectorias de los estudiantes de formaci\u00f3n docente. Integralidad del sistema formador. Fortalecimiento de las instituciones. Desaf\u00edos de la ense\u00f1anza en la nueva escena pedag\u00f3gica Protagonismo de los y las estudiantes en su formaci\u00f3n.<\/p>\n","protected":false},"author":15210,"featured_media":0,"parent":0,"menu_order":0,"comment_status":"closed","ping_status":"closed","template":"","meta":[],"acf":[],"_links":{"self":[{"href":"https:\/\/des-ers.infd.edu.ar\/sitio\/wp-json\/wp\/v2\/pages\/6159"}],"collection":[{"href":"https:\/\/des-ers.infd.edu.ar\/sitio\/wp-json\/wp\/v2\/pages"}],"about":[{"href":"https:\/\/des-ers.infd.edu.ar\/sitio\/wp-json\/wp\/v2\/types\/page"}],"author":[{"embeddable":true,"href":"https:\/\/des-ers.infd.edu.ar\/sitio\/wp-json\/wp\/v2\/users\/15210"}],"replies":[{"embeddable":true,"href":"https:\/\/des-ers.infd.edu.ar\/sitio\/wp-json\/wp\/v2\/comments?post=6159"}],"version-history":[{"count":7,"href":"https:\/\/des-ers.infd.edu.ar\/sitio\/wp-json\/wp\/v2\/pages\/6159\/revisions"}],"predecessor-version":[{"id":8518,"href":"https:\/\/des-ers.infd.edu.ar\/sitio\/wp-json\/wp\/v2\/pages\/6159\/revisions\/8518"}],"wp:attachment":[{"href":"https:\/\/des-ers.infd.edu.ar\/sitio\/wp-json\/wp\/v2\/media?parent=6159"}],"curies":[{"name":"wp","href":"https:\/\/api.w.org\/{rel}","templated":true}]}}