{"id":5711,"date":"2020-05-23T15:53:23","date_gmt":"2020-05-23T18:53:23","guid":{"rendered":"https:\/\/des-ers.infd.edu.ar\/sitio\/?page_id=5711"},"modified":"2020-05-23T16:16:56","modified_gmt":"2020-05-23T19:16:56","slug":"ano-2020-2","status":"publish","type":"page","link":"https:\/\/des-ers.infd.edu.ar\/sitio\/ano-2020-2\/","title":{"rendered":"A\u00f1o 2020"},"content":{"rendered":"<table class=\" aligncenter\" style=\"width: 508px; height: 537px;\" border=\"0\" frame=\"below\">\n<tbody>\n<tr style=\"background-color: #ffffff;\">\n<td class=\"Borde_rojo\" style=\"width: 396px;\">\n<p style=\"text-align: left;\"><span style=\"font-family: arial, helvetica, sans-serif; font-size: 10pt;\"><span style=\"text-decoration: underline; color: #0000ff;\"><strong>Disposici\u00f3n N\u00ba 016\/20 DES:<\/strong><\/span> <span style=\"background-color: #ffffff; color: #000000;\"><strong>Aprobar la conformaci\u00f3n de los Consejos Evaluadores Institucionales de los Institutos dependiente de esta Direcci\u00f3n, desde el 7 de marzo y por el presente ciclo lectivo, cuya n\u00f3mina de docentes con la correspondiente asignaci\u00f3n de horas y compensaci\u00f3n por traslado.<\/strong><\/span><\/span><\/p>\n<\/td>\n<td class=\"Borde_rojo\" style=\"width: 72px;\">\n<p style=\"text-align: justify;\"><a href=\"https:\/\/des-ers.infd.edu.ar\/sitio\/wp-content\/uploads\/2020\/05\/Disposici\u00f3n-N\u00ba-016.pdf\"><span style=\"font-family: arial, helvetica, sans-serif; color: #0000ff; font-size: 10pt;\"><strong><span style=\"color: #0000ff;\">Descargar<\/span><\/strong><\/span><\/a><\/p>\n<\/td>\n<\/tr>\n<tr style=\"background-color: #ffffff;\">\n<td class=\"Borde_rojo\" style=\"width: 396px;\"><\/td>\n<td class=\"Borde_rojo\" style=\"width: 72px;\"><\/td>\n<\/tr>\n<tr style=\"background-color: #ffffff;\">\n<td class=\"Borde_rojo\" style=\"width: 396px;\"><\/td>\n<td class=\"Borde_rojo\" style=\"width: 72px;\"><\/td>\n<\/tr>\n<tr style=\"background-color: #ffffff;\">\n<td class=\"Borde_rojo\" style=\"width: 396px;\"><\/td>\n<td class=\"Borde_rojo\" style=\"width: 72px;\"><\/td>\n<\/tr>\n<tr style=\"background-color: #ffffff;\">\n<td class=\"Borde_rojo\" style=\"width: 396px;\"><\/td>\n<td class=\"Borde_rojo\" style=\"width: 72px;\"><\/td>\n<\/tr>\n<tr style=\"background-color: #ffffff;\">\n<td class=\"Borde_rojo\" style=\"width: 396px;\"><\/td>\n<td class=\"Borde_rojo\" style=\"width: 72px;\"><\/td>\n<\/tr>\n<tr style=\"background-color: #ffffff;\">\n<td class=\"Borde_rojo\" style=\"width: 396px;\"><\/td>\n<td class=\"Borde_rojo\" style=\"width: 72px;\"><\/td>\n<\/tr>\n<tr style=\"background-color: #ffffff;\">\n<td class=\"Borde_rojo\" style=\"width: 396px;\"><\/td>\n<td class=\"Borde_rojo\" style=\"width: 72px;\"><\/td>\n<\/tr>\n<tr style=\"background-color: #ffffff;\">\n<td class=\"Borde_rojo\" style=\"width: 396px;\"><\/td>\n<td class=\"Borde_rojo\" style=\"width: 72px;\"><\/td>\n<\/tr>\n<\/tbody>\n<\/table>\n","protected":false},"excerpt":{"rendered":"<p>Disposici\u00f3n N\u00ba 016\/20 DES: Aprobar la conformaci\u00f3n de los Consejos Evaluadores Institucionales de los Institutos dependiente de esta Direcci\u00f3n, desde el 7 de marzo y por el presente ciclo lectivo, cuya n\u00f3mina de docentes con la correspondiente asignaci\u00f3n de horas y compensaci\u00f3n por traslado. Descargar<\/p>\n","protected":false},"author":8056,"featured_media":0,"parent":0,"menu_order":0,"comment_status":"closed","ping_status":"closed","template":"","meta":[],"acf":[],"_links":{"self":[{"href":"https:\/\/des-ers.infd.edu.ar\/sitio\/wp-json\/wp\/v2\/pages\/5711"}],"collection":[{"href":"https:\/\/des-ers.infd.edu.ar\/sitio\/wp-json\/wp\/v2\/pages"}],"about":[{"href":"https:\/\/des-ers.infd.edu.ar\/sitio\/wp-json\/wp\/v2\/types\/page"}],"author":[{"embeddable":true,"href":"https:\/\/des-ers.infd.edu.ar\/sitio\/wp-json\/wp\/v2\/users\/8056"}],"replies":[{"embeddable":true,"href":"https:\/\/des-ers.infd.edu.ar\/sitio\/wp-json\/wp\/v2\/comments?post=5711"}],"version-history":[{"count":3,"href":"https:\/\/des-ers.infd.edu.ar\/sitio\/wp-json\/wp\/v2\/pages\/5711\/revisions"}],"predecessor-version":[{"id":5720,"href":"https:\/\/des-ers.infd.edu.ar\/sitio\/wp-json\/wp\/v2\/pages\/5711\/revisions\/5720"}],"wp:attachment":[{"href":"https:\/\/des-ers.infd.edu.ar\/sitio\/wp-json\/wp\/v2\/media?parent=5711"}],"curies":[{"name":"wp","href":"https:\/\/api.w.org\/{rel}","templated":true}]}}