{"id":5603,"date":"2019-02-07T14:48:25","date_gmt":"2019-02-07T17:48:25","guid":{"rendered":"https:\/\/des-ers.infd.edu.ar\/sitio\/?page_id=5603"},"modified":"2019-02-07T14:51:45","modified_gmt":"2019-02-07T17:51:45","slug":"ano-2019","status":"publish","type":"page","link":"https:\/\/des-ers.infd.edu.ar\/sitio\/ano-2019\/","title":{"rendered":"A\u00f1o 2019"},"content":{"rendered":"<p class=\"titulo1\" style=\"text-align: center;\"><span style=\"font-size: 10pt; font-family: arial, helvetica, sans-serif;\" data-mce-mark=\"1\"><strong>RESOLUCIONES CGE A\u00d1O\u00a02019<\/strong><\/span><\/p>\n<table class=\" aligncenter\" style=\"width: 486px; height: 843px;\" border=\"0\" cellpadding=\"0\">\n<tbody>\n<tr>\n<td>\n<p style=\"text-align: justify;\"><span style=\"font-size: 10pt; font-family: arial, helvetica, sans-serif;\" data-mce-mark=\"1\"><span style=\"color: #0000ff;\"><strong>RESOLUCI\u00d3N N\u00b0 305\/19 CGE:\u00a0<\/strong><\/span>Autorizar la continuidad de las carreras de Formaci\u00f3n Docente y de Formaci\u00f3n T\u00e9cnico Profesional a partir del Ciclo Lectivo 2019.<\/span><\/p>\n<\/td>\n<td style=\"text-align: center;\">\n<p style=\"text-align: justify;\"><span style=\"font-size: 10pt; font-family: arial, helvetica, sans-serif;\" data-mce-mark=\"1\">\u00a0<img decoding=\"async\" style=\"display: block; margin-left: auto; margin-right: auto;\" title=\"Icono pdf\" src=\"https:\/\/des-ers.infd.edu.ar\/sitio\/wp-content\/uploads\/2018\/07\/icono_pdf.gif\" alt=\"Icono pdf\" border=\"0\" \/><\/span><\/p>\n<p><a href=\"https:\/\/des-ers.infd.edu.ar\/sitio\/wp-content\/uploads\/2019\/02\/0305-19-CGE-Omnibus-Continuidad-de-carreras-de-Formaci\u00f3n-Docente-y-T\u00e9cnico-Profesional-de-la-Direcci\u00f3n-de-Educaci\u00f3n-Superior-1.pdf\">Descargar<\/a><\/td>\n<\/tr>\n<tr>\n<td><\/td>\n<td style=\"text-align: center;\"><\/td>\n<\/tr>\n<tr>\n<td><\/td>\n<td style=\"text-align: center;\"><\/td>\n<\/tr>\n<tr>\n<td><\/td>\n<td style=\"text-align: center;\"><\/td>\n<\/tr>\n<tr>\n<td><\/td>\n<td style=\"text-align: center;\"><\/td>\n<\/tr>\n<tr>\n<td><\/td>\n<td style=\"text-align: center;\"><\/td>\n<\/tr>\n<tr>\n<td><\/td>\n<td style=\"text-align: center;\"><\/td>\n<\/tr>\n<tr>\n<td><\/td>\n<td style=\"text-align: center;\"><\/td>\n<\/tr>\n<tr>\n<td><\/td>\n<td style=\"text-align: center;\"><\/td>\n<\/tr>\n<tr>\n<td><\/td>\n<td style=\"text-align: center;\"><\/td>\n<\/tr>\n<tr>\n<td><\/td>\n<td style=\"text-align: center;\"><\/td>\n<\/tr>\n<tr>\n<td><\/td>\n<td style=\"text-align: center;\"><\/td>\n<\/tr>\n<tr>\n<td><\/td>\n<td style=\"text-align: center;\"><\/td>\n<\/tr>\n<tr>\n<td><\/td>\n<td style=\"text-align: center;\"><\/td>\n<\/tr>\n<tr>\n<td><\/td>\n<td style=\"text-align: center;\"><\/td>\n<\/tr>\n<tr>\n<td><\/td>\n<td style=\"text-align: center;\"><\/td>\n<\/tr>\n<tr>\n<td><\/td>\n<td style=\"text-align: center;\"><\/td>\n<\/tr>\n<tr>\n<td><\/td>\n<td style=\"text-align: center;\"><\/td>\n<\/tr>\n<tr>\n<td><\/td>\n<td style=\"text-align: center;\"><\/td>\n<\/tr>\n<tr>\n<td><\/td>\n<td style=\"text-align: center;\"><\/td>\n<\/tr>\n<tr>\n<td><\/td>\n<td style=\"text-align: center;\"><\/td>\n<\/tr>\n<tr>\n<td><\/td>\n<td style=\"text-align: center;\"><\/td>\n<\/tr>\n<tr>\n<td><\/td>\n<td style=\"text-align: center;\"><\/td>\n<\/tr>\n<tr>\n<td><\/td>\n<td style=\"text-align: center;\"><\/td>\n<\/tr>\n<\/tbody>\n<\/table>\n","protected":false},"excerpt":{"rendered":"<p>RESOLUCIONES CGE A\u00d1O\u00a02019 RESOLUCI\u00d3N N\u00b0 305\/19 CGE:\u00a0Autorizar la continuidad de las carreras de Formaci\u00f3n Docente y de Formaci\u00f3n T\u00e9cnico Profesional a partir del Ciclo Lectivo 2019. \u00a0 Descargar<\/p>\n","protected":false},"author":8056,"featured_media":0,"parent":0,"menu_order":0,"comment_status":"closed","ping_status":"closed","template":"","meta":[],"acf":[],"_links":{"self":[{"href":"https:\/\/des-ers.infd.edu.ar\/sitio\/wp-json\/wp\/v2\/pages\/5603"}],"collection":[{"href":"https:\/\/des-ers.infd.edu.ar\/sitio\/wp-json\/wp\/v2\/pages"}],"about":[{"href":"https:\/\/des-ers.infd.edu.ar\/sitio\/wp-json\/wp\/v2\/types\/page"}],"author":[{"embeddable":true,"href":"https:\/\/des-ers.infd.edu.ar\/sitio\/wp-json\/wp\/v2\/users\/8056"}],"replies":[{"embeddable":true,"href":"https:\/\/des-ers.infd.edu.ar\/sitio\/wp-json\/wp\/v2\/comments?post=5603"}],"version-history":[{"count":3,"href":"https:\/\/des-ers.infd.edu.ar\/sitio\/wp-json\/wp\/v2\/pages\/5603\/revisions"}],"predecessor-version":[{"id":5624,"href":"https:\/\/des-ers.infd.edu.ar\/sitio\/wp-json\/wp\/v2\/pages\/5603\/revisions\/5624"}],"wp:attachment":[{"href":"https:\/\/des-ers.infd.edu.ar\/sitio\/wp-json\/wp\/v2\/media?parent=5603"}],"curies":[{"name":"wp","href":"https:\/\/api.w.org\/{rel}","templated":true}]}}