{"id":3197,"date":"2018-07-03T13:19:10","date_gmt":"2018-07-03T16:19:10","guid":{"rendered":"https:\/\/des-ers.infd.edu.ar\/sitio\/ano-2018-2\/"},"modified":"2020-05-23T16:16:53","modified_gmt":"2020-05-23T19:16:53","slug":"ano-2018-2","status":"publish","type":"page","link":"https:\/\/des-ers.infd.edu.ar\/sitio\/ano-2018-2\/","title":{"rendered":"A\u00f1o 2018"},"content":{"rendered":"<table style=\"width: 510px;\" border=\"0\" frame=\"below\">\n<tbody>\n<tr style=\"background-color: #ffffff;\">\n<td class=\"Borde_rojo\" style=\"width: 396px;\">\n<p style=\"text-align: justify;\"><span style=\"font-family: arial, helvetica, sans-serif; font-size: 10pt;\"><span style=\"text-decoration: underline; color: #0000ff;\"><strong>Disposici\u00f3n N\u00ba 001\/18 DES:<\/strong><\/span>\u00a0<em>Autorizar el desarrollo de las mesas examinadoras para el Profesorado de Educaci\u00f3n T\u00e9cnico Profesional en concurrencia con t\u00edtulo de base, el d\u00eda 10 de marzo de 2018.<\/em><\/span><\/p>\n<\/td>\n<td class=\"Borde_rojo\" style=\"width: 72px;\">\n<p style=\"text-align: justify;\"><span style=\"font-family: arial, helvetica, sans-serif; color: #0000ff; font-size: 10pt;\"><strong><span style=\"color: #0000ff;\"><a title=\"DISPOSICION 1 - 2018\" href=\"upload\/DISPOSICION_1_-_2018.pdf\" target=\"_blank\" rel=\"noopener\">Descargar<\/a><\/span><\/strong><\/span><\/p>\n<\/td>\n<\/tr>\n<tr style=\"background-color: #ffffff;\">\n<td class=\"Borde_rojo\" style=\"width: 396px;\">\n<p style=\"text-align: justify;\"><span style=\"font-family: arial, helvetica, sans-serif; font-size: 10pt;\"><span style=\"text-decoration: underline; color: #0000ff;\"><strong>Disposici\u00f3n N\u00ba 002\/18 DES:<\/strong><\/span><span style=\"color: #000000;\"><em>\u00a0Rectificar parcialmente el Art. 1\u00ba de la Disposici\u00f3n N\u00ba 025\/17 DES correspondiente al nombre y localidad de la escuela que present\u00f3 proyecto de investigaci\u00f3n.\u00a0<\/em><\/span><\/span><\/p>\n<\/td>\n<td class=\"Borde_rojo\" style=\"width: 72px;\">\n<p style=\"text-align: justify;\"><span style=\"font-family: arial, helvetica, sans-serif; font-size: 10pt;\"><strong><a title=\"DISPOSICION 2 - 2018\" href=\"upload\/DISPOSICION_2_-_2018.pdf\" target=\"_blank\" rel=\"noopener\">Descargar<\/a><\/strong><\/span><\/p>\n<\/td>\n<\/tr>\n<tr style=\"background-color: #ffffff;\">\n<td class=\"Borde_rojo\" style=\"width: 396px;\">\n<p style=\"text-align: justify;\"><span style=\"font-family: arial, helvetica, sans-serif; font-size: 10pt;\"><span style=\"text-decoration: underline; color: #0000ff;\"><strong>Disposici\u00f3n N\u00ba 003\/18 DES:<\/strong><\/span><span style=\"color: #0000ff;\"><strong><span style=\"color: #000000;\"><em>\u00a0Aprobar y poner en vigencia la distribuci\u00f3n de 924 horas c\u00e1tedra de Nivel Superior para la Coordinaci\u00f3n del Campo de Formaci\u00f3n en la Pr\u00e1ctica Profesional y los Proyectos de Formaci\u00f3n, seg\u00fan el anexo de la presente Disposici\u00f3n, a partir del 10 de marzo de 2018.\u00a0<\/em><\/span><\/strong><\/span><\/span><\/p>\n<\/td>\n<td class=\"Borde_rojo\" style=\"width: 72px;\">\n<p style=\"text-align: justify;\"><span style=\"font-family: arial, helvetica, sans-serif; color: #0000ff; font-size: 10pt;\"><strong><a style=\"color: #0000ff;\" title=\"DISPOSICION 3 - 2018\" href=\"upload\/DISPOSICION_3_-_2018.pdf\" target=\"_blank\" rel=\"noopener\">Descargar<\/a><\/strong><\/span><\/p>\n<\/td>\n<\/tr>\n<tr style=\"background-color: #ffffff;\">\n<td class=\"Borde_rojo\" style=\"width: 396px;\">\n<p style=\"text-align: justify;\"><span style=\"font-family: arial, helvetica, sans-serif; font-size: 10pt;\"><span style=\"text-decoration: underline; color: #0000ff;\"><strong>Disposici\u00f3n N\u00b0 005\/18 DES:<\/strong><\/span>\u00a0A<strong>probar la conformaci\u00f3n de los Consejos Evaluadores Institucionales de los Institutos dependiente de la Direcci\u00f3n de Educaci\u00f3n Superior del CGE, para el ciclo lectivo 2018.<\/strong><\/span><\/p>\n<\/td>\n<td class=\"Borde_rojo\" style=\"width: 72px;\"><span style=\"font-family: arial, helvetica, sans-serif; font-size: 10pt;\"><a title=\"DISPOSICI\u00d3N 5 - DES 2018\" href=\"upload\/Disposicion_005_Consejo_Evaluador.PDF\" target=\"_blank\" rel=\"noopener\">\u00a0<span style=\"color: #3366ff;\">Descargar<\/span>\u00a0<\/a><\/span><\/td>\n<\/tr>\n<tr style=\"background-color: #ffffff;\">\n<td class=\"Borde_rojo\" style=\"width: 396px;\">\n<p style=\"text-align: justify;\"><span style=\"font-family: arial, helvetica, sans-serif; font-size: 10pt;\"><span style=\"text-decoration: underline; color: #0000ff;\"><strong>Disposici\u00f3n N\u00b0 006\/18 DES<span style=\"background-color: #ffffff; color: #000000; text-decoration: underline;\">:<\/span><\/strong><\/span><span style=\"background-color: #ffffff; color: #000000;\"><strong> Aprobar la conformaci\u00f3n del Consejo Evaluador Institucional del Instituto Superior de Disciplinas Industriales y Ciencias Agropecuarias CUE 300003000, para el ciclo lectivo 2018.<\/strong><\/span><\/span><\/p>\n<\/td>\n<td class=\"Borde_rojo\" style=\"width: 72px;\"><strong><span style=\"font-family: arial, helvetica, sans-serif; font-size: 10pt; color: #3366ff;\"><a style=\"color: #3366ff;\" title=\"DISPOSICI\u00d3N 6 - DES 2018\" href=\"upload\/Disposicion_006-18_DES_1.pdf\">Descargar<\/a><\/span><\/strong><\/td>\n<\/tr>\n<tr style=\"background-color: #ffffff;\">\n<td class=\"Borde_rojo\" style=\"width: 396px;\">\n<p style=\"text-align: justify;\"><span style=\"font-family: arial, helvetica, sans-serif; font-size: 10pt;\"><span style=\"text-decoration: underline; color: #0000ff;\"><strong>Disposici\u00f3n N\u00b0 007\/18 DES<span style=\"background-color: #ffffff; color: #000000; text-decoration: underline;\">:<\/span><\/strong><\/span><span style=\"background-color: #ffffff; color: #000000;\"><strong> Aprobar la conformaci\u00f3n de los Consejos Evaluadores Institucionales de los Institutos dependiente de esta Direcci\u00f3n, desde el 10 de marzo y por el presente ciclo lectivo, cuya n\u00f3mina de docentes con la correspondiente asignaci\u00f3n de horas y compensaci\u00f3n por traslado.<br \/>\n<\/strong><\/span><\/span><\/p>\n<\/td>\n<td class=\"Borde_rojo\" style=\"width: 72px;\"><a title=\"Disposici\u00f3n 2018\" href=\"upload\/disposicion_007.pdf\" target=\"_blank\" rel=\"noopener\"><span style=\"font-family: arial, helvetica, sans-serif; font-size: 10pt; color: #3366ff;\"><span style=\"font-family: arial, helvetica, sans-serif; color: #0000ff; font-size: 10pt;\"><strong>Descargar<\/strong><\/span><\/span><\/a><\/td>\n<\/tr>\n<tr style=\"background-color: #ffffff;\">\n<td class=\"Borde_rojo\" style=\"width: 396px;\">\n<p style=\"text-align: justify;\"><span style=\"font-family: arial, helvetica, sans-serif; font-size: 10pt;\"><span style=\"text-decoration: underline; color: #0000ff;\"><strong>Disposici\u00f3n N\u00b0 010\/18 DES<span style=\"background-color: #ffffff; color: #000000; text-decoration: underline;\">:<\/span><\/strong><\/span><span style=\"color: #0000ff;\"><strong><span style=\"background-color: #ffffff; color: #000000;\"> Rectificar en el anexo de la disposici\u00f3n 007\/18 DES los datos de una de las integrantes del Consejo Evaluador del ISFD \u00abDr. Miguel Puiggari\u00bb, de la localidad hom\u00f3nima, del Departamento Diamante.<br \/>\n<\/span><\/strong><\/span><\/span><\/p>\n<\/td>\n<td class=\"Borde_rojo\" style=\"width: 72px;\"><a title=\"Disposici\u00f3n 010\" href=\"upload\/Disposicion__010_inst._sup.__f.__d._de_puiggari.pdf\" target=\"_blank\" rel=\"noopener\"><span style=\"font-family: arial, helvetica, sans-serif; font-size: 10pt; color: #3366ff;\"><span style=\"font-family: arial, helvetica, sans-serif; color: #0000ff; font-size: 10pt;\"><strong>Descargar<\/strong><\/span><\/span><\/a><\/td>\n<\/tr>\n<tr style=\"background-color: #ffffff;\">\n<td class=\"Borde_rojo\" style=\"width: 396px;\">\n<p style=\"text-align: justify;\"><span style=\"font-family: arial, helvetica, sans-serif; font-size: 10pt;\"><span style=\"text-decoration: underline; color: #0000ff;\"><strong>Disposici\u00f3n N\u00b0 011\/18 DES<span style=\"background-color: #ffffff; color: #000000; text-decoration: underline;\">:<\/span><\/strong><\/span><span style=\"color: #0000ff;\"><strong><span style=\"background-color: #ffffff; color: #000000;\"> Ampliar los alcances de la Disposici\u00f3n 005\/18 DES de fecha 12 de marzo de 2018, por la cual se aprueba la conformaci\u00f3n de los Consejos Evaluadores Institucionales de los institutos dependientes de esta direcci\u00f3n.<br \/>\n<\/span><\/strong><\/span><\/span><\/p>\n<\/td>\n<td class=\"Borde_rojo\" style=\"width: 72px;\"><a title=\"Disposici\u00f3n 011\" href=\"upload\/dispo_011_consejos_evaluadores.pdf\" target=\"_blank\" rel=\"noopener\"><span style=\"font-family: arial, helvetica, sans-serif; font-size: 10pt; color: #3366ff;\"><span style=\"font-family: arial, helvetica, sans-serif; color: #0000ff; font-size: 10pt;\"><strong>Descargar<\/strong><\/span><\/span><\/a><\/td>\n<\/tr>\n<tr style=\"background-color: #ffffff;\">\n<td class=\"Borde_rojo\" style=\"width: 396px;\">\n<p style=\"text-align: justify;\"><span style=\"font-family: arial, helvetica, sans-serif; font-size: 10pt;\"><span style=\"text-decoration: underline; color: #0000ff;\"><strong>Disposici\u00f3n N\u00b0 012\/18 DES<span style=\"background-color: #ffffff; color: #000000; text-decoration: underline;\">:<\/span><\/strong><\/span><span style=\"background-color: #ffffff; color: #000000;\"><strong> Ampliar la disposici\u00f3n 005\/18 DES de fecha 12 de marzo de 2018, incorporando la asignaci\u00f3n de horas y compensaci\u00f3n de esta direcci\u00f3n, a partir del 12 de marzo y hasta el 30 de junio del corriente a\u00f1o seg\u00fan obran en el anexo de la presente.<br \/>\n<\/strong><\/span><\/span><\/p>\n<\/td>\n<td class=\"Borde_rojo\" style=\"width: 72px;\"><a title=\"Disposici\u00f3n 012\" href=\"upload\/disposicion_012.jpg\" target=\"_blank\" rel=\"noopener\"><span style=\"font-family: arial, helvetica, sans-serif; font-size: 10pt; color: #3366ff;\"><span style=\"font-family: arial, helvetica, sans-serif; color: #0000ff; font-size: 10pt;\"><strong>Descargar<\/strong><\/span><\/span><\/a><\/td>\n<\/tr>\n<\/tbody>\n<\/table>\n","protected":false},"excerpt":{"rendered":"<p>Disposici\u00f3n N\u00ba 001\/18 DES:\u00a0Autorizar el desarrollo de las mesas examinadoras para el Profesorado de Educaci\u00f3n T\u00e9cnico Profesional en concurrencia con t\u00edtulo de base, el d\u00eda 10 de marzo de 2018. Descargar Disposici\u00f3n N\u00ba 002\/18 DES:\u00a0Rectificar parcialmente el Art. 1\u00ba de la Disposici\u00f3n N\u00ba 025\/17 DES correspondiente al nombre y localidad de la escuela que present\u00f3 &#8230; <a title=\"A\u00f1o 2018\" class=\"read-more\" href=\"https:\/\/des-ers.infd.edu.ar\/sitio\/ano-2018-2\/\" aria-label=\"More on A\u00f1o 2018\">[+]<\/a><\/p>\n","protected":false},"author":2706,"featured_media":0,"parent":0,"menu_order":0,"comment_status":"closed","ping_status":"closed","template":"","meta":[],"acf":[],"_links":{"self":[{"href":"https:\/\/des-ers.infd.edu.ar\/sitio\/wp-json\/wp\/v2\/pages\/3197"}],"collection":[{"href":"https:\/\/des-ers.infd.edu.ar\/sitio\/wp-json\/wp\/v2\/pages"}],"about":[{"href":"https:\/\/des-ers.infd.edu.ar\/sitio\/wp-json\/wp\/v2\/types\/page"}],"author":[{"embeddable":true,"href":"https:\/\/des-ers.infd.edu.ar\/sitio\/wp-json\/wp\/v2\/users\/2706"}],"replies":[{"embeddable":true,"href":"https:\/\/des-ers.infd.edu.ar\/sitio\/wp-json\/wp\/v2\/comments?post=3197"}],"version-history":[{"count":2,"href":"https:\/\/des-ers.infd.edu.ar\/sitio\/wp-json\/wp\/v2\/pages\/3197\/revisions"}],"predecessor-version":[{"id":5719,"href":"https:\/\/des-ers.infd.edu.ar\/sitio\/wp-json\/wp\/v2\/pages\/3197\/revisions\/5719"}],"wp:attachment":[{"href":"https:\/\/des-ers.infd.edu.ar\/sitio\/wp-json\/wp\/v2\/media?parent=3197"}],"curies":[{"name":"wp","href":"https:\/\/api.w.org\/{rel}","templated":true}]}}