{"id":3195,"date":"2018-07-03T13:19:10","date_gmt":"2018-07-03T16:19:10","guid":{"rendered":"https:\/\/des-ers.infd.edu.ar\/sitio\/ano-2018\/"},"modified":"2021-08-17T11:51:45","modified_gmt":"2021-08-17T14:51:45","slug":"ano-2018","status":"publish","type":"page","link":"https:\/\/des-ers.infd.edu.ar\/sitio\/ano-2018\/","title":{"rendered":"A\u00f1o 2018"},"content":{"rendered":"\n<div class=\"wp-block-cover has-vivid-cyan-blue-background-color has-background-dim\" style=\"min-height:94px\"><img decoding=\"async\" loading=\"lazy\" width=\"940\" height=\"788\" class=\"wp-block-cover__image-background wp-image-5586\" alt=\"\" src=\"https:\/\/des-ers.infd.edu.ar\/sitio\/wp-content\/uploads\/2018\/11\/Ignoramos-nuestra-propia-estaturahasta-que-nos-ponemos-de-pie.png\" style=\"object-position:50% 1%\" data-object-fit=\"cover\" data-object-position=\"50% 1%\" srcset=\"https:\/\/des-ers.infd.edu.ar\/sitio\/wp-content\/uploads\/2018\/11\/Ignoramos-nuestra-propia-estaturahasta-que-nos-ponemos-de-pie.png 940w, https:\/\/des-ers.infd.edu.ar\/sitio\/wp-content\/uploads\/2018\/11\/Ignoramos-nuestra-propia-estaturahasta-que-nos-ponemos-de-pie-768x644.png 768w\" sizes=\"(max-width: 940px) 100vw, 940px\" \/><div class=\"wp-block-cover__inner-container\">\n<p class=\"has-text-align-center has-large-font-size\">A\u00f1o 2018<\/p>\n<\/div><\/div>\n\n\n<table border=\"0\">\n<tbody>\n<tr style=\"height: 81px;\">\n<td class=\"Borde_rojo\" style=\"background-color: #ffffff; text-align: justify;\">\n<p><span style=\"font-family: arial, helvetica, sans-serif;\"><strong><span style=\"font-size: 10pt;\"><span style=\"text-decoration: underline;\"><span style=\"color: #0000ff; text-decoration: underline;\">Resoluci\u00f3n N\u00ba 0339\/18 CGE:<\/span><\/span>&nbsp;<span style=\"color: #333333;\"><em>Autorizar la continuidad de las carreras de Formaci\u00f3n Docente y de Formaci\u00f3n T\u00e9cnico Profesional por el t\u00e9rmino de una (1) cohorte a partir del Ciclo Lectivo 2018.<\/em><\/span><\/span><\/strong><\/span><\/p>\n<\/td>\n<td class=\"Borde_rojo\" style=\"background-color: #ffffff; text-align: justify;\">\n<p><span style=\"font-family: arial, helvetica, sans-serif;\"><strong><span style=\"font-size: 10pt;\">&nbsp;<span style=\"color: #0000ff;\"><a style=\"color: #0000ff;\" title=\"0339-18 CGE Autoriza continuidad carreras de Formaci\u00f3n Docente y T\u00e9cnico Profesional 2018\" href=\"upload\/0339-18_CGE_Autoriza_continuidad_carreras_de_Formacion_Docente_y_Tecnico_Profesional_2018.pdf\" target=\"_blank\" rel=\"noopener\">Descargar<\/a><\/span><\/span><\/strong><\/span><\/p>\n<\/td>\n<\/tr>\n<tr style=\"height: 81px;\">\n<td class=\"Borde_rojo\" style=\"background-color: #ffffff; text-align: justify;\">\n<p><span style=\"font-family: arial, helvetica, sans-serif;\"><strong><span style=\"font-size: 10pt;\"><span style=\"color: #0000ff;\"><span style=\"text-decoration: underline;\">Resoluci\u00f3n N\u00ba 0188\/18 CGE:<\/span>&nbsp;<\/span>Reconocer la certificaci\u00f3n de la Propuesta de Formacion desarrollada por los Institutos Superiores de Formaci\u00f3n Docente durante el a\u00f1o 2017, en el marco de los proyectos de Vinculaci\u00f3n.&nbsp;<\/span><\/strong><\/span><\/p>\n<\/td>\n<td class=\"Borde_rojo\" style=\"background-color: #ffffff; text-align: justify;\">\n<p><span style=\"font-family: arial, helvetica, sans-serif; color: #0000ff;\"><strong><span style=\"font-size: 10pt;\"><a style=\"color: #0000ff;\" href=\"upload\/0188-18_CGE_Reconoce_Cartificacion_de_Propuesta_de_Formacion_desarrollada_por_Institutos_Superiores_de_Formacion_Docente_2017.pdf\">Descargar<\/a><\/span><\/strong><\/span><\/p>\n<\/td>\n<\/tr>\n<tr style=\"height: 81px;\">\n<td class=\"Borde_rojo\" style=\"background-color: #ffffff; text-align: justify;\">\n<p><span style=\"font-family: arial, helvetica, sans-serif;\"><strong><span style=\"font-size: 10pt;\"><span style=\"color: #0000ff;\"><span style=\"text-decoration: underline;\"><span style=\"color: #0000ff; text-decoration: underline;\">Resoluci\u00f3n N\u00ba 0724\/18 CGE:<\/span><\/span><span style=\"color: #0000ff;\">&nbsp;<\/span> <span><em><span style=\"color: #000000;\">Reasignar las Seiscientas Ochenta y Cuatro (684) horas c\u00e1tedra de nivel superior para cubrir la funci\u00f3n de Referente T\u00e9cnico Institucional del Programa Conectar Igualdad, durante el<\/span> <\/em><\/span><span style=\"color: #333333;\"><em>Ciclo Lectivo 2018.<\/em><\/span><\/span><\/span><\/strong><\/span><\/p>\n<\/td>\n<td class=\"Borde_rojo\" style=\"background-color: #ffffff; text-align: justify;\">\n<p><span style=\"font-family: arial, helvetica, sans-serif; color: #0000ff;\"><strong><span style=\"font-size: 10pt;\"><a style=\"color: #0000ff;\" title=\"0724-18 CGE Horas C\u00e1tedra de Superior para Referente T\u00e9cnico de Conectar Igualdad\" href=\"upload\/0724-18_CGE_Horas_Catedra_de_Superior_para_Referente_Tecnico_de_Conectar_Igualdad.pdf\" target=\"_blank\" rel=\"noopener\">Descargar<\/a><\/span><\/strong><\/span><\/p>\n<\/td>\n<\/tr>\n<tr style=\"height: 81px;\">\n<td class=\"Borde_rojo\" style=\"background-color: #ffffff; text-align: justify;\">\n<p><span style=\"font-family: arial, helvetica, sans-serif;\"><strong><span style=\"font-size: 10pt;\"><span style=\"color: #0000ff;\"><span style=\"text-decoration: underline;\"><span style=\"color: #0000ff; text-decoration: underline;\">Resoluci\u00f3n N\u00ba 0837\/18 CGE:<\/span><\/span><span style=\"color: #0000ff;\">&nbsp;<\/span><span style=\"color: #0000ff;\"><em><span style=\"color: #000000;\">Derogar la incorporaci\u00f3n de los Anexos Superiores a los establecimientos Educativos de Nivel Secundario, realizados en el a\u00f1o 2017 y que se incorporen a Instituciones Sedes de Nivel Superior para continuar el dictado acad\u00e9mico.<\/span><\/em><\/span><\/span><\/span><\/strong><\/span><\/p>\n<\/td>\n<td class=\"Borde_rojo\" style=\"background-color: #ffffff; text-align: justify;\">\n<p><span style=\"font-family: arial, helvetica, sans-serif; color: #0000ff;\"><strong><span style=\"font-size: 10pt;\"><a style=\"color: #0000ff;\" title=\"Res. 0837-18 CGE\" href=\"upload\/Res._0837-18_CGE.pdf\" target=\"_blank\" rel=\"noopener\">Descargar<\/a><\/span><\/strong><\/span><\/p>\n<\/td>\n<\/tr>\n<tr style=\"height: 81px;\">\n<td class=\"Borde_rojo\" style=\"background-color: #ffffff; text-align: justify;\">\n<p><span style=\"font-family: arial, helvetica, sans-serif;\"><strong><span style=\"font-size: 10pt;\"><span style=\"color: #0000ff;\"><span style=\"text-decoration: underline;\"><span style=\"color: #0000ff; text-decoration: underline;\">Resoluci\u00f3n N\u00ba 0982\/18 CGE:<\/span><\/span> <em><span style=\"color: #000000;\">Disponer que la Extensi\u00f3n \u00c1ulica que funciona en Aldea Brasilera, pase a Depender de la Sede del Instituto de Educaci\u00f3n Superior de Diamante, a partir del Ciclo Lectivo 2018.<br><\/span><\/em><\/span><\/span><\/strong><\/span><\/p>\n<\/td>\n<td class=\"Borde_rojo\" style=\"background-color: #ffffff; text-align: justify;\">&nbsp;<a title=\"0724-18 CGE Horas C\u00e1tedra de Superior para Referente T\u00e9cnico de Conectar Igualdad\" href=\"upload\/0724-18_CGE_Horas_Catedra_de_Superior_para_Referente_Tecnico_de_Conectar_Igualdad.pdf\" target=\"_blank\" rel=\"noopener\"><span style=\"font-size: 10pt; font-family: arial, helvetica, sans-serif; color: #0000ff;\"><strong>Descargar<\/strong><\/span><\/a><\/td>\n<\/tr>\n<tr style=\"height: 81px;\">\n<td class=\"Borde_rojo\" style=\"background-color: #ffffff; text-align: justify;\">\n<p><span style=\"font-family: arial, helvetica, sans-serif;\"><strong><span style=\"font-size: 10pt;\"><span style=\"color: #0000ff;\"><span style=\"text-decoration: underline;\"><span style=\"color: #0000ff; text-decoration: underline;\">Resoluci\u00f3n N\u00ba 0983\/18 CGE:<\/span><\/span> <em><span style=\"color: #000000;\">Dar continuidad a la carrera \u00abTecnicatura Superior en Econom\u00eda Social y Desarrollo Local\u00bb, en el instituto de Educaci\u00f3n Superior de Paran\u00e1.<br><\/span><\/em><\/span><\/span><\/strong><\/span><\/p>\n<\/td>\n<td class=\"Borde_rojo\" style=\"background-color: #ffffff; text-align: justify;\">&nbsp;<a title=\"Res 0983-18 CGE\" href=\"upload\/0983-18_CGE_Continuidad_Carrera_-Tecnicatura_Superior_en_economia_Social_y_Desarrollo_Local-_Inst_Educacion_Superior_de_Parana.pdf\" target=\"_blank\" rel=\"noopener\"><span style=\"font-size: 10pt; font-family: arial, helvetica, sans-serif; color: #0000ff;\"><strong>Descargar<\/strong><\/span><\/a><\/td>\n<\/tr>\n<tr style=\"height: 81px;\">\n<td class=\"Borde_rojo\" style=\"background-color: #ffffff; text-align: justify;\">&nbsp;<p><\/p>\n<p><span style=\"font-family: arial, helvetica, sans-serif;\"><strong><span style=\"font-size: 10pt;\"><span style=\"color: #0000ff;\"><span style=\"text-decoration: underline;\"><span style=\"color: #0000ff; text-decoration: underline;\">Resoluci\u00f3n N\u00ba 0984\/18 CGE:<\/span><\/span> <em><span style=\"color: #000000;\">Autorizar la continuidad de la carrera \u00abTecnicatura Superior en Dise\u00f1o Gr\u00e1fico y Publicitario\u00bb, a dictarse en la Escuela Normal Superior \u00abDr. Antonio Sagarna\u00bb de Nogoy\u00e1.<br><\/span><\/em><\/span><\/span><\/strong><\/span><\/p>\n<\/td>\n<td class=\"Borde_rojo\" style=\"background-color: #ffffff; text-align: justify;\">&nbsp;<a title=\"Res 0984-18 CGE\" href=\"upload\/0984-18_CGE_Continuidad_Carrera_-Tecnicatura_en_Disen_o_Hrafico_y_Publicitario-_Escuela_Normal_Superior_-Dr._Antonio_Sagarna-_Dpto_Nogoya.pdf\" target=\"_blank\" rel=\"noopener\"><span style=\"font-size: 10pt; font-family: arial, helvetica, sans-serif; color: #0000ff;\"><strong>Descargar<\/strong><\/span><\/a><\/td>\n<\/tr>\n<tr style=\"height: 81px;\">\n<td class=\"Borde_rojo\" style=\"background-color: #ffffff; text-align: justify;\">&nbsp;<p><\/p>\n<p><span style=\"font-family: arial, helvetica, sans-serif;\"><strong><span style=\"font-size: 10pt;\"><span style=\"color: #0000ff;\"><span style=\"text-decoration: underline;\"><span style=\"color: #0000ff; text-decoration: underline;\">Resoluci\u00f3n N\u00ba 0985\/18 CGE:<\/span><\/span> <em><span style=\"color: #000000;\">Autorizar la continuidad de la carrera \u00abProfesorado de Eucaci\u00f3n Secundaria en Matem\u00e1tica\u00bb. en la Escuela Normal Superior \u00abVictorino Viale\u00bb del Departamento Paran\u00e1.<br><\/span><\/em><\/span><\/span><\/strong><\/span><\/p>\n<\/td>\n<td class=\"Borde_rojo\" style=\"background-color: #ffffff; text-align: justify;\">&nbsp;<a title=\"Res 0985-18 CGE\" href=\"upload\/0985-18_CGE_Continuidad_Carrera_-Profesorado_de_educacion_Secundaria_en_Matematica-_Escuela_Normal_Superior_-Victorino_Viale-_Dpto_Parana.pdf\" target=\"_blank\" rel=\"noopener\"><span style=\"font-size: 10pt; font-family: arial, helvetica, sans-serif; color: #0000ff;\"><strong>Descargar<\/strong><\/span><\/a><\/td>\n<\/tr>\n<tr style=\"height: 81px;\">\n<td class=\"Borde_rojo\" style=\"background-color: #ffffff; text-align: justify;\">&nbsp;<p><\/p>\n<p><span style=\"font-family: arial, helvetica, sans-serif;\"><strong><span style=\"font-size: 10pt;\"><span style=\"color: #0000ff;\"><span style=\"text-decoration: underline;\"><span style=\"color: #0000ff; text-decoration: underline;\">Resoluci\u00f3n N\u00ba 0986\/18 CGE:<\/span><\/span> <em><span style=\"color: #000000;\">Autorizar la continuidad a la funci\u00f3n de Coordinaci\u00f3n de la Carrera \u00abTecnicaura Superior en An\u00e1lisis y Desarrollo de Software\u00bb en la extensi\u00f3n a\u00falica El Pingo, del IES \u00abRep\u00fablica de Entre R\u00edos\u00bb Mar\u00eda Grande.<br><\/span><\/em><\/span><\/span><\/strong><\/span><\/p>\n<\/td>\n<td class=\"Borde_rojo\" style=\"background-color: #ffffff; text-align: justify;\">&nbsp;<a title=\"Res 0986-18 CGE\" href=\"upload\/0986-18_CGE_Continuidad_Funcion_Coordinador_Carrera_-Tecnicatura_Superior_en_Analisis_y_Desarrollo_de_Software-_Inst_Sup_Educ_Sup_-Rep_Entre_Rios-_Dpto_Parana.pdf\" target=\"_blank\" rel=\"noopener\"><span style=\"font-size: 10pt; font-family: arial, helvetica, sans-serif; color: #0000ff;\"><strong>Descargar<\/strong><\/span><\/a><\/td>\n<\/tr>\n<tr style=\"height: 81px;\">\n<td class=\"Borde_rojo\" style=\"background-color: #ffffff; text-align: justify;\">&nbsp;<p><\/p>\n<p><span style=\"font-family: arial, helvetica, sans-serif;\"><strong><span style=\"font-size: 10pt;\"><span style=\"color: #0000ff;\"><span style=\"text-decoration: underline;\"><span style=\"color: #0000ff; text-decoration: underline;\">Resoluci\u00f3n N\u00ba 0987\/18 CGE:<\/span><\/span> <em><span style=\"color: #000000;\">Autorizar la continuidad de la carrera \u00abTecnicatura Superior en Turismo y Gesti\u00f3n de Servicios\u00bb, por el t\u00e9rmion de una cohorte a partir del ciclo Lectivo 2018.<br><\/span><\/em><\/span><\/span><\/strong><\/span><\/p>\n<\/td>\n<td class=\"Borde_rojo\" style=\"background-color: #ffffff; text-align: justify;\">&nbsp;<a title=\"Res 0987-18 CGE\" href=\"upload\/0987-18_CGE_Continuidad_Carrera_-Tecnicatura_Superior_en_Turismo_y_Gestion_de_Servicios-_Inst_Educacion_Superior_Santa_Elena_Dpto_La_Paz.pdf\" target=\"_blank\" rel=\"noopener\"><span style=\"font-size: 10pt; font-family: arial, helvetica, sans-serif; color: #0000ff;\"><strong>Descargar<\/strong><\/span><\/a><\/td>\n<\/tr>\n<tr style=\"height: 81px;\">\n<td class=\"Borde_rojo\" style=\"background-color: #ffffff; text-align: justify;\">\n<p><span style=\"font-family: arial, helvetica, sans-serif;\"><strong><span style=\"font-size: 10pt;\"><span style=\"color: #0000ff;\"><span style=\"text-decoration: underline;\"><span style=\"color: #0000ff; text-decoration: underline;\">Resoluci\u00f3n N\u00ba 0988\/18 CGE:<\/span><\/span> <em><span style=\"color: #000000;\">Autorizar la continuidad de la carrera \u00abProfesorado de Educaci\u00f3n Secundaria en F\u00edsica\u00bb por el t\u00e9rmino de una cohorte a partir del ciclo Lectivo 2018.<br><\/span><\/em><\/span><\/span><\/strong><\/span><\/p>\n<\/td>\n<td class=\"Borde_rojo\" style=\"background-color: #ffffff; text-align: justify;\">&nbsp;<a title=\"Res 0988-18 CGE\" href=\"upload\/0988-18_CGE_Continuidad_Carrera_-Profesorado_de_educacion_Secundaria_en_Fisica-_Instituto_Educacion_Superior_-Dr._Luis_F._Leloir-_Dpto_Gualeguay.pdf\" target=\"_blank\" rel=\"noopener\"><span style=\"font-size: 10pt; font-family: arial, helvetica, sans-serif; color: #0000ff;\"><strong>Descargar<\/strong><\/span><\/a><\/td>\n<\/tr>\n<tr style=\"height: 81px;\">\n<td class=\"Borde_rojo\" style=\"background-color: #ffffff; text-align: justify;\">\n<p><span style=\"font-family: arial, helvetica, sans-serif;\"><strong><span style=\"font-size: 10pt;\"><span style=\"color: #0000ff;\"><span style=\"text-decoration: underline;\"><span style=\"color: #0000ff; text-decoration: underline;\">Resoluci\u00f3n N\u00ba 0989\/18 CGE:<\/span><\/span> <em><span style=\"color: #000000;\">Dar continuidad a la carrera \u00abTecnicatura Superior en Administraci\u00f3n de Empresas\u00bb por una cohorte a partir del Ciclo Lectivo 2018.<br><\/span><\/em><\/span><\/span><\/strong><\/span><\/p>\n<\/td>\n<td class=\"Borde_rojo\" style=\"background-color: #ffffff; text-align: justify;\">&nbsp;<a title=\"Res 0989-18 CGE\" href=\"upload\/0989-18_CGE_Continuidad_Carrera_-Tecnicatura_Superior_en_Administracion_de_Empresas-_Instituto_Educacion_Superior_-Republica_de_Entre_rios-_Dpto_Parana.pdf\" target=\"_blank\" rel=\"noopener\"><span style=\"font-size: 10pt; font-family: arial, helvetica, sans-serif; color: #0000ff;\"><strong>Descargar<\/strong><\/span><\/a><\/td>\n<\/tr>\n<tr style=\"height: 81px;\">\n<td class=\"Borde_rojo\" style=\"background-color: #ffffff; text-align: justify;\">\n<p><span style=\"font-family: arial, helvetica, sans-serif;\"><strong><span style=\"font-size: 10pt;\"><span style=\"color: #0000ff;\"><span style=\"text-decoration: underline;\"><span style=\"color: #0000ff; text-decoration: underline;\">Resoluci\u00f3n N\u00ba 0990\/18 CGE:<\/span><\/span> <em><span style=\"color: #000000;\">Autorizar la continuidad de las carreras \u00abProfesorado de Educaci\u00f3n Especial\u00bb y \u00abProfesorado de Nivel Inicial\u00bb, por una cohorte a partir del Ciclo Lectivo 2018 en Chajar\u00ed.<br><\/span><\/em><\/span><\/span><\/strong><\/span><\/p>\n<\/td>\n<td class=\"Borde_rojo\" style=\"background-color: #ffffff; text-align: justify;\">&nbsp;<a title=\"Res 0990-18 CGE\" href=\"upload\/0990-18_CGE_Continuidad_Carreras_-Prof_Educ_Especial-_y_-Prof_de_Nivel_Inicial-_Inst_Formacion_Docente_de_Chajari_Dpto_Federacion.pdf\" target=\"_blank\" rel=\"noopener\"><span style=\"font-size: 10pt; font-family: arial, helvetica, sans-serif; color: #0000ff;\"><strong>Descargar<\/strong><\/span><\/a><\/td>\n<\/tr>\n<tr style=\"height: 81px;\">\n<td class=\"Borde_rojo\" style=\"background-color: #ffffff; text-align: justify;\">\n<p><span style=\"font-family: arial, helvetica, sans-serif;\"><strong><span style=\"font-size: 10pt;\"><span style=\"color: #0000ff;\"><span style=\"text-decoration: underline;\"><span style=\"color: #0000ff; text-decoration: underline;\">Resoluci\u00f3n N\u00ba 1013\/18 CGE:<\/span><\/span> <em><span style=\"color: #000000;\">Crear la carrera \u00abTecnicatura Superior en Turismo y Gesti\u00f3n de Servicios\u00bb en la Escuela Secundaria y Superior N\u00ba 8 \u00abCelestino I. Marc\u00f3\u00bb de Gualeguay.<br><\/span><\/em><\/span><\/span><\/strong><\/span><\/p>\n<\/td>\n<td class=\"Borde_rojo\" style=\"background-color: #ffffff; text-align: justify;\"><a title=\"Res 1013-18 CGE\" href=\"upload\/1013-18_CGE_Crea_Carrera_-Tecnicatura_Superior_en_Turismo_y_Gestion_de_Servicios-_Escuela_Secundaria_y_Superior_N_8_-Celestino_I._Marco-_Dpto_Gualeguay.pdf\" target=\"_blank\" rel=\"noopener\">&nbsp;<span style=\"font-size: 10pt; font-family: arial, helvetica, sans-serif; color: #0000ff;\"><strong>Descargar<\/strong><\/span><\/a><\/td>\n<\/tr>\n<tr style=\"height: 81px;\">\n<td class=\"Borde_rojo\" style=\"background-color: #ffffff; text-align: justify;\">\n<p><span style=\"font-family: arial, helvetica, sans-serif;\"><strong><span style=\"font-size: 10pt;\"><span style=\"color: #0000ff;\"><span style=\"text-decoration: underline;\"><span style=\"color: #0000ff; text-decoration: underline;\">Resoluci\u00f3n N\u00ba 1014\/18 CGE:<\/span><\/span> <em><span style=\"color: #000000;\">Crear la Carrera \u00abProfesorado en Educaci\u00f3n Secundaria en Econom\u00eda\u00bb en el Intituto T\u00e9cnico Superior de Concordia a partir del Ciclo Lectivo 2018.<br><\/span><\/em><\/span><\/span><\/strong><\/span><\/p>\n<\/td>\n<td class=\"Borde_rojo\" style=\"background-color: #ffffff; text-align: justify;\">&nbsp;<a title=\"Res 1014-18 CGE\" href=\"upload\/1014-18_CGE_Crea_Carrera_-Profesorado_en_educacion_Secundaria_en_Economia-_Instituto_Tecnico_Superior_de_Concordia.pdf\" target=\"_blank\" rel=\"noopener\"><span style=\"font-size: 10pt; font-family: arial, helvetica, sans-serif; color: #0000ff;\"><strong>Descargar<\/strong><\/span><\/a><\/td>\n<\/tr>\n<tr style=\"height: 81px;\">\n<td class=\"Borde_rojo\" style=\"background-color: #ffffff; text-align: justify;\">\n<p><span style=\"font-family: arial, helvetica, sans-serif;\"><strong><span style=\"font-size: 10pt;\"><span style=\"color: #0000ff;\"><span style=\"text-decoration: underline;\"><span style=\"color: #0000ff; text-decoration: underline;\">Resoluci\u00f3n N\u00ba 1015\/18 CGE:<\/span><\/span> <em><span style=\"color: #000000;\">Crear la carrera \u00abprofesorado Superior en Ciencias de la Educaci\u00f3n\u00bb en la Escuela Normal Superior \u00abRam\u00f3n de la Cruz Moreno\u00bb de San Jos\u00e9 de Feliciano, a partir del Ciclo Lectivo 2018.<br><\/span><\/em><\/span><\/span><\/strong><\/span><\/p>\n<\/td>\n<td class=\"Borde_rojo\" style=\"background-color: #ffffff; text-align: justify;\">&nbsp;<a title=\"Res 1015-18 CGE\" href=\"upload\/1015-18_CGE_Crea_Carrera_-Profesorado_Superior_en_Ciencias_de_la_Educacion-_Escuela_Normal_Superior_-Ramon_de_la_Cruz_Moreno-_Dpto_Feliciano.pdf\" target=\"_blank\" rel=\"noopener\"><span style=\"font-size: 10pt; font-family: arial, helvetica, sans-serif; color: #0000ff;\"><strong>Descargar<\/strong><\/span><\/a><\/td>\n<\/tr>\n<tr style=\"height: 81px;\">\n<td class=\"Borde_rojo\" style=\"background-color: #ffffff; text-align: justify;\">\n<p><span style=\"font-family: arial, helvetica, sans-serif;\"><strong><span style=\"font-size: 10pt;\"><span style=\"color: #0000ff;\"><span style=\"text-decoration: underline;\"><span style=\"color: #0000ff; text-decoration: underline;\">Resoluci\u00f3n N\u00ba 1016\/18 CGE:<\/span><\/span> <em><span style=\"color: #000000;\">Crear la carrera \u00abProfesorado&nbsp; de Educaci\u00f3n Tecnol\u00f3gica\u00bb en la Escuela Secundaria y Superior N\u00ba 7 \u00abJos\u00e9 Manuel Estrada\u00bb de Bovril, a partir del Ciclo Lectivo 2018.<br><\/span><\/em><\/span><\/span><\/strong><\/span><\/p>\n<\/td>\n<td class=\"Borde_rojo\" style=\"background-color: #ffffff; text-align: justify;\">&nbsp;<a title=\"Res 1016-18 CGE\" href=\"upload\/1016-18_CGE_Crea_Carrera_-Profesorado_de_Educacion_Tecnologica-_Escuela_Secundaria_y_Superior_N_7_-Jose_Manuel_Estrada-_Dpto_La_Paz.pdf\" target=\"_blank\" rel=\"noopener\"><span style=\"font-size: 10pt; font-family: arial, helvetica, sans-serif; color: #0000ff;\"><strong>Descargar<\/strong><\/span><\/a><\/td>\n<\/tr>\n<tr style=\"height: 81px;\">\n<td class=\"Borde_rojo\" style=\"background-color: #ffffff; text-align: justify;\">\n<p><span style=\"font-family: arial, helvetica, sans-serif;\"><strong><span style=\"font-size: 10pt;\"><span style=\"color: #0000ff;\"><span style=\"text-decoration: underline;\"><span style=\"color: #0000ff; text-decoration: underline;\">Resoluci\u00f3n N\u00ba 1017\/18 CGE:<\/span><\/span> <em><span style=\"color: #000000;\">Crear la carrera \u00abProfesorado de Educaci\u00f3n Primaria\u00bb en el Instituto Superior de Formaci\u00f3n Docente de Villa paranacito.<br><\/span><\/em><\/span><\/span><\/strong><\/span><\/p>\n<\/td>\n<td class=\"Borde_rojo\" style=\"background-color: #ffffff; text-align: justify;\"><a title=\"Res 1017-18 CGE\" href=\"upload\/1017-18_CGE_Crea_Carrera_-Profesorado_de_educacion_Primaria-_Instituto_de_Formacion_Docente_de_Villa_Paranacito_Dpto_Islas.pdf\" target=\"_blank\" rel=\"noopener\">&nbsp;<span style=\"font-size: 10pt; font-family: arial, helvetica, sans-serif; color: #0000ff;\"><strong>Descargar<\/strong><\/span><\/a><\/td>\n<\/tr>\n<tr style=\"height: 81px;\">\n<td class=\"Borde_rojo\" style=\"background-color: #ffffff; text-align: justify;\">&nbsp;<p><\/p>\n<p><span style=\"font-family: arial, helvetica, sans-serif;\"><strong><span style=\"font-size: 10pt;\"><span style=\"color: #0000ff;\"><span style=\"text-decoration: underline;\"><span style=\"color: #0000ff; text-decoration: underline;\">Resoluci\u00f3n N\u00ba 1019\/18 CGE:<\/span><\/span>&nbsp;<em><span style=\"color: #000000;\">Disponer que la carrera \u00abTecnicatura Superior en Enolog\u00eda y Fruticultura\u00bb dependiente de la EET N\u00ba1 de Victoria, pase a depender y sea administrada por el Instituto de Educaci\u00f3n Superior \u00abGaspar Benavento\u00bb del mismo departamento<br><\/span><\/em><\/span><\/span><\/strong><\/span><\/p>\n<\/td>\n<td class=\"Borde_rojo\" style=\"background-color: #ffffff; text-align: justify;\">&nbsp;<a title=\"Res 1019-18 CGE\" href=\"upload\/1019-18_CGE_Continuidad_Carrera_-Tecnicatura_Superior_en_Enologia_y_Fruticultura-_EETN_1_-Dr._Pedro_Radio-_Dpto_Victoria.pdf\" target=\"_blank\" rel=\"noopener\"><span style=\"font-size: 10pt; font-family: arial, helvetica, sans-serif; color: #0000ff;\"><strong>Descargar<\/strong><\/span><\/a><\/td>\n<\/tr>\n<tr style=\"height: 81px;\">\n<td class=\"Borde_rojo\" style=\"background-color: #ffffff; text-align: justify;\">&nbsp;<p><\/p>\n<p><span style=\"font-family: arial, helvetica, sans-serif;\"><strong><span style=\"font-size: 10pt;\"><span style=\"color: #0000ff;\"><span style=\"text-decoration: underline;\"><span style=\"color: #0000ff; text-decoration: underline;\">Resoluci\u00f3n N\u00ba 1021\/18 CGE:<\/span><\/span>&nbsp;<em><span style=\"color: #000000;\">Disponer que la Extensi\u00f3n \u00c1ulica que funciona en la localidad de Valle Mar\u00eda, pase a depender del Instituto Superior de Diamante a partir&nbsp; del Ciclo Lectivo 2018<br><\/span><\/em><\/span><\/span><\/strong><\/span><\/p>\n<\/td>\n<td class=\"Borde_rojo\" style=\"background-color: #ffffff; text-align: justify;\">&nbsp;<a title=\"Res 1021-18 CGE\" href=\"upload\/1021-18_CGE_Continuidad_Carrera_-Profesorado_de_Musica-_Ext_Aulica_Valle_Maria_Dpto_Diamante.pdf\" target=\"_blank\" rel=\"noopener\"><span style=\"font-size: 10pt; font-family: arial, helvetica, sans-serif; color: #0000ff;\"><strong>Descargar<\/strong><\/span><\/a><\/td>\n<\/tr>\n<\/tbody>\n<\/table>\n\n\n<div class=\"wp-block-file\"><a href=\"https:\/\/des-ers.infd.edu.ar\/sitio\/wp-content\/uploads\/2021\/08\/2000-18-CGE-Aprueba-el-documento-marco-Declaracion-de-Interes-Educativo.pdf\"><strong>&#8211;<\/strong> <em>Resoluci\u00f3n N\u00b0 2000-18 CGE Aprueba el documento marco Declaraci\u00f3n de Inter\u00e9s Educativo<\/em><\/a><a href=\"https:\/\/des-ers.infd.edu.ar\/sitio\/wp-content\/uploads\/2021\/08\/2000-18-CGE-Aprueba-el-documento-marco-Declaracion-de-Interes-Educativo.pdf\" class=\"wp-block-file__button\" download>Descarga<\/a><\/div>\n\n\n\n<p><\/p>\n","protected":false},"excerpt":{"rendered":"<p>Resoluci\u00f3n N\u00ba 0339\/18 CGE:&nbsp;Autorizar la continuidad de las carreras de Formaci\u00f3n Docente y de Formaci\u00f3n T\u00e9cnico Profesional por el t\u00e9rmino de una (1) cohorte a partir del Ciclo Lectivo 2018. &nbsp;Descargar Resoluci\u00f3n N\u00ba 0188\/18 CGE:&nbsp;Reconocer la certificaci\u00f3n de la Propuesta de Formacion desarrollada por los Institutos Superiores de Formaci\u00f3n Docente durante el a\u00f1o 2017, en &#8230; <a title=\"A\u00f1o 2018\" class=\"read-more\" href=\"https:\/\/des-ers.infd.edu.ar\/sitio\/ano-2018\/\" aria-label=\"More on A\u00f1o 2018\">[+]<\/a><\/p>\n","protected":false},"author":2706,"featured_media":0,"parent":0,"menu_order":0,"comment_status":"closed","ping_status":"closed","template":"","meta":[],"acf":[],"_links":{"self":[{"href":"https:\/\/des-ers.infd.edu.ar\/sitio\/wp-json\/wp\/v2\/pages\/3195"}],"collection":[{"href":"https:\/\/des-ers.infd.edu.ar\/sitio\/wp-json\/wp\/v2\/pages"}],"about":[{"href":"https:\/\/des-ers.infd.edu.ar\/sitio\/wp-json\/wp\/v2\/types\/page"}],"author":[{"embeddable":true,"href":"https:\/\/des-ers.infd.edu.ar\/sitio\/wp-json\/wp\/v2\/users\/2706"}],"replies":[{"embeddable":true,"href":"https:\/\/des-ers.infd.edu.ar\/sitio\/wp-json\/wp\/v2\/comments?post=3195"}],"version-history":[{"count":4,"href":"https:\/\/des-ers.infd.edu.ar\/sitio\/wp-json\/wp\/v2\/pages\/3195\/revisions"}],"predecessor-version":[{"id":6252,"href":"https:\/\/des-ers.infd.edu.ar\/sitio\/wp-json\/wp\/v2\/pages\/3195\/revisions\/6252"}],"wp:attachment":[{"href":"https:\/\/des-ers.infd.edu.ar\/sitio\/wp-json\/wp\/v2\/media?parent=3195"}],"curies":[{"name":"wp","href":"https:\/\/api.w.org\/{rel}","templated":true}]}}