{"id":3112,"date":"2018-07-03T13:18:26","date_gmt":"2018-07-03T16:18:26","guid":{"rendered":"https:\/\/des-ers.infd.edu.ar\/sitio\/componente-ii-%c2%96-ejecucion-2015\/"},"modified":"2021-08-09T06:14:18","modified_gmt":"2021-08-09T09:14:18","slug":"componente-ii-%c2%96-ejecucion-2015","status":"publish","type":"page","link":"https:\/\/des-ers.infd.edu.ar\/sitio\/componente-ii-%c2%96-ejecucion-2015\/","title":{"rendered":"Componente II \u0096 Ejecuci\u00f3n 2015"},"content":{"rendered":"\n<div class=\"wp-block-cover has-vivid-cyan-blue-background-color has-background-dim is-repeated\" style=\"background-image:url(https:\/\/des-ers.infd.edu.ar\/sitio\/wp-content\/uploads\/2021\/08\/desa-curri.png);min-height:104px\"><div class=\"wp-block-cover__inner-container\">\n<p class=\"has-large-font-size\">Componente II <em>-Ejecuci\u00f3n 2015-<\/em><\/p>\n<\/div><\/div>\n\n\n\n<p>La Coordinaci\u00f3n Pedag\u00f3gica <strong>Provincial del Programa Nacional de Formaci\u00f3n Permanente &nbsp;\u201cNuestra Escuela\u201d<\/strong> tiene el agrado de dirigirse a Ud. a fin de informar que durante el per\u00edodo comprendido entre el 17 de noviembre y el 05 de diciembre del corriente&nbsp; a\u00f1o se abre una nueva convocatoria a la presentaci\u00f3n de propuestas de formaci\u00f3n en el marco del componente II del Programa, las cuales se desarrollar\u00e1n durante el a\u00f1o 2015.<\/p>\n\n\n\n<p>Los equipos docentes de los ISFD que deseen presentar propuestas deber\u00e1n tener en cuenta para la formulaci\u00f3n de las mismas los Ejes Tem\u00e1ticos por nivel y sus respectivos destinatarios acorde a lo establecido en la Resoluci\u00f3n CFE N\u00ba 201\/13. Por otra parte desde el Consejo General de Educaci\u00f3n se ha avanzado en la delimitaci\u00f3n de un mapeo de prioridades teniendo en cuenta las vacancias de formaci\u00f3n en cada uno de los departamentos de la provincia.<\/p>\n\n\n\n<p>Con respecto a la presentaci\u00f3n de las propuestas, esta habilitado un sistema para la carga de las propuestas. Cada instituto contara con un usuario responsable y un usuario para la carga de propuestas para subir las mismas al sistema. El periodo establecido para la carga finaliza el 24 de noviembre del corriente a\u00f1o.\u00a0<\/p>\n\n\n\n<hr class=\"wp-block-separator is-style-wide\"\/>\n\n\n\n<p><strong><a rel=\"noreferrer noopener\" href=\"http:\/\/pnfp-componente2.educ.ar\/user\/login\" target=\"_blank\">http:\/\/pnfp-componente2.educ.ar\/user\/login<\/a><\/strong><\/p>\n\n\n\n<p><strong><a href=\"https:\/\/des-ers.infd.edu.ar\/sitio\/componente-ii-%c2%96-ejecucion-2015\/upload\/Entre_R%EDos_-_Usuarios_y_claves.xls\" data-type=\"URL\" data-id=\"https:\/\/des-ers.infd.edu.ar\/sitio\/componente-ii-%c2%96-ejecucion-2015\/upload\/Entre_R%EDos_-_Usuarios_y_claves.xls\" target=\"_blank\" rel=\"noreferrer noopener\">Listado de usuarios y clave por Instituto (xls)<\/a><\/strong><\/p>\n\n\n\n<p><strong><a href=\"https:\/\/des-ers.infd.edu.ar\/sitio\/componente-ii-%c2%96-ejecucion-2015\/upload\/Bases_propuestas_de_Componente_II_2015-_Institutos_Superiores_de_Formaci%F3n_Docente-1_2.pdf\" data-type=\"URL\" data-id=\"https:\/\/des-ers.infd.edu.ar\/sitio\/componente-ii-%c2%96-ejecucion-2015\/upload\/Bases_propuestas_de_Componente_II_2015-_Institutos_Superiores_de_Formaci%F3n_Docente-1_2.pdf\" target=\"_blank\" rel=\"noreferrer noopener\">Bases para la presentacion de Propuestas de Formaci\u00f3n Docente de Institutos Superiores de Formaci\u00f3n Docente &#8211; Programa nacional de Formaci\u00f3n Permanente &#8211; Componente II \u2013 Ejecuci\u00f3n 2015 (pdf)<\/a><\/strong><\/p>\n","protected":false},"excerpt":{"rendered":"<p>La Coordinaci\u00f3n Pedag\u00f3gica Provincial del Programa Nacional de Formaci\u00f3n Permanente &nbsp;\u201cNuestra Escuela\u201d tiene el agrado de dirigirse a Ud. a fin de informar que durante el per\u00edodo comprendido entre el 17 de noviembre y el 05 de diciembre del corriente&nbsp; a\u00f1o se abre una nueva convocatoria a la presentaci\u00f3n de propuestas de formaci\u00f3n en el &#8230; <a title=\"Componente II \u0096 Ejecuci\u00f3n 2015\" class=\"read-more\" href=\"https:\/\/des-ers.infd.edu.ar\/sitio\/componente-ii-%c2%96-ejecucion-2015\/\" aria-label=\"More on Componente II \u0096 Ejecuci\u00f3n 2015\">[+]<\/a><\/p>\n","protected":false},"author":2706,"featured_media":0,"parent":0,"menu_order":0,"comment_status":"closed","ping_status":"closed","template":"","meta":[],"acf":[],"_links":{"self":[{"href":"https:\/\/des-ers.infd.edu.ar\/sitio\/wp-json\/wp\/v2\/pages\/3112"}],"collection":[{"href":"https:\/\/des-ers.infd.edu.ar\/sitio\/wp-json\/wp\/v2\/pages"}],"about":[{"href":"https:\/\/des-ers.infd.edu.ar\/sitio\/wp-json\/wp\/v2\/types\/page"}],"author":[{"embeddable":true,"href":"https:\/\/des-ers.infd.edu.ar\/sitio\/wp-json\/wp\/v2\/users\/2706"}],"replies":[{"embeddable":true,"href":"https:\/\/des-ers.infd.edu.ar\/sitio\/wp-json\/wp\/v2\/comments?post=3112"}],"version-history":[{"count":1,"href":"https:\/\/des-ers.infd.edu.ar\/sitio\/wp-json\/wp\/v2\/pages\/3112\/revisions"}],"predecessor-version":[{"id":5998,"href":"https:\/\/des-ers.infd.edu.ar\/sitio\/wp-json\/wp\/v2\/pages\/3112\/revisions\/5998"}],"wp:attachment":[{"href":"https:\/\/des-ers.infd.edu.ar\/sitio\/wp-json\/wp\/v2\/media?parent=3112"}],"curies":[{"name":"wp","href":"https:\/\/api.w.org\/{rel}","templated":true}]}}