{"id":3051,"date":"2018-07-03T13:17:57","date_gmt":"2018-07-03T16:17:57","guid":{"rendered":"https:\/\/des-ers.infd.edu.ar\/sitio\/materiales\/"},"modified":"2021-08-09T05:56:29","modified_gmt":"2021-08-09T08:56:29","slug":"materiales","status":"publish","type":"page","link":"https:\/\/des-ers.infd.edu.ar\/sitio\/materiales\/","title":{"rendered":"Materiales"},"content":{"rendered":"\n<div class=\"wp-block-cover has-vivid-cyan-blue-background-color has-background-dim is-repeated\" style=\"background-image:url(https:\/\/des-ers.infd.edu.ar\/sitio\/wp-content\/uploads\/2021\/08\/desa-curri.png);min-height:93px\"><div class=\"wp-block-cover__inner-container\">\n<p class=\"has-text-align-left has-large-font-size\">Materiales<\/p>\n<\/div><\/div>\n\n\n\n<p><strong><a rel=\"noreferrer noopener\" href=\"https:\/\/des-ers.infd.edu.ar\/sitio\/materiales\/upload\/NE_Cuadernillo.pdf\" data-type=\"URL\" data-id=\"https:\/\/des-ers.infd.edu.ar\/sitio\/materiales\/upload\/NE_Cuadernillo.pdf\" target=\"_blank\">M\u00f3dulo N\u00b0 1 Nuestra Escuela (pdf)<\/a>:&nbsp;<\/strong>Serie Pol\u00edtica Educativa: Incluye el Recorrido de la Formaci\u00f3n de los docentes participantes del Programa, el Acuerdo Paritario sobre el Programa y el M\u00f3dulo Introductorio.&nbsp;&nbsp; &nbsp;<\/p>\n\n\n\n<p><strong><a rel=\"noreferrer noopener\" href=\"https:\/\/des-ers.infd.edu.ar\/sitio\/materiales\/upload\/NE_LIBRO_NORM_1.pdf\" data-type=\"URL\" data-id=\"https:\/\/des-ers.infd.edu.ar\/sitio\/materiales\/upload\/NE_LIBRO_NORM_1.pdf\" target=\"_blank\">NE Libro de Normativas N\u00b0 1(pdf)<\/a>:&nbsp;<\/strong>Incluye el texto completo de la Ley de Educaci\u00f3n Nacional, N\u00b0 26206\/ 06 como soporte y fundamento de la pol\u00edtica educativa nacional. La Resoluci\u00f3n del Consejo Federal de Educaci\u00f3n N\u00b0 188\/12, Plan de Educaci\u00f3n Obligatoria y Formaci\u00f3n Docente, que expresa las metas y objetivos a alcanzar por las jurisdicciones educativas en el quinquenio 2012-2016 y resulta antecedente necesario de la Resoluci\u00f3n que da origen al Programa Nacional de Formaci\u00f3n Permanente. La Resoluci\u00f3n del Consejo Federal de Educaci\u00f3n N\u00b0 201\/13, fundamento pol\u00edtico pedag\u00f3gico, metas y desarrollo del Programa Nacional de Formaci\u00f3n Docente.<\/p>\n\n\n\n<p><strong><a rel=\"noreferrer noopener\" href=\"https:\/\/des-ers.infd.edu.ar\/sitio\/materiales\/upload\/NE_LIBRO_NORM_2.pdf\" data-type=\"URL\" data-id=\"https:\/\/des-ers.infd.edu.ar\/sitio\/materiales\/upload\/NE_LIBRO_NORM_2.pdf\" target=\"_blank\">NE Libro de Normativas N\u00b02<\/a><a href=\"https:\/\/des-ers.infd.edu.ar\/sitio\/materiales\/upload\/NE_LIBRO_NORM_2.pdf\" data-type=\"URL\" data-id=\"https:\/\/des-ers.infd.edu.ar\/sitio\/materiales\/upload\/NE_LIBRO_NORM_2.pdf\" target=\"_blank\" rel=\"noreferrer noopener\"> <\/a><a rel=\"noreferrer noopener\" href=\"https:\/\/des-ers.infd.edu.ar\/sitio\/materiales\/upload\/NE_LIBRO_NORM_2.pdf\" data-type=\"URL\" data-id=\"https:\/\/des-ers.infd.edu.ar\/sitio\/materiales\/upload\/NE_LIBRO_NORM_2.pdf\" target=\"_blank\"><strong>(pdf)<\/strong>:<\/a>&nbsp;<\/strong>Incluye la Resoluci\u00f3n del Consejo Federal N\u00b0 30\/07, norma sustantiva en la construcci\u00f3n de la Institucionalidad del Sistema Formador y que establece los lineamientos nacionales para la Formaci\u00f3n Docente Continua y el Desarrollo Profesional Docente. La Resoluci\u00f3n del Consejo Federal de Educaci\u00f3n N\u00b0 84\/09 que explicita los lineamientos pol\u00edticos y estrat\u00e9gicos de la Educaci\u00f3n Secundaria Obligatoria. La Resoluci\u00f3n del Consejo Federal de Educaci\u00f3n N\u00b0 88\/09 que define acuerdos acerca de la instucionalidad y fortalecimiento de la Educaci\u00f3n Secundaria Obligatoria. Planes jurisdiccionales y Planes de Mejora Institucional. La Resoluci\u00f3n del Consejo Federal de Educaci\u00f3n N\u00b0 93\/09, define las orientaciones federa- les para la organizaci\u00f3n pedag\u00f3gica e institucional de la Educaci\u00f3n Secundaria Obligatoria, estableciendo plazos para la construcci\u00f3n de reg\u00edmenes acad\u00e9micos y regulaciones de la trayectoria escolar. La Resoluci\u00f3n del Consejo Federal de Educaci\u00f3n N\u00b0 103\/10, que establece propuestas de inclusi\u00f3n y regularizaci\u00f3n de trayectorias escolares en la Educaci\u00f3n Secundaria Obligatoria y, finalmente, la Resoluci\u00f3n del Consejo Federal de Educaci\u00f3n N\u00b0 174\/ 12, que explicita las pautas federales para el mejoramiento de la ense\u00f1anza, el aprendizaje y las trayectorias escolares en el nivel Inicial, Primario y modalidades.&nbsp;<\/p>\n\n\n\n<p><strong><a rel=\"noreferrer noopener\" href=\"https:\/\/des-ers.infd.edu.ar\/sitio\/materiales\/upload\/NE_ORIENTACIONES_Directivos.pdf\" data-type=\"URL\" data-id=\"https:\/\/des-ers.infd.edu.ar\/sitio\/materiales\/upload\/NE_ORIENTACIONES_Directivos.pdf\" target=\"_blank\">NE Orientaciones para Directivos<\/a><a href=\"https:\/\/des-ers.infd.edu.ar\/sitio\/materiales\/upload\/NE_ORIENTACIONES_Directivos.pdf\" data-type=\"URL\" data-id=\"https:\/\/des-ers.infd.edu.ar\/sitio\/materiales\/upload\/NE_ORIENTACIONES_Directivos.pdf\" target=\"_blank\" rel=\"noreferrer noopener\"> <strong>(pdf)<\/strong><\/a><a rel=\"noreferrer noopener\" href=\"https:\/\/des-ers.infd.edu.ar\/sitio\/materiales\/upload\/NE_ORIENTACIONES_Directivos.pdf\" data-type=\"URL\" data-id=\"https:\/\/des-ers.infd.edu.ar\/sitio\/materiales\/upload\/NE_ORIENTACIONES_Directivos.pdf\" target=\"_blank\">:<\/a>&nbsp;<\/strong>Gu\u00eda de orientaci\u00f3n viene acompa\u00f1ada por lo que llamamos \u201cBanco de recursos digitales\u201d. Se ofrece aqu\u00ed una selecci\u00f3n de recursos audiovisuales, bibliograf\u00eda, presentaciones y otros materiales con el objetivo de que sean de soporte para la realizaci\u00f3n de la primera Jornada Interinstitucional y la\/s primera\/s Jornadas Institucionales del Programa Nacional de Formaci\u00f3n Permanente \u00abNuestra Escuela\u00bb. &nbsp; &nbsp; &nbsp; &nbsp; &nbsp;<\/p>\n\n\n\n<p><a rel=\"noreferrer noopener\" href=\"https:\/\/des-ers.infd.edu.ar\/sitio\/materiales\/upload\/NE_Afichetas.pdf\" data-type=\"URL\" data-id=\"https:\/\/des-ers.infd.edu.ar\/sitio\/materiales\/upload\/NE_Afichetas.pdf\" target=\"_blank\"><strong>Afiches del Programa Nacional de Formaci\u00f3n Permanente<\/strong><\/a><a href=\"https:\/\/des-ers.infd.edu.ar\/sitio\/materiales\/upload\/NE_Afichetas.pdf\" data-type=\"URL\" data-id=\"https:\/\/des-ers.infd.edu.ar\/sitio\/materiales\/upload\/NE_Afichetas.pdf\" target=\"_blank\" rel=\"noreferrer noopener\"> <strong>(pdf)<\/strong><\/a><a rel=\"noreferrer noopener\" href=\"https:\/\/des-ers.infd.edu.ar\/sitio\/materiales\/upload\/NE_Afichetas.pdf\" data-type=\"URL\" data-id=\"https:\/\/des-ers.infd.edu.ar\/sitio\/materiales\/upload\/NE_Afichetas.pdf\" target=\"_blank\"> &nbsp; &nbsp; <\/a>&nbsp; &nbsp; &nbsp; &nbsp; &nbsp; &nbsp; &nbsp; &nbsp;<\/p>\n\n\n\n<p><strong><a rel=\"noreferrer noopener\" href=\"https:\/\/des-ers.infd.edu.ar\/sitio\/materiales\/upload\/PNFP_Manual_1.pdf\" data-type=\"URL\" data-id=\"https:\/\/des-ers.infd.edu.ar\/sitio\/materiales\/upload\/PNFP_Manual_1.pdf\" target=\"_blank\">Manual de Identidad <strong>(pdf)<\/strong><\/a>:<\/strong> El sistema de identidad, a trav\u00e9s de la marca gr\u00e1fica, la familia tipogr\u00e1fica, la paleta de colores y tramas seleccionadas, vuelve tangible e identificable a esa entidad inmaterial que supone el trabajo articulado y conjunto del Ministerio de Educaci\u00f3n, los ministerios provinciales y los sindicatos, as\u00ed como de los capacitadores y el equipo nacional de formadores.<\/p>\n\n\n\n<p><a rel=\"noreferrer noopener\" href=\"https:\/\/des-ers.infd.edu.ar\/sitio\/materiales\/upload\/TDR_Componente_II_para_Institutos_Superiores.pdf\" data-type=\"URL\" data-id=\"https:\/\/des-ers.infd.edu.ar\/sitio\/materiales\/upload\/TDR_Componente_II_para_Institutos_Superiores.pdf\" target=\"_blank\"><strong>T\u00e9rminos de Referencia y Bases para presentar propuesta de Formaci\u00f3n Docente.<\/strong> <strong>Programa Nacional de Formaci\u00f3n Permanente<\/strong>. <strong>Componente II<\/strong><\/a><a href=\"https:\/\/des-ers.infd.edu.ar\/sitio\/materiales\/upload\/TDR_Componente_II_para_Institutos_Superiores.pdf\" data-type=\"URL\" data-id=\"https:\/\/des-ers.infd.edu.ar\/sitio\/materiales\/upload\/TDR_Componente_II_para_Institutos_Superiores.pdf\" target=\"_blank\" rel=\"noreferrer noopener\"><strong> <strong>(pdf)<\/strong><\/strong><\/a><\/p>\n\n\n\n<p><strong><a rel=\"noreferrer noopener\" href=\"https:\/\/des-ers.infd.edu.ar\/sitio\/materiales\/upload\/Estado_de_Avance.ppt\" data-type=\"URL\" data-id=\"https:\/\/des-ers.infd.edu.ar\/sitio\/materiales\/upload\/Estado_de_Avance.ppt\" target=\"_blank\">Estado de Avance 2015 <strong>(pdf)<\/strong><\/a><\/strong><\/p>\n\n\n\n<div class=\"wp-block-image is-style-rounded\"><figure class=\"aligncenter\"><img decoding=\"async\" src=\"https:\/\/des-ers.infd.edu.ar\/sitio\/wp-content\/uploads\/2018\/07\/icon.png\" alt=\"Icono\"\/><\/figure><\/div>\n","protected":false},"excerpt":{"rendered":"<p>M\u00f3dulo N\u00b0 1 Nuestra Escuela (pdf):&nbsp;Serie Pol\u00edtica Educativa: Incluye el Recorrido de la Formaci\u00f3n de los docentes participantes del Programa, el Acuerdo Paritario sobre el Programa y el M\u00f3dulo Introductorio.&nbsp;&nbsp; &nbsp; NE Libro de Normativas N\u00b0 1(pdf):&nbsp;Incluye el texto completo de la Ley de Educaci\u00f3n Nacional, N\u00b0 26206\/ 06 como soporte y fundamento de la &#8230; <a title=\"Materiales\" class=\"read-more\" href=\"https:\/\/des-ers.infd.edu.ar\/sitio\/materiales\/\" aria-label=\"More on Materiales\">[+]<\/a><\/p>\n","protected":false},"author":2706,"featured_media":0,"parent":0,"menu_order":0,"comment_status":"closed","ping_status":"closed","template":"","meta":[],"acf":[],"_links":{"self":[{"href":"https:\/\/des-ers.infd.edu.ar\/sitio\/wp-json\/wp\/v2\/pages\/3051"}],"collection":[{"href":"https:\/\/des-ers.infd.edu.ar\/sitio\/wp-json\/wp\/v2\/pages"}],"about":[{"href":"https:\/\/des-ers.infd.edu.ar\/sitio\/wp-json\/wp\/v2\/types\/page"}],"author":[{"embeddable":true,"href":"https:\/\/des-ers.infd.edu.ar\/sitio\/wp-json\/wp\/v2\/users\/2706"}],"replies":[{"embeddable":true,"href":"https:\/\/des-ers.infd.edu.ar\/sitio\/wp-json\/wp\/v2\/comments?post=3051"}],"version-history":[{"count":3,"href":"https:\/\/des-ers.infd.edu.ar\/sitio\/wp-json\/wp\/v2\/pages\/3051\/revisions"}],"predecessor-version":[{"id":5996,"href":"https:\/\/des-ers.infd.edu.ar\/sitio\/wp-json\/wp\/v2\/pages\/3051\/revisions\/5996"}],"wp:attachment":[{"href":"https:\/\/des-ers.infd.edu.ar\/sitio\/wp-json\/wp\/v2\/media?parent=3051"}],"curies":[{"name":"wp","href":"https:\/\/api.w.org\/{rel}","templated":true}]}}