{"id":3038,"date":"2018-07-03T13:17:50","date_gmt":"2018-07-03T16:17:50","guid":{"rendered":"https:\/\/des-ers.infd.edu.ar\/sitio\/ano-2012\/"},"modified":"2021-08-19T22:47:14","modified_gmt":"2021-08-20T01:47:14","slug":"ano-2012","status":"publish","type":"page","link":"https:\/\/des-ers.infd.edu.ar\/sitio\/ano-2012\/","title":{"rendered":"A\u00f1o 2012"},"content":{"rendered":"\n<div class=\"wp-block-cover has-vivid-cyan-blue-background-color has-background-dim\" style=\"min-height:104px\"><img decoding=\"async\" loading=\"lazy\" width=\"940\" height=\"788\" class=\"wp-block-cover__image-background wp-image-5673\" alt=\"\" src=\"https:\/\/des-ers.infd.edu.ar\/sitio\/wp-content\/uploads\/2019\/04\/Ignoramos-nuestra-propia-estaturahasta-que-nos-ponemos-de-pie.png\" style=\"object-position:51% 0%\" data-object-fit=\"cover\" data-object-position=\"51% 0%\" srcset=\"https:\/\/des-ers.infd.edu.ar\/sitio\/wp-content\/uploads\/2019\/04\/Ignoramos-nuestra-propia-estaturahasta-que-nos-ponemos-de-pie.png 940w, https:\/\/des-ers.infd.edu.ar\/sitio\/wp-content\/uploads\/2019\/04\/Ignoramos-nuestra-propia-estaturahasta-que-nos-ponemos-de-pie-768x644.png 768w\" sizes=\"(max-width: 940px) 100vw, 940px\" \/><div class=\"wp-block-cover__inner-container\">\n<p class=\"has-text-align-center has-large-font-size\">A\u00f1o 2012<\/p>\n<\/div><\/div>\n\n\n<p style=\"text-align: center;\">\u00a0<\/p>\n<table border=\"0\">\n<tbody>\n<tr>\n<td style=\"text-align: justify;\">\n<p><span style=\"font-size: 10pt;\"><strong>RESOLUCI\u00d3N N\u00b0 0920\/12 CGE<\/strong>: Rectificaci\u00f3n de los Lineamientos Generales para cubrir la funci\u00f3n del Referente T\u00e9cnico Institutcional del Programa Nacional Conectar Igualdad de los Institutos Superiores de Formaci\u00f3n Docente de la provincia. \u00a0 \u00a0 \u00a0 \u00a0 \u00a0 \u00a0 \u00a0 \u00a0 \u00a0 \u00a0 \u00a0 \u00a0 \u00a0 \u00a0 \u00a0 \u00a0 \u00a0 \u00a0 \u00a0<\/span><\/p>\n<\/td>\n<td>\n<p><img decoding=\"async\" style=\"display: block; margin-left: auto; margin-right: auto;\" title=\"Icono pdf\" src=\"https:\/\/des-ers.infd.edu.ar\/sitio\/wp-content\/uploads\/2018\/07\/icono_pdf.gif\" alt=\"Icono pdf\" border=\"0\" \/><\/p>\n<p><span style=\"color: #c7930b;\"><span style=\"font-family: arial, helvetica, sans-serif;\"><span style=\"font-size: small;\"><strong><a href=\"upload\/092012_CGE_Horas_Referentes_Tecnicos_Conectar_Igualdad_2012.pdf\" target=\"_blank\" rel=\"noopener\">Descargar<\/a><\/strong>\u00a0<\/span><\/span><\/span><\/p>\n<\/td>\n<\/tr>\n<tr>\n<td>\u00a0<\/td>\n<td>\u00a0<\/td>\n<\/tr>\n<\/tbody>\n<\/table>\n\n\n<div class=\"wp-block-file\"><a href=\"https:\/\/des-ers.infd.edu.ar\/sitio\/wp-content\/uploads\/2021\/08\/2300-12-CGE-Reglamento-Concursal-Nivel-Superior-1.pdf\" target=\"_blank\" rel=\"noreferrer noopener\"><em><strong>Resoluci\u00f3n N\u00b0 2300-12 CGE<\/strong> Reglamento concursal Nivel Superior<\/em><\/a><a href=\"https:\/\/des-ers.infd.edu.ar\/sitio\/wp-content\/uploads\/2021\/08\/2300-12-CGE-Reglamento-Concursal-Nivel-Superior-1.pdf\" class=\"wp-block-file__button\" download>Descarga<\/a><\/div>\n\n\n\n<p><\/p>\n","protected":false},"excerpt":{"rendered":"<p>\u00a0 RESOLUCI\u00d3N N\u00b0 0920\/12 CGE: Rectificaci\u00f3n de los Lineamientos Generales para cubrir la funci\u00f3n del Referente T\u00e9cnico Institutcional del Programa Nacional Conectar Igualdad de los Institutos Superiores de Formaci\u00f3n Docente de la provincia. \u00a0 \u00a0 \u00a0 \u00a0 \u00a0 \u00a0 \u00a0 \u00a0 \u00a0 \u00a0 \u00a0 \u00a0 \u00a0 \u00a0 \u00a0 \u00a0 \u00a0 \u00a0 \u00a0 Descargar\u00a0 \u00a0 \u00a0<\/p>\n","protected":false},"author":2706,"featured_media":0,"parent":0,"menu_order":0,"comment_status":"closed","ping_status":"closed","template":"","meta":[],"acf":[],"_links":{"self":[{"href":"https:\/\/des-ers.infd.edu.ar\/sitio\/wp-json\/wp\/v2\/pages\/3038"}],"collection":[{"href":"https:\/\/des-ers.infd.edu.ar\/sitio\/wp-json\/wp\/v2\/pages"}],"about":[{"href":"https:\/\/des-ers.infd.edu.ar\/sitio\/wp-json\/wp\/v2\/types\/page"}],"author":[{"embeddable":true,"href":"https:\/\/des-ers.infd.edu.ar\/sitio\/wp-json\/wp\/v2\/users\/2706"}],"replies":[{"embeddable":true,"href":"https:\/\/des-ers.infd.edu.ar\/sitio\/wp-json\/wp\/v2\/comments?post=3038"}],"version-history":[{"count":3,"href":"https:\/\/des-ers.infd.edu.ar\/sitio\/wp-json\/wp\/v2\/pages\/3038\/revisions"}],"predecessor-version":[{"id":6371,"href":"https:\/\/des-ers.infd.edu.ar\/sitio\/wp-json\/wp\/v2\/pages\/3038\/revisions\/6371"}],"wp:attachment":[{"href":"https:\/\/des-ers.infd.edu.ar\/sitio\/wp-json\/wp\/v2\/media?parent=3038"}],"curies":[{"name":"wp","href":"https:\/\/api.w.org\/{rel}","templated":true}]}}