{"id":2912,"date":"2018-07-03T13:16:39","date_gmt":"2018-07-03T16:16:39","guid":{"rendered":"https:\/\/des-ers.infd.edu.ar\/sitio\/prog-res-ar\/"},"modified":"2021-09-13T09:07:44","modified_gmt":"2021-09-13T12:07:44","slug":"prog-res-ar","status":"publish","type":"page","link":"https:\/\/des-ers.infd.edu.ar\/sitio\/prog-res-ar\/","title":{"rendered":"PROG.RES.AR"},"content":{"rendered":"\n<div class=\"wp-block-cover has-vivid-cyan-blue-background-color\" style=\"min-height:173px\"><img decoding=\"async\" loading=\"lazy\" width=\"512\" height=\"250\" class=\"wp-block-cover__image-background wp-image-5909\" alt=\"\" src=\"https:\/\/des-ers.infd.edu.ar\/sitio\/wp-content\/uploads\/2021\/08\/progresar.png\" style=\"object-position:52% 47%\" data-object-fit=\"cover\" data-object-position=\"52% 47%\"\/><div class=\"wp-block-cover__inner-container\">\n<p class=\"has-text-align-center has-large-font-size\"><\/p>\n<\/div><\/div>\n\n\n\n<p><strong>Programa de Respaldo a Estudiantes de Argentina:<\/strong><\/p>\n\n\n\n<p>Es un nuevo derecho que tienen los j\u00f3venes que no trabajan o tiene un trabajo informal de m\u00ednima remuneraci\u00f3n, para que puedan iniciar o completar sus estudios dentro de cualquier nivel educativo.<\/p>\n\n\n\n<p><strong>Objetivos<\/strong> del programa:<\/p>\n\n\n\n<ul><li>Generar oportunidades de inclusi\u00f3n social y laboral.<\/li><li>Capacitar a los j\u00f3venes de entre 18 y 24 a\u00f1os.<\/li><li>Finalizar la escolaridad obligatoria, iniciar o facilitar la continuidad en el Nivel Superior.<\/li><li>Abrir espacios de pr\u00e1ctica de formaci\u00f3n.<\/li><\/ul>\n\n\n\n<p><strong>Beneficiarios<\/strong> del programa:<\/p>\n\n\n\n<ul><li>Desocupados o trabajadores de la Econom\u00eda Informal o Formal.<\/li><li>Titulares de una prestaci\u00f3n previsional contributiva o no contributiva.<\/li><li>Monotributistas Sociales.<\/li><li>Trabajadores de temporada de casa particulares.&nbsp;<\/li><\/ul>\n\n\n\n<hr class=\"wp-block-separator is-style-wide\"\/>\n\n\n\n<p><a rel=\"noreferrer noopener\" href=\"https:\/\/becasprogresar.educacion.gob.ar\/inicio_nivel_superior.php\" data-type=\"URL\" data-id=\"https:\/\/becasprogresar.educacion.gob.ar\/inicio_nivel_superior.php\" target=\"_blank\">Inscripci\u00f3n 2021<\/a> &lt;&lt; <em>https:\/\/becasprogresar.educacion.gob.ar\/inicio_nivel_superior.php<\/em> >><\/p>\n\n\n\n<hr class=\"wp-block-separator is-style-wide\"\/>\n\n\n\n<div class=\"wp-block-media-text alignwide is-stacked-on-mobile is-vertically-aligned-top\" style=\"grid-template-columns:29% auto\"><figure class=\"wp-block-media-text__media\"><img decoding=\"async\" loading=\"lazy\" width=\"720\" height=\"720\" src=\"https:\/\/des-ers.infd.edu.ar\/sitio\/wp-content\/uploads\/2021\/09\/WhatsApp-Image-2021-09-12-at-18.53.32-2.jpeg\" alt=\"\" class=\"wp-image-6830 size-full\" srcset=\"https:\/\/des-ers.infd.edu.ar\/sitio\/wp-content\/uploads\/2021\/09\/WhatsApp-Image-2021-09-12-at-18.53.32-2.jpeg 720w, https:\/\/des-ers.infd.edu.ar\/sitio\/wp-content\/uploads\/2021\/09\/WhatsApp-Image-2021-09-12-at-18.53.32-2-500x500.jpeg 500w\" sizes=\"(max-width: 720px) 100vw, 720px\" \/><\/figure><div class=\"wp-block-media-text__content\">\n<p style=\"font-size:17px\">Se prorroga el proceso de<strong>\u00a0inscripci\u00f3n de la convocatoria vigente hasta el 17 de septiembre<\/strong>\u00a0del corriente a\u00f1o para las siguientes l\u00edneas de becas&#8230;<\/p>\n\n\n\n<div class=\"wp-block-buttons is-content-justification-right is-layout-flex\">\n<div class=\"wp-block-button is-style-outline\"><a class=\"wp-block-button__link no-border-radius\" href=\"https:\/\/des-ers.infd.edu.ar\/sitio\/se-prorroga-el-proceso-de-inscripcion-becas-progresar\/\" target=\"_blank\" rel=\"noreferrer noopener\">Leer m\u00e1s&#8230;<\/a><\/div>\n<\/div>\n<\/div><\/div>\n","protected":false},"excerpt":{"rendered":"<p>Programa de Respaldo a Estudiantes de Argentina: Es un nuevo derecho que tienen los j\u00f3venes que no trabajan o tiene un trabajo informal de m\u00ednima remuneraci\u00f3n, para que puedan iniciar o completar sus estudios dentro de cualquier nivel educativo. Objetivos del programa: Generar oportunidades de inclusi\u00f3n social y laboral. Capacitar a los j\u00f3venes de entre &#8230; <a title=\"PROG.RES.AR\" class=\"read-more\" href=\"https:\/\/des-ers.infd.edu.ar\/sitio\/prog-res-ar\/\" aria-label=\"More on PROG.RES.AR\">[+]<\/a><\/p>\n","protected":false},"author":2706,"featured_media":0,"parent":0,"menu_order":0,"comment_status":"closed","ping_status":"closed","template":"","meta":[],"acf":[],"_links":{"self":[{"href":"https:\/\/des-ers.infd.edu.ar\/sitio\/wp-json\/wp\/v2\/pages\/2912"}],"collection":[{"href":"https:\/\/des-ers.infd.edu.ar\/sitio\/wp-json\/wp\/v2\/pages"}],"about":[{"href":"https:\/\/des-ers.infd.edu.ar\/sitio\/wp-json\/wp\/v2\/types\/page"}],"author":[{"embeddable":true,"href":"https:\/\/des-ers.infd.edu.ar\/sitio\/wp-json\/wp\/v2\/users\/2706"}],"replies":[{"embeddable":true,"href":"https:\/\/des-ers.infd.edu.ar\/sitio\/wp-json\/wp\/v2\/comments?post=2912"}],"version-history":[{"count":7,"href":"https:\/\/des-ers.infd.edu.ar\/sitio\/wp-json\/wp\/v2\/pages\/2912\/revisions"}],"predecessor-version":[{"id":6844,"href":"https:\/\/des-ers.infd.edu.ar\/sitio\/wp-json\/wp\/v2\/pages\/2912\/revisions\/6844"}],"wp:attachment":[{"href":"https:\/\/des-ers.infd.edu.ar\/sitio\/wp-json\/wp\/v2\/media?parent=2912"}],"curies":[{"name":"wp","href":"https:\/\/api.w.org\/{rel}","templated":true}]}}