{"id":2904,"date":"2018-07-03T13:16:36","date_gmt":"2018-07-03T16:16:36","guid":{"rendered":"https:\/\/des-ers.infd.edu.ar\/sitio\/equipo-tecnico-administrativo\/"},"modified":"2023-12-20T13:48:21","modified_gmt":"2023-12-20T16:48:21","slug":"equipo-tecnico-administrativo","status":"publish","type":"page","link":"https:\/\/des-ers.infd.edu.ar\/sitio\/equipo-tecnico-administrativo\/","title":{"rendered":"Equipo Administrativo"},"content":{"rendered":"\n<div class=\"wp-block-cover\" style=\"min-height:194px\"><span aria-hidden=\"true\" class=\"wp-block-cover__background has-background-dim\"><\/span><img decoding=\"async\" loading=\"lazy\" width=\"512\" height=\"340\" class=\"wp-block-cover__image-background wp-image-5876\" alt=\"\" src=\"https:\/\/des-ers.infd.edu.ar\/sitio\/wp-content\/uploads\/2021\/08\/frente-CGE.jpg\" data-object-fit=\"cover\"\/><div class=\"wp-block-cover__inner-container\">\n<blockquote class=\"wp-block-quote has-text-align-center\">\n<p><strong>CONSEJO GENERAL DE EDUCACI\u00d3N<\/strong><\/p>\n\n\n\n<p>PROVINCIA DE ENTRE R\u00cdOS<\/p>\n\n\n\n<p>Equipo Administrativo<\/p>\n<\/blockquote>\n<\/div><\/div>\n\n\n\n<div class=\"wp-block-group is-layout-flow\"><div class=\"wp-block-group__inner-container\">\n<p>ADMINISTRATIVOS Y ADMINISTRATIVAS<\/p>\n\n\n\n<p class=\"has-text-align-center\"><strong>Evangelina D\u00edaz<\/strong><\/p>\n\n\n\n<p class=\"has-text-align-center\"><strong>Lautaro Ledesma<\/strong><\/p>\n\n\n\n<p class=\"has-text-align-center\"><strong>Gisel Arrellano<\/strong> <strong>Yanes<\/strong><\/p>\n\n\n\n<p class=\"has-text-align-center\"><strong>Melania Bar\u00f3n<\/strong><\/p>\n\n\n\n<p class=\"has-text-align-center\"><strong>Vanesa Mart\u00ednez<\/strong><\/p>\n\n\n\n<p class=\"has-text-align-center\"><strong>Andrea Naclerio<\/strong><\/p>\n\n\n\n<p class=\"has-text-align-center\"><strong>Jana Victo<\/strong><\/p>\n\n\n\n<p class=\"has-text-align-center\"><strong>Milagros Zapata<\/strong><\/p>\n\n\n\n<hr class=\"wp-block-separator has-css-opacity is-style-wide\"\/>\n\n\n\n<p class=\"has-text-align-left\">REFERENTE CONTABLE<\/p>\n\n\n\n<p class=\"has-text-align-center\"><strong>Juli\u00e1n Sobrero<\/strong><\/p>\n<\/div><\/div>\n","protected":false},"excerpt":{"rendered":"<p>ADMINISTRATIVOS Y ADMINISTRATIVAS Evangelina D\u00edaz Lautaro Ledesma Gisel Arrellano Yanes Melania Bar\u00f3n Vanesa Mart\u00ednez Andrea Naclerio Jana Victo Milagros Zapata REFERENTE CONTABLE Juli\u00e1n Sobrero<\/p>\n","protected":false},"author":2706,"featured_media":0,"parent":0,"menu_order":0,"comment_status":"closed","ping_status":"closed","template":"","meta":[],"acf":[],"_links":{"self":[{"href":"https:\/\/des-ers.infd.edu.ar\/sitio\/wp-json\/wp\/v2\/pages\/2904"}],"collection":[{"href":"https:\/\/des-ers.infd.edu.ar\/sitio\/wp-json\/wp\/v2\/pages"}],"about":[{"href":"https:\/\/des-ers.infd.edu.ar\/sitio\/wp-json\/wp\/v2\/types\/page"}],"author":[{"embeddable":true,"href":"https:\/\/des-ers.infd.edu.ar\/sitio\/wp-json\/wp\/v2\/users\/2706"}],"replies":[{"embeddable":true,"href":"https:\/\/des-ers.infd.edu.ar\/sitio\/wp-json\/wp\/v2\/comments?post=2904"}],"version-history":[{"count":14,"href":"https:\/\/des-ers.infd.edu.ar\/sitio\/wp-json\/wp\/v2\/pages\/2904\/revisions"}],"predecessor-version":[{"id":10165,"href":"https:\/\/des-ers.infd.edu.ar\/sitio\/wp-json\/wp\/v2\/pages\/2904\/revisions\/10165"}],"wp:attachment":[{"href":"https:\/\/des-ers.infd.edu.ar\/sitio\/wp-json\/wp\/v2\/media?parent=2904"}],"curies":[{"name":"wp","href":"https:\/\/api.w.org\/{rel}","templated":true}]}}