{"id":2893,"date":"2018-07-03T13:16:31","date_gmt":"2018-07-03T16:16:31","guid":{"rendered":"https:\/\/des-ers.infd.edu.ar\/sitio\/equipo-tecnico-pedagogico\/"},"modified":"2023-08-09T10:48:52","modified_gmt":"2023-08-09T13:48:52","slug":"equipo-tecnico-pedagogico","status":"publish","type":"page","link":"https:\/\/des-ers.infd.edu.ar\/sitio\/equipo-tecnico-pedagogico\/","title":{"rendered":"Equipo T\u00e9cnico Pedag\u00f3gico"},"content":{"rendered":"\n<div class=\"wp-block-cover\" style=\"min-height:230px\"><span aria-hidden=\"true\" class=\"wp-block-cover__background has-background-dim-20 has-background-dim\"><\/span><img decoding=\"async\" loading=\"lazy\" width=\"512\" height=\"340\" class=\"wp-block-cover__image-background wp-image-5876\" alt=\"\" src=\"https:\/\/des-ers.infd.edu.ar\/sitio\/wp-content\/uploads\/2021\/08\/frente-CGE.jpg\" data-object-fit=\"cover\"\/><div class=\"wp-block-cover__inner-container\">\n<blockquote class=\"wp-block-quote has-text-align-center\">\n<p><strong>CONSEJO GENERAL DE EDUCACI\u00d3N<\/strong><\/p>\n\n\n\n<p>PROVINCIA DE ENTRE R\u00cdOS<\/p>\n\n\n\n<p>Equipo T\u00e9cnico Pedag\u00f3gico<\/p>\n<\/blockquote>\n<\/div><\/div>\n\n\n\n<p class=\"has-text-align-center\"><strong>Silvia Centuri\u00f3n<\/strong><\/p>\n\n\n\n<p class=\"has-text-align-center\"><strong>Mariana Dalinger<\/strong><\/p>\n\n\n\n<p class=\"has-text-align-center\"><strong>Hugo D\u00edaz<\/strong><\/p>\n\n\n\n<p class=\"has-text-align-center\"><strong>Mar\u00eda de los \u00c1ngeles Fern\u00e1ndez<\/strong><\/p>\n\n\n\n<p class=\"has-text-align-center\"><strong>Elo\u00edsa Grimaux<\/strong><\/p>\n\n\n\n<p class=\"has-text-align-center\"><strong>N\u00e9stor Lamadrid<\/strong><\/p>\n\n\n\n<p class=\"has-text-align-center\"><strong>C\u00e9sar Luj\u00e1n<\/strong><\/p>\n\n\n\n<p class=\"has-text-align-center\"><strong>Fabricio Miraglio<\/strong><\/p>\n\n\n\n<p class=\"has-text-align-center\"><strong>Hern\u00e1n Arlettaz<\/strong><\/p>\n\n\n\n<p class=\"has-text-align-center\"><strong>Janet Ru\u00edz D\u00edaz<\/strong><\/p>\n\n\n\n<p class=\"has-text-align-center\"><strong>Mar\u00eda de los \u00c1ngeles S\u00e1nchez<\/strong><\/p>\n\n\n\n<p class=\"has-text-align-center\"><strong>H\u00e9ctor Valentini<\/strong><\/p>\n\n\n\n<p class=\"has-text-align-center\"><strong>Mario Villanueva<\/strong><\/p>\n\n\n\n<p class=\"has-text-align-center\"><strong>Ayel\u00e9n Visciconti<\/strong><\/p>\n","protected":false},"excerpt":{"rendered":"<p>Silvia Centuri\u00f3n Mariana Dalinger Hugo D\u00edaz Mar\u00eda de los \u00c1ngeles Fern\u00e1ndez Elo\u00edsa Grimaux N\u00e9stor Lamadrid C\u00e9sar Luj\u00e1n Fabricio Miraglio Hern\u00e1n Arlettaz Janet Ru\u00edz D\u00edaz Mar\u00eda de los \u00c1ngeles S\u00e1nchez H\u00e9ctor Valentini Mario Villanueva Ayel\u00e9n Visciconti<\/p>\n","protected":false},"author":2706,"featured_media":0,"parent":0,"menu_order":0,"comment_status":"closed","ping_status":"closed","template":"","meta":[],"acf":[],"_links":{"self":[{"href":"https:\/\/des-ers.infd.edu.ar\/sitio\/wp-json\/wp\/v2\/pages\/2893"}],"collection":[{"href":"https:\/\/des-ers.infd.edu.ar\/sitio\/wp-json\/wp\/v2\/pages"}],"about":[{"href":"https:\/\/des-ers.infd.edu.ar\/sitio\/wp-json\/wp\/v2\/types\/page"}],"author":[{"embeddable":true,"href":"https:\/\/des-ers.infd.edu.ar\/sitio\/wp-json\/wp\/v2\/users\/2706"}],"replies":[{"embeddable":true,"href":"https:\/\/des-ers.infd.edu.ar\/sitio\/wp-json\/wp\/v2\/comments?post=2893"}],"version-history":[{"count":11,"href":"https:\/\/des-ers.infd.edu.ar\/sitio\/wp-json\/wp\/v2\/pages\/2893\/revisions"}],"predecessor-version":[{"id":9830,"href":"https:\/\/des-ers.infd.edu.ar\/sitio\/wp-json\/wp\/v2\/pages\/2893\/revisions\/9830"}],"wp:attachment":[{"href":"https:\/\/des-ers.infd.edu.ar\/sitio\/wp-json\/wp\/v2\/media?parent=2893"}],"curies":[{"name":"wp","href":"https:\/\/api.w.org\/{rel}","templated":true}]}}