{"id":2880,"date":"2018-07-03T13:16:24","date_gmt":"2018-07-03T16:16:24","guid":{"rendered":"https:\/\/des-ers.infd.edu.ar\/sitio\/area-desarrollo-tecnico-profesional\/"},"modified":"2022-02-07T11:17:06","modified_gmt":"2022-02-07T14:17:06","slug":"area-desarrollo-tecnico-profesional","status":"publish","type":"page","link":"https:\/\/des-ers.infd.edu.ar\/sitio\/area-desarrollo-tecnico-profesional\/","title":{"rendered":"\u00c1rea Desarrollo T\u00e9cnico Profesional"},"content":{"rendered":"\n<div class=\"wp-block-cover has-background-dim-30 has-vivid-cyan-blue-background-color has-background-dim\" style=\"min-height:127px\"><img decoding=\"async\" loading=\"lazy\" width=\"547\" height=\"168\" class=\"wp-block-cover__image-background wp-image-5948\" alt=\"\" src=\"https:\/\/des-ers.infd.edu.ar\/sitio\/wp-content\/uploads\/2021\/08\/tec-prof.png\" data-object-fit=\"cover\"\/><div class=\"wp-block-cover__inner-container\">\n<p class=\"has-text-align-left has-large-font-size\"><strong>\u00c1rea Desarrollo T\u00e9cnico Profesional<\/strong><\/p>\n\n\n\n<p class=\"has-text-align-right\"><em>Equipo: Silvia Centuri\u00f3n<\/em><\/p>\n<\/div><\/div>\n\n\n\n<p><strong>L\u00edneas de Acci\u00f3n:<\/strong><\/p>\n\n\n\n<ul><li>Fortalecer la identidad de las Tecnicaturas Superiores de la Provincia de Entre R\u00edos.<\/li><li>Adecuar la propuesta formativa jurisdiccional a los Lineamientos de los Marcos de Referencia emanados del Consejo Federal de Educaci\u00f3n, teniendo en cuenta las caracter\u00edsticas y necesidades jurisdiccionales.<\/li><li>Gestionar la Validez Nacional de los t\u00edtulos otorgados por las Instituciones de Nivel Superior que ofrecen Educaci\u00f3n T\u00e9cnico Profesional.<\/li><li>Disponer diversos espacios de construcci\u00f3n colectiva a fin de reglamentar y acompa\u00f1ar la implementaci\u00f3n de los Proyectos de Pr\u00e1cticas Profesionalizantes de las distintas carreras.<\/li><li>Propiciar una comunicaci\u00f3n fluida con los Institutos a fin de implementar pol\u00edticas jurisdiccionales que resulten necesarias para el fortalecimiento de las trayectorias formativas de los estudiantes.<\/li><\/ul>\n","protected":false},"excerpt":{"rendered":"<p>L\u00edneas de Acci\u00f3n: Fortalecer la identidad de las Tecnicaturas Superiores de la Provincia de Entre R\u00edos. Adecuar la propuesta formativa jurisdiccional a los Lineamientos de los Marcos de Referencia emanados del Consejo Federal de Educaci\u00f3n, teniendo en cuenta las caracter\u00edsticas y necesidades jurisdiccionales. Gestionar la Validez Nacional de los t\u00edtulos otorgados por las Instituciones de &#8230; <a title=\"\u00c1rea Desarrollo T\u00e9cnico Profesional\" class=\"read-more\" href=\"https:\/\/des-ers.infd.edu.ar\/sitio\/area-desarrollo-tecnico-profesional\/\" aria-label=\"More on \u00c1rea Desarrollo T\u00e9cnico Profesional\">[+]<\/a><\/p>\n","protected":false},"author":2706,"featured_media":0,"parent":0,"menu_order":0,"comment_status":"closed","ping_status":"closed","template":"","meta":[],"acf":[],"_links":{"self":[{"href":"https:\/\/des-ers.infd.edu.ar\/sitio\/wp-json\/wp\/v2\/pages\/2880"}],"collection":[{"href":"https:\/\/des-ers.infd.edu.ar\/sitio\/wp-json\/wp\/v2\/pages"}],"about":[{"href":"https:\/\/des-ers.infd.edu.ar\/sitio\/wp-json\/wp\/v2\/types\/page"}],"author":[{"embeddable":true,"href":"https:\/\/des-ers.infd.edu.ar\/sitio\/wp-json\/wp\/v2\/users\/2706"}],"replies":[{"embeddable":true,"href":"https:\/\/des-ers.infd.edu.ar\/sitio\/wp-json\/wp\/v2\/comments?post=2880"}],"version-history":[{"count":7,"href":"https:\/\/des-ers.infd.edu.ar\/sitio\/wp-json\/wp\/v2\/pages\/2880\/revisions"}],"predecessor-version":[{"id":7740,"href":"https:\/\/des-ers.infd.edu.ar\/sitio\/wp-json\/wp\/v2\/pages\/2880\/revisions\/7740"}],"wp:attachment":[{"href":"https:\/\/des-ers.infd.edu.ar\/sitio\/wp-json\/wp\/v2\/media?parent=2880"}],"curies":[{"name":"wp","href":"https:\/\/api.w.org\/{rel}","templated":true}]}}