{"id":2870,"date":"2018-07-03T13:16:21","date_gmt":"2018-07-03T16:16:21","guid":{"rendered":"https:\/\/des-ers.infd.edu.ar\/sitio\/area-desarrollo-institucional\/"},"modified":"2021-10-06T18:30:36","modified_gmt":"2021-10-06T21:30:36","slug":"area-desarrollo-institucional","status":"publish","type":"page","link":"https:\/\/des-ers.infd.edu.ar\/sitio\/area-desarrollo-institucional\/","title":{"rendered":"\u00c1rea Desarrollo Institucional"},"content":{"rendered":"\n<div class=\"wp-block-cover has-background-dim-40 has-vivid-cyan-blue-background-color has-background-dim\" style=\"min-height:109px\"><img decoding=\"async\" loading=\"lazy\" width=\"546\" height=\"364\" class=\"wp-block-cover__image-background wp-image-5990\" alt=\"\" src=\"https:\/\/des-ers.infd.edu.ar\/sitio\/wp-content\/uploads\/2021\/08\/dis-curri.jpg\" style=\"object-position:49% 61%\" data-object-fit=\"cover\" data-object-position=\"49% 61%\"\/><div class=\"wp-block-cover__inner-container\">\n<p class=\"has-text-align-left has-large-font-size\"><strong>\u00c1rea Desarrollo Institucional<\/strong><\/p>\n\n\n\n<p class=\"has-text-align-right\"><em>Equipo: Mar\u00eda de los \u00c1ngeles S\u00e1nchez, Mar\u00eda de los \u00c1ngeles Fern\u00e1ndez y Elo\u00edsa Grimaux<\/em><\/p>\n<\/div><\/div>\n\n\n\n<p>El \u00c1rea de Desarrollo Institucional, representa un espacio de formaci\u00f3n y participaci\u00f3n a trav\u00e9s del cual se intenta dinamizar los procesos organizacionales que se gestan al interior de los Institutos de Formaci\u00f3n Docente de Nivel Superior de la provincia de Entre R\u00edos. <\/p>\n\n\n\n<p>Los principales objetivos del \u00c1rea son: <\/p>\n\n\n\n<ul><li>Fortalecer las din\u00e1micas institucionales a trav\u00e9s de diferentes dispositivos de acompa\u00f1amiento, formaci\u00f3n y reflexi\u00f3n para los docentes que constituyen los diferentes \u00f3rganos colegiados de los Institutos de Formaci\u00f3n Superior. <\/li><li>Generar condiciones organizacionales a trav\u00e9s de la construcci\u00f3n participativa de normas que promuevan acciones, decisiones y proyecciones, en el marco de un gobierno democr\u00e1tico y plural. <\/li><li>Colaborar en los procesos de construcci\u00f3n institucional de los Reg\u00edmenes Acad\u00e9micos y de los Reglamentos Org\u00e1nicos de los Institutos Superiores establecidos en las siguientes resoluciones:<\/li><\/ul>\n\n\n\n<p><strong>RAM<\/strong><\/p>\n\n\n\n<div class=\"wp-block-file\"><a href=\"https:\/\/des-ers.infd.edu.ar\/sitio\/wp-content\/uploads\/2021\/09\/4967-19-CGE-Aprueba-Regimen-Academico-Marco-RAM-Institutos-de-Educ.-Superior.pdf\"> <strong>Resoluci\u00f3n 4967-19 CGE<\/strong> Aprueba R\u00e9gimen Acad\u00e9mico Marco -RAM- Institutos de Educ. Superior<\/a><a href=\"https:\/\/des-ers.infd.edu.ar\/sitio\/wp-content\/uploads\/2021\/09\/4967-19-CGE-Aprueba-Regimen-Academico-Marco-RAM-Institutos-de-Educ.-Superior.pdf\" class=\"wp-block-file__button\" download>Descarga<\/a><\/div>\n\n\n\n<div class=\"wp-block-file\"><a href=\"https:\/\/des-ers.infd.edu.ar\/sitio\/wp-content\/uploads\/2021\/09\/0555-20-CGE-Mod-Anexo-I-Res-No-4967-19-CGE-Regimen-Academico-Marco-RAM.pdf\"><strong>Resoluci\u00f3n 0555-20 CGE<\/strong> Modifica Anexo I Res N\u00b0 4967-19 CGE R\u00e9gimen Acad\u00e9mico Marco -RAM-<\/a><a href=\"https:\/\/des-ers.infd.edu.ar\/sitio\/wp-content\/uploads\/2021\/09\/0555-20-CGE-Mod-Anexo-I-Res-No-4967-19-CGE-Regimen-Academico-Marco-RAM.pdf\" class=\"wp-block-file__button\" download>Descarga<\/a><\/div>\n\n\n\n<div class=\"wp-block-file\"><a href=\"https:\/\/des-ers.infd.edu.ar\/sitio\/wp-content\/uploads\/2021\/08\/0758-21-CGE-Modifica-transitoriamente-el-Regimen-Academico-Marco-1.pdf\"><strong>Resoluci\u00f3n 0758-21 CGE <\/strong>Modifica transitoriamente el R\u00e9gimen Acad\u00e9mico Marco<\/a><a href=\"https:\/\/des-ers.infd.edu.ar\/sitio\/wp-content\/uploads\/2021\/08\/0758-21-CGE-Modifica-transitoriamente-el-Regimen-Academico-Marco-1.pdf\" class=\"wp-block-file__button\" download>Descarga<\/a><\/div>\n\n\n\n<hr class=\"wp-block-separator is-style-wide\"\/>\n\n\n\n<p><strong>ROM<\/strong><\/p>\n\n\n\n<div class=\"wp-block-file\"><a href=\"https:\/\/des-ers.infd.edu.ar\/sitio\/wp-content\/uploads\/2021\/08\/2842-09-CGE-Reglamento-Organico-Marco-del-Sistema-de-Educacion-Superior.pdf\"><strong>Resoluci\u00f3n 2842-09 CGE<\/strong> Reglamento Org\u00e1nico Marco del Sistema de Educaci\u00f3n Superior<\/a><a href=\"https:\/\/des-ers.infd.edu.ar\/sitio\/wp-content\/uploads\/2021\/08\/2842-09-CGE-Reglamento-Organico-Marco-del-Sistema-de-Educacion-Superior.pdf\" class=\"wp-block-file__button\" download>Descarga<\/a><\/div>\n\n\n\n<div class=\"wp-block-file\"><a href=\"https:\/\/des-ers.infd.edu.ar\/sitio\/wp-content\/uploads\/2021\/08\/4789-15-CGE-Ampliacion-y-modificacion-del-Reglamento-Organico-Marco-ROM.pdf\"><strong>Resoluci\u00f3n 4789-15 CGE <\/strong>Ampliaci\u00f3n y modificaci\u00f3n del Reglamento Org\u00e1nico Marco<\/a><a href=\"https:\/\/des-ers.infd.edu.ar\/sitio\/wp-content\/uploads\/2021\/08\/4789-15-CGE-Ampliacion-y-modificacion-del-Reglamento-Organico-Marco-ROM.pdf\" class=\"wp-block-file__button\" download>Descarga<\/a><\/div>\n","protected":false},"excerpt":{"rendered":"<p>El \u00c1rea de Desarrollo Institucional, representa un espacio de formaci\u00f3n y participaci\u00f3n a trav\u00e9s del cual se intenta dinamizar los procesos organizacionales que se gestan al interior de los Institutos de Formaci\u00f3n Docente de Nivel Superior de la provincia de Entre R\u00edos. Los principales objetivos del \u00c1rea son: Fortalecer las din\u00e1micas institucionales a trav\u00e9s de &#8230; <a title=\"\u00c1rea Desarrollo Institucional\" class=\"read-more\" href=\"https:\/\/des-ers.infd.edu.ar\/sitio\/area-desarrollo-institucional\/\" aria-label=\"More on \u00c1rea Desarrollo Institucional\">[+]<\/a><\/p>\n","protected":false},"author":2706,"featured_media":0,"parent":0,"menu_order":0,"comment_status":"closed","ping_status":"closed","template":"","meta":[],"acf":[],"_links":{"self":[{"href":"https:\/\/des-ers.infd.edu.ar\/sitio\/wp-json\/wp\/v2\/pages\/2870"}],"collection":[{"href":"https:\/\/des-ers.infd.edu.ar\/sitio\/wp-json\/wp\/v2\/pages"}],"about":[{"href":"https:\/\/des-ers.infd.edu.ar\/sitio\/wp-json\/wp\/v2\/types\/page"}],"author":[{"embeddable":true,"href":"https:\/\/des-ers.infd.edu.ar\/sitio\/wp-json\/wp\/v2\/users\/2706"}],"replies":[{"embeddable":true,"href":"https:\/\/des-ers.infd.edu.ar\/sitio\/wp-json\/wp\/v2\/comments?post=2870"}],"version-history":[{"count":16,"href":"https:\/\/des-ers.infd.edu.ar\/sitio\/wp-json\/wp\/v2\/pages\/2870\/revisions"}],"predecessor-version":[{"id":7148,"href":"https:\/\/des-ers.infd.edu.ar\/sitio\/wp-json\/wp\/v2\/pages\/2870\/revisions\/7148"}],"wp:attachment":[{"href":"https:\/\/des-ers.infd.edu.ar\/sitio\/wp-json\/wp\/v2\/media?parent=2870"}],"curies":[{"name":"wp","href":"https:\/\/api.w.org\/{rel}","templated":true}]}}