{"id":2866,"date":"2018-07-03T13:16:19","date_gmt":"2018-07-03T16:16:19","guid":{"rendered":"https:\/\/des-ers.infd.edu.ar\/sitio\/area-de-politicas-estudiantiles\/"},"modified":"2021-08-22T12:04:43","modified_gmt":"2021-08-22T15:04:43","slug":"area-de-politicas-estudiantiles","status":"publish","type":"page","link":"https:\/\/des-ers.infd.edu.ar\/sitio\/area-de-politicas-estudiantiles\/","title":{"rendered":"\u00c1rea Pol\u00edticas Estudiantiles"},"content":{"rendered":"\n<div class=\"wp-block-cover has-vivid-cyan-blue-background-color has-background-dim\" style=\"min-height:59px\"><img decoding=\"async\" loading=\"lazy\" width=\"806\" height=\"582\" class=\"wp-block-cover__image-background wp-image-2542\" alt=\"\" src=\"https:\/\/des-ers.infd.edu.ar\/sitio\/wp-content\/uploads\/2018\/07\/politicas_estud_viale_2.jpg\" data-object-fit=\"cover\" srcset=\"https:\/\/des-ers.infd.edu.ar\/sitio\/wp-content\/uploads\/2018\/07\/politicas_estud_viale_2.jpg 806w, https:\/\/des-ers.infd.edu.ar\/sitio\/wp-content\/uploads\/2018\/07\/politicas_estud_viale_2-768x555.jpg 768w\" sizes=\"(max-width: 806px) 100vw, 806px\" \/><div class=\"wp-block-cover__inner-container\">\n<h1 class=\"wp-block-heading\">\u00c1rea Pol\u00edticas Estudiantiles<\/h1>\n\n\n\n<p class=\"has-text-align-right\"><em>EQUIPO: Tatiana Richardet y N\u00e9stor Lamadrid<\/em><\/p>\n<\/div><\/div>\n\n\n\n<p style=\"font-size:19px\"><strong>\u00c1rea de Pol\u00edticas Estudiantiles<\/strong><\/p>\n\n\n\n<p style=\"font-size:17px\">En l\u00ednea con lo realizado por el Consejo Federal de Educaci\u00f3n y el Instituto Nacional de Formaci\u00f3n Docente durante los \u00faltimos a\u00f1os, esta \u00e1rea tiene como objetivos fortalecer la trayectoria de los estudiantes y construir ciudadan\u00eda estudiantil para la participaci\u00f3n pol\u00edtica en educaci\u00f3n. Tambi\u00e9n articular con organismos estatales que impacten en la poblaci\u00f3n estudiantil y realizar propuestas culturales y pedag\u00f3gicas con temas que consideramos importantes para la formaci\u00f3n del Nivel Superior.<\/p>\n\n\n\n<p class=\"has-medium-font-size\"><strong>Fortalecimiento de Trayectorias<\/strong><\/p>\n\n\n\n<p>Nos proponemos desarrollar, junto a estudiantes, docentes y directivos de los institutos superiores, una cartograf\u00eda que nos permita conocer cu\u00e1les son las variables que inciden sobre la trayectoria de los estudiantes de nuestros institutos, tanto las que funcionan como un obst\u00e1culo, como aquellas que favorecen la permanencia y egreso en el nivel.<\/p>\n\n\n\n<p>Desde esta \u00e1rea consideramos que para trabajar sobre trayectorias estudiantiles es importante&nbsp;abordar aquellos aspectos que fortalecen la identidad y pertenencia en los institutos superiores, como la participaci\u00f3n democr\u00e1tica en los \u00f3rganos institucionales y la intervenci\u00f3n activa de los y las estudiantes en los debates actuales vinculados a su formaci\u00f3n.<\/p>\n\n\n\n<p class=\"has-medium-font-size\"><strong>Ciudadan\u00eda estudiantil y participaci\u00f3n pol\u00edtica<\/strong><\/p>\n\n\n\n<p>Con el prop\u00f3sito de fortalecer la participaci\u00f3n de los y las estudiantes en la vida democr\u00e1tica institucional, llevaremos adelante la difusi\u00f3n de materiales que abran el debate sobre su rol en los institutos; consideramos importante socializar herramientas que fortalezcan su intervenci\u00f3n en los debates pol\u00edticos pedag\u00f3gicos en las aulas y en los espacios de decisi\u00f3n como el consejo directivo y el c entro de estudiantes.<\/p>\n\n\n\n<p>Otro eje es el acompa\u00f1amiento del equipo en la organizaci\u00f3n de propuestas comunitarias y socioculturales desde los centros de estudiantes, adem\u00e1s de su difusi\u00f3n e intercambio con estudiantes de otras regiones a trav\u00e9s de encuentros. Proyectamos reuniones donde los estudiantes puedan comenzar a intervenir desde los conocimientos que le otorgan su formaci\u00f3n, incentivando la producci\u00f3n de conocimiento y el protagonismo de los y las estudiantes en estas actividades. <\/p>\n\n\n\n<p>Otra l\u00ednea de trabajo es realizar un seguimiento de la participaci\u00f3n en las comisiones de modificaci\u00f3n y actualizaci\u00f3n de las normativas que involucren la mirada de los y las estudiantes.<\/p>\n\n\n\n<div class=\"wp-block-columns is-layout-flex wp-container-13\">\n<div class=\"wp-block-column is-layout-flow\" style=\"flex-basis:100%\">\n<div class=\"wp-block-columns is-layout-flex wp-container-11\">\n<div class=\"wp-block-column is-layout-flow\" style=\"flex-basis:100%\">\n<div class=\"wp-block-group\"><div class=\"wp-block-group__inner-container is-layout-flow\">\n<div class=\"wp-block-columns is-layout-flex wp-container-8\">\n<div class=\"wp-block-column is-layout-flow\" style=\"flex-basis:100%\">\n<div class=\"wp-block-media-text alignwide is-stacked-on-mobile is-vertically-aligned-top\" style=\"grid-template-columns:39% auto\"><figure class=\"wp-block-media-text__media\"><img decoding=\"async\" src=\"https:\/\/des-ers.infd.edu.ar\/sitio\/wp-content\/uploads\/2021\/08\/WhatsApp-Image-2021-08-19-at-09.50.45.jpeg\" alt=\"\" class=\"wp-image-6289 size-full\"\/><\/figure><div class=\"wp-block-media-text__content\">\n<p class=\"has-medium-font-size\"><strong>Educaci\u00f3n Sexual Integral en la Formaci\u00f3n Superior<\/strong><\/p>\n\n\n\n<p>Inici\u00f3 el primero de cuatro m\u00f3dulos con m\u00e1s de 180 inscriptos del curso \u00abEducaci\u00f3n Sexual Integral en la Formaci\u00f3n Superior\u00bb.<\/p>\n\n\n\n<div class=\"wp-block-columns is-layout-flex wp-container-6\">\n<div class=\"wp-block-column is-layout-flow\" style=\"flex-basis:100%\">\n<div class=\"wp-block-columns is-layout-flex wp-container-4\">\n<div class=\"wp-block-column is-layout-flow\" style=\"flex-basis:100%\">\n<div class=\"wp-block-buttons is-content-justification-right is-layout-flex\">\n<div class=\"wp-block-button has-custom-width wp-block-button__width-50 is-style-outline\"><a class=\"wp-block-button__link no-border-radius\" href=\"https:\/\/des-ers.infd.edu.ar\/sitio\/educacion-sexual-integral-en-la-formacion-superior\/\" target=\"_blank\" rel=\"noreferrer noopener\">Leer m\u00e1s&#8230;<\/a><\/div>\n<\/div>\n\n\n\n<div class=\"wp-block-group is-layout-flow\"><div class=\"wp-block-group__inner-container\"><\/div><\/div>\n<\/div>\n<\/div>\n<\/div>\n<\/div>\n<\/div><\/div>\n<\/div>\n<\/div>\n<\/div><\/div>\n<\/div>\n<\/div>\n<\/div>\n<\/div>\n\n\n\n<div class=\"wp-block-buttons is-content-justification-center is-vertical is-layout-flex\">\n<div class=\"wp-block-button has-custom-width wp-block-button__width-75 is-style-outline\"><a class=\"wp-block-button__link no-border-radius\" href=\"https:\/\/des-ers.infd.edu.ar\/sitio\/prog-res-ar\/\" target=\"_blank\" rel=\"noreferrer noopener\"><em>&gt; Becas Progresar<\/em><\/a><\/div>\n\n\n\n<div class=\"wp-block-button has-custom-width wp-block-button__width-75 is-style-outline\"><a class=\"wp-block-button__link no-border-radius\" href=\"https:\/\/des-ers.infd.edu.ar\/sitio\/coordinador-institucional-de-politicas-estudiantiles-cipe\/\" target=\"_blank\" rel=\"noreferrer noopener\"><em>&gt; Coordinador Institucional de Pol\u00edticas Estudiantiles (CIPE)<\/em><\/a><\/div>\n<\/div>\n","protected":false},"excerpt":{"rendered":"<p>\u00c1rea de Pol\u00edticas Estudiantiles En l\u00ednea con lo realizado por el Consejo Federal de Educaci\u00f3n y el Instituto Nacional de Formaci\u00f3n Docente durante los \u00faltimos a\u00f1os, esta \u00e1rea tiene como objetivos fortalecer la trayectoria de los estudiantes y construir ciudadan\u00eda estudiantil para la participaci\u00f3n pol\u00edtica en educaci\u00f3n. Tambi\u00e9n articular con organismos estatales que impacten en &#8230; <a title=\"\u00c1rea Pol\u00edticas Estudiantiles\" class=\"read-more\" href=\"https:\/\/des-ers.infd.edu.ar\/sitio\/area-de-politicas-estudiantiles\/\" aria-label=\"More on \u00c1rea Pol\u00edticas Estudiantiles\">[+]<\/a><\/p>\n","protected":false},"author":2706,"featured_media":0,"parent":0,"menu_order":0,"comment_status":"closed","ping_status":"closed","template":"","meta":[],"acf":[],"_links":{"self":[{"href":"https:\/\/des-ers.infd.edu.ar\/sitio\/wp-json\/wp\/v2\/pages\/2866"}],"collection":[{"href":"https:\/\/des-ers.infd.edu.ar\/sitio\/wp-json\/wp\/v2\/pages"}],"about":[{"href":"https:\/\/des-ers.infd.edu.ar\/sitio\/wp-json\/wp\/v2\/types\/page"}],"author":[{"embeddable":true,"href":"https:\/\/des-ers.infd.edu.ar\/sitio\/wp-json\/wp\/v2\/users\/2706"}],"replies":[{"embeddable":true,"href":"https:\/\/des-ers.infd.edu.ar\/sitio\/wp-json\/wp\/v2\/comments?post=2866"}],"version-history":[{"count":13,"href":"https:\/\/des-ers.infd.edu.ar\/sitio\/wp-json\/wp\/v2\/pages\/2866\/revisions"}],"predecessor-version":[{"id":6475,"href":"https:\/\/des-ers.infd.edu.ar\/sitio\/wp-json\/wp\/v2\/pages\/2866\/revisions\/6475"}],"wp:attachment":[{"href":"https:\/\/des-ers.infd.edu.ar\/sitio\/wp-json\/wp\/v2\/media?parent=2866"}],"curies":[{"name":"wp","href":"https:\/\/api.w.org\/{rel}","templated":true}]}}