{"id":2861,"date":"2018-07-03T13:16:17","date_gmt":"2018-07-03T16:16:17","guid":{"rendered":"https:\/\/des-ers.infd.edu.ar\/sitio\/programa-nacional-de-formacion-permanente\/"},"modified":"2021-08-09T05:28:04","modified_gmt":"2021-08-09T08:28:04","slug":"programa-nacional-de-formacion-permanente","status":"publish","type":"page","link":"https:\/\/des-ers.infd.edu.ar\/sitio\/programa-nacional-de-formacion-permanente\/","title":{"rendered":"Programa Nacional de Formaci\u00f3n Permanente"},"content":{"rendered":"\n<div class=\"wp-block-cover has-vivid-cyan-blue-background-color has-background-dim\" style=\"min-height:176px\"><img decoding=\"async\" loading=\"lazy\" width=\"242\" height=\"92\" class=\"wp-block-cover__image-background wp-image-5979\" alt=\"\" src=\"https:\/\/des-ers.infd.edu.ar\/sitio\/wp-content\/uploads\/2021\/08\/unnamed.png\" data-object-fit=\"cover\"\/><div class=\"wp-block-cover__inner-container\">\n<h1 class=\"wp-block-heading\">Programa Nacional de Formaci\u00f3n Permanente<\/h1>\n<\/div><\/div>\n\n\n\n<p>El <strong>PNFS \u201cNuestra Escuela\u201d<\/strong> es una iniciativa del Consejo Federal de Educaci\u00f3n a trav\u00e9s de la <a href=\"http:\/\/www.bnm.me.gov.ar\/giga1\/normas\/RCFE_201-13.pdf\" data-type=\"URL\" data-id=\"http:\/\/www.bnm.me.gov.ar\/giga1\/normas\/RCFE_201-13.pdf\" target=\"_blank\" rel=\"noreferrer noopener\">Resoluci\u00f3n N\u00b0 201\/13<\/a>, el cual tiene como principal objetivo la formaci\u00f3n en ejercicio, de manera gratuita y universal, de los docentes durante tres cohortes de 3 a\u00f1os cada una.<\/p>\n\n\n\n<p>Dicho Programa se propone llegar a un total de 1.000.000 docentes en ejercicio, reci\u00e9n iniciados o con diferentes grados de antig\u00fcedad, de escala nacional, por nivel, \u00e1rea\/disciplina y puestos de trabajo y\/o nuevos roles, sobre tem\u00e1ticas priorizadas federal y jurisdiccionalmente.&nbsp;<\/p>\n\n\n\n<hr class=\"wp-block-separator is-style-wide\"\/>\n\n\n\n<p><strong>Caracter\u00edsticas y objetivos<\/strong><br>Se define\u00a0<em>\u201ccomo una\u00a0<\/em><strong>acci\u00f3n universal<\/strong><em>\u00a0de aplicaci\u00f3n\u00a0<\/em><strong>gradual<\/strong><em>\u00a0destinada a docentes de todos los niveles de a\u00a0<\/em><strong>educaci\u00f3n obligatoria<\/strong><em>\u00a0y la\u00a0<\/em><strong>educaci\u00f3n superior<\/strong><em>\u00a0y a todas las instituciones educativas de\u00a0<\/em><strong>gesti\u00f3n estatal y privada<\/strong><em>\u201d<\/em>. <a rel=\"noreferrer noopener\" href=\"https:\/\/des-ers.infd.edu.ar\/sitio\/caracteristicas-y-objetivos\/upload\/201-13.pdf\" target=\"_blank\">Resoluci\u00f3n N\u00b0 201\/13 ANEXO<\/a>.<\/p>\n\n\n\n<p>El PNFP \u201cNuestra Escuela\u201d se propone abordar tanto la formaci\u00f3n individual como colectiva de los docentes, por medio del an\u00e1lisis sistem\u00e1tico de sus pr\u00e1cticas a trav\u00e9s de una comunicaci\u00f3n fluida, dentro de los escenarios educativos y colaborativos que atraviesan el quehacer de los docentes y las escuelas.&nbsp;<br>&nbsp;<br>De esta manera se establecen dos componentes de trabajo:<\/p>\n\n\n\n<ul><li>Institucional, centrado en la unidad escuela.<\/li><li>Prioridades formativas de profundizaci\u00f3n de acuerdo a los puestos de trabajo y\/o nuevos roles, disciplinas, niveles y modalidades vinculadas a los objetivos del Plan Nacional de Educaci\u00f3n Obligatoria y Formaci\u00f3n Docente. &nbsp;<\/li><\/ul>\n\n\n\n<p>Los objetivos propuestos por el Programa son:<\/p>\n\n\n\n<ul><li>Instalar una cultura de la formaci\u00f3n permanente basada en la evaluaci\u00f3n participativa como instancia formativa y necesaria para la producci\u00f3n de estrategias de mejora en las instituciones educativas.<\/li><li>Fortalecer y jerarquizar la autoridad \u00e9tica, pol\u00edtica y pedag\u00f3gica de las escuelas y los docentes.<\/li><li>Promover el desarrollo profesional del colectivo de docentes en tanto sujetos responsables de la pol\u00edtica p\u00fablica educativa para la mejora de la ense\u00f1anza y los aprendizajes.<\/li><li>Impulsar el trabajo institucional y colaborativo de los docentes que implique reflexi\u00f3n y transformaci\u00f3n de pr\u00e1cticas institucionales y de ense\u00f1anza.<\/li><li>Propiciar la profundizaci\u00f3n de la formaci\u00f3n disciplinar y did\u00e1ctica de los docentes.<\/li><li>Promover la producci\u00f3n y circulaci\u00f3n de conocimiento e innovaci\u00f3n pedag\u00f3gica generada en las escuelas y en otros \u00e1mbitos acad\u00e9micos.<\/li><li>Apoyar la creaci\u00f3n de redes de maestros y profesores desde la unidad escolar y la integraci\u00f3n de nuevos sectores del campo socio- educativo.<\/li><li>Generar y sostener las condiciones materiales y financieras que demande el desarrollo del Programa de formaci\u00f3n permanente.&nbsp;<\/li><\/ul>\n","protected":false},"excerpt":{"rendered":"<p>El PNFS \u201cNuestra Escuela\u201d es una iniciativa del Consejo Federal de Educaci\u00f3n a trav\u00e9s de la Resoluci\u00f3n N\u00b0 201\/13, el cual tiene como principal objetivo la formaci\u00f3n en ejercicio, de manera gratuita y universal, de los docentes durante tres cohortes de 3 a\u00f1os cada una. Dicho Programa se propone llegar a un total de 1.000.000 &#8230; <a title=\"Programa Nacional de Formaci\u00f3n Permanente\" class=\"read-more\" href=\"https:\/\/des-ers.infd.edu.ar\/sitio\/programa-nacional-de-formacion-permanente\/\" aria-label=\"More on Programa Nacional de Formaci\u00f3n Permanente\">[+]<\/a><\/p>\n","protected":false},"author":2706,"featured_media":0,"parent":0,"menu_order":0,"comment_status":"closed","ping_status":"closed","template":"","meta":[],"acf":[],"_links":{"self":[{"href":"https:\/\/des-ers.infd.edu.ar\/sitio\/wp-json\/wp\/v2\/pages\/2861"}],"collection":[{"href":"https:\/\/des-ers.infd.edu.ar\/sitio\/wp-json\/wp\/v2\/pages"}],"about":[{"href":"https:\/\/des-ers.infd.edu.ar\/sitio\/wp-json\/wp\/v2\/types\/page"}],"author":[{"embeddable":true,"href":"https:\/\/des-ers.infd.edu.ar\/sitio\/wp-json\/wp\/v2\/users\/2706"}],"replies":[{"embeddable":true,"href":"https:\/\/des-ers.infd.edu.ar\/sitio\/wp-json\/wp\/v2\/comments?post=2861"}],"version-history":[{"count":5,"href":"https:\/\/des-ers.infd.edu.ar\/sitio\/wp-json\/wp\/v2\/pages\/2861\/revisions"}],"predecessor-version":[{"id":5988,"href":"https:\/\/des-ers.infd.edu.ar\/sitio\/wp-json\/wp\/v2\/pages\/2861\/revisions\/5988"}],"wp:attachment":[{"href":"https:\/\/des-ers.infd.edu.ar\/sitio\/wp-json\/wp\/v2\/media?parent=2861"}],"curies":[{"name":"wp","href":"https:\/\/api.w.org\/{rel}","templated":true}]}}