{"id":2853,"date":"2018-07-03T13:16:13","date_gmt":"2018-07-03T16:16:13","guid":{"rendered":"https:\/\/des-ers.infd.edu.ar\/sitio\/formacion-docente-tecnicaturas\/"},"modified":"2021-09-14T12:57:40","modified_gmt":"2021-09-14T15:57:40","slug":"formacion-docente-tecnicaturas","status":"publish","type":"page","link":"https:\/\/des-ers.infd.edu.ar\/sitio\/formacion-docente-tecnicaturas\/","title":{"rendered":"Formaci\u00f3n Docente &#8211; Tecnicaturas"},"content":{"rendered":"\n<div class=\"wp-block-cover has-background-dim-10 has-background-dim has-background-gradient has-custom-content-position is-position-bottom-center\" style=\"min-height:59px\"><span aria-hidden=\"true\" class=\"wp-block-cover__gradient-background\" style=\"background:linear-gradient(135deg,rgb(122,220,180) 20%,rgb(0,208,130) 77%)\"><\/span><img decoding=\"async\" loading=\"lazy\" width=\"460\" height=\"306\" class=\"wp-block-cover__image-background wp-image-2426\" alt=\"\" src=\"https:\/\/des-ers.infd.edu.ar\/sitio\/wp-content\/uploads\/2018\/07\/formar_docentes.jpg\" style=\"object-position:71% 28%\" data-object-fit=\"cover\" data-object-position=\"71% 28%\"\/><div class=\"wp-block-cover__inner-container\">\n<p class=\"has-text-align-left has-large-font-size\">Formaci\u00f3n Docente &#8211; Tecnicaturas<\/p>\n<\/div><\/div>\n\n\n\n<hr class=\"wp-block-separator is-style-wide\"\/>\n\n\n\n<p><em>La pol\u00edtica educativa nacional y provincial, expresada en distintas normativas y documentos, reconoce a la educaci\u00f3n como una pol\u00edtica de estado, una prioridad provincial para construir una sociedad m\u00e1s justa reafirmar la soberan\u00eda, profundizar y enriquecer el ejercicio de la ciudadan\u00eda democr\u00e1tica, respetar los derechos humanos y las libertades &nbsp;fundamentales.<\/em><\/p>\n\n\n\n<hr class=\"wp-block-separator is-style-wide\"\/>\n\n\n\n<p>Las Leyes de Educaci\u00f3n Nacional y Provincial establecen que la Educaci\u00f3n Superior comprende, complementariamente, las Universidades e Institutos Universitarios y los Institutos de Educaci\u00f3n Superior sean de formaci\u00f3n docente, human\u00edstica, social,t\u00e9cnico profesional o art\u00edstica.<\/p>\n\n\n\n<p>En este sentido, el Consejo General de Educaci\u00f3n, a trav\u00e9s de la Direcci\u00f3n de Educaci\u00f3n Superior, asume su lugar indelegable frente a la Formaci\u00f3n Docente Inicial y a la Formaci\u00f3n de T\u00e9cnicos de Nivel Superior, por medio de distintas l\u00edneas de acci\u00f3n que se organizan en torno a un proyecto pol\u00edtico-pedag\u00f3gico de fortalecimiento de la institucionalidad de los dos subsistemas, la construcci\u00f3n concertada de la unidad de los mismos mediante pol\u00edticas p\u00fablicas encuadradas en las respectivas de los niveles Nacional, Federal y Provincial, con la participaci\u00f3n real de sus protagonistas, y la mejora sustantiva de la formaci\u00f3n inicial y continua de docentes y t\u00e9cnicos, en articulaci\u00f3n con el desarrollo social, cultural y econ\u00f3mico, local y provincial, y el conjunto del Sistema Educativo.<\/p>\n\n\n\n<p>El mapa de opciones de formaci\u00f3n de Nivel Superior en Entre R\u00edos da cuenta de la planificaci\u00f3n en la distribuci\u00f3n de carreras, para ofrecer&nbsp; junto a las universidades y a los institutos de gesti\u00f3n privada&nbsp;mayores posibilidades de acceso a los y las&nbsp; j\u00f3venes entrerrianos\/as&nbsp; por un lado, responder a los requerimientos del propio Sistema Educativo en los niveles obligatorios para su mejora, por otro, y promover el desarrollo productivo, social y cultural de las distintas regiones de la Provincia.<\/p>\n\n\n\n<p><\/p>\n\n\n\n<p class=\"has-text-align-right\"><strong>Direcci\u00f3n de Educaci\u00f3n Superior<\/strong><\/p>\n\n\n\n<p><\/p>\n\n\n\n<div class=\"wp-block-buttons is-content-justification-center is-layout-flex\">\n<div class=\"wp-block-button has-custom-width wp-block-button__width-75 is-style-outline\"><a class=\"wp-block-button__link no-border-radius\" href=\"https:\/\/des-ers.infd.edu.ar\/sitio\/institutos-y-carreras-por-departamentos\/\" target=\"_blank\" rel=\"noreferrer noopener\"><em>&gt; Institutos y Carreras por Departamentos<\/em><\/a><\/div>\n<\/div>\n","protected":false},"excerpt":{"rendered":"<p>La pol\u00edtica educativa nacional y provincial, expresada en distintas normativas y documentos, reconoce a la educaci\u00f3n como una pol\u00edtica de estado, una prioridad provincial para construir una sociedad m\u00e1s justa reafirmar la soberan\u00eda, profundizar y enriquecer el ejercicio de la ciudadan\u00eda democr\u00e1tica, respetar los derechos humanos y las libertades &nbsp;fundamentales. Las Leyes de Educaci\u00f3n Nacional &#8230; <a title=\"Formaci\u00f3n Docente &#8211; Tecnicaturas\" class=\"read-more\" href=\"https:\/\/des-ers.infd.edu.ar\/sitio\/formacion-docente-tecnicaturas\/\" aria-label=\"More on Formaci\u00f3n Docente &#8211; Tecnicaturas\">[+]<\/a><\/p>\n","protected":false},"author":15210,"featured_media":0,"parent":0,"menu_order":0,"comment_status":"closed","ping_status":"closed","template":"","meta":[],"acf":[],"_links":{"self":[{"href":"https:\/\/des-ers.infd.edu.ar\/sitio\/wp-json\/wp\/v2\/pages\/2853"}],"collection":[{"href":"https:\/\/des-ers.infd.edu.ar\/sitio\/wp-json\/wp\/v2\/pages"}],"about":[{"href":"https:\/\/des-ers.infd.edu.ar\/sitio\/wp-json\/wp\/v2\/types\/page"}],"author":[{"embeddable":true,"href":"https:\/\/des-ers.infd.edu.ar\/sitio\/wp-json\/wp\/v2\/users\/15210"}],"replies":[{"embeddable":true,"href":"https:\/\/des-ers.infd.edu.ar\/sitio\/wp-json\/wp\/v2\/comments?post=2853"}],"version-history":[{"count":6,"href":"https:\/\/des-ers.infd.edu.ar\/sitio\/wp-json\/wp\/v2\/pages\/2853\/revisions"}],"predecessor-version":[{"id":6848,"href":"https:\/\/des-ers.infd.edu.ar\/sitio\/wp-json\/wp\/v2\/pages\/2853\/revisions\/6848"}],"wp:attachment":[{"href":"https:\/\/des-ers.infd.edu.ar\/sitio\/wp-json\/wp\/v2\/media?parent=2853"}],"curies":[{"name":"wp","href":"https:\/\/api.w.org\/{rel}","templated":true}]}}